{"id":1545,"date":"2022-06-06T22:17:41","date_gmt":"2022-06-06T22:17:41","guid":{"rendered":"https:\/\/dirpromocion.salud-oaxaca.gob.mx\/?page_id=1545"},"modified":"2026-01-27T22:19:00","modified_gmt":"2026-01-27T22:19:00","slug":"comunicados","status":"publish","type":"page","link":"https:\/\/dirpromocion.salud-oaxaca.gob.mx\/index.php\/comunicados\/","title":{"rendered":"Comunicados"},"content":{"rendered":"\n<figure class=\"wp-block-image size-large has-custom-border\" style=\"margin-right:var(--wp--preset--spacing--80);margin-left:var(--wp--preset--spacing--80)\"><img loading=\"lazy\" decoding=\"async\" width=\"1024\" height=\"342\" src=\"https:\/\/dirpromocion.salud-oaxaca.gob.mx\/wp-content\/uploads\/2025\/11\/Comunicdos1-04-1024x342.png\" alt=\"\" class=\"wp-image-3640\" style=\"border-radius:42px\" srcset=\"https:\/\/dirpromocion.salud-oaxaca.gob.mx\/wp-content\/uploads\/2025\/11\/Comunicdos1-04-1024x342.png 1024w, https:\/\/dirpromocion.salud-oaxaca.gob.mx\/wp-content\/uploads\/2025\/11\/Comunicdos1-04-300x100.png 300w, https:\/\/dirpromocion.salud-oaxaca.gob.mx\/wp-content\/uploads\/2025\/11\/Comunicdos1-04-768x256.png 768w, https:\/\/dirpromocion.salud-oaxaca.gob.mx\/wp-content\/uploads\/2025\/11\/Comunicdos1-04-1536x513.png 1536w, https:\/\/dirpromocion.salud-oaxaca.gob.mx\/wp-content\/uploads\/2025\/11\/Comunicdos1-04-2048x684.png 2048w\" sizes=\"auto, (max-width: 1024px) 100vw, 1024px\" \/><\/figure>\n\n\n<h6 style=\"text-align: center;\"><em>\u201c2026, A\u00d1o DEL BICENTENARIO DEL NATALICIO DE MARGARITA MAZA PARADA, EJEMPLO DE DIGNIDAD, LEALTAD Y SERVICIO A LA NACI\u00d3N\u201d<\/em><\/h6>\n\n\n<div class=\"wp-block-columns is-layout-flex wp-container-core-columns-is-layout-1 wp-block-columns-is-layout-flex\">\n<div class=\"wp-block-column is-layout-flow wp-block-column-is-layout-flow\">\n<figure class=\"wp-block-image size-full\"><img loading=\"lazy\" decoding=\"async\" width=\"849\" height=\"533\" src=\"https:\/\/dirpromocion.salud-oaxaca.gob.mx\/wp-content\/uploads\/2025\/09\/certificacion.jpg\" alt=\"\" class=\"wp-image-3484\" srcset=\"https:\/\/dirpromocion.salud-oaxaca.gob.mx\/wp-content\/uploads\/2025\/09\/certificacion.jpg 849w, https:\/\/dirpromocion.salud-oaxaca.gob.mx\/wp-content\/uploads\/2025\/09\/certificacion-300x188.jpg 300w, https:\/\/dirpromocion.salud-oaxaca.gob.mx\/wp-content\/uploads\/2025\/09\/certificacion-768x482.jpg 768w\" sizes=\"auto, (max-width: 849px) 100vw, 849px\" \/><\/figure>\n\n\n\n<p class=\"has-ast-global-color-1-color has-text-color has-link-color wp-elements-ed11b058b3044bf8c052cc370b035850\"><em>Iza Bandera Blanca como S\u00edmbolo de Reconocimiento con Validez Federal.<\/em><\/p>\n\n\n\n<div class=\"wp-block-file\"><a id=\"wp-block-file--media-06f02c57-bf99-4d5f-8da2-3a52a23ed78f\" href=\"https:\/\/dirpromocion.salud-oaxaca.gob.mx\/wp-content\/uploads\/2025\/09\/17-de-septiembre-de-2025-Certifica-SSO-a-Rio-Modelo-de-Matias-Romero-como-Comunidad-Promotora-de-Salud.pdf\">17-de-septiembre-de-2025-Certifica-SSO-a-Rio-Modelo-de-Matias-Romero-como-Comunidad-Promotora-de-Salud<\/a><a href=\"https:\/\/dirpromocion.salud-oaxaca.gob.mx\/wp-content\/uploads\/2025\/09\/17-de-septiembre-de-2025-Certifica-SSO-a-Rio-Modelo-de-Matias-Romero-como-Comunidad-Promotora-de-Salud.pdf\" class=\"wp-block-file__button wp-element-button\" download aria-describedby=\"wp-block-file--media-06f02c57-bf99-4d5f-8da2-3a52a23ed78f\">Descarga<\/a><\/div>\n<\/div>\n\n\n\n<div class=\"wp-block-column is-layout-flow wp-block-column-is-layout-flow\">\n<figure data-wp-context=\"{&quot;imageId&quot;:&quot;69f9bc3d8d20b&quot;}\" data-wp-interactive=\"core\/image\" class=\"wp-block-image size-large wp-lightbox-container\"><img loading=\"lazy\" decoding=\"async\" width=\"1024\" height=\"576\" data-wp-class--hide=\"state.isContentHidden\" data-wp-class--show=\"state.isContentVisible\" data-wp-init=\"callbacks.setButtonStyles\" data-wp-on-async--click=\"actions.showLightbox\" data-wp-on-async--load=\"callbacks.setButtonStyles\" data-wp-on-async-window--resize=\"callbacks.setButtonStyles\" src=\"https:\/\/dirpromocion.salud-oaxaca.gob.mx\/wp-content\/uploads\/2025\/09\/Clausura-1024x576.jpeg\" alt=\"\" class=\"wp-image-3490\" srcset=\"https:\/\/dirpromocion.salud-oaxaca.gob.mx\/wp-content\/uploads\/2025\/09\/Clausura-1024x576.jpeg 1024w, https:\/\/dirpromocion.salud-oaxaca.gob.mx\/wp-content\/uploads\/2025\/09\/Clausura-300x169.jpeg 300w, https:\/\/dirpromocion.salud-oaxaca.gob.mx\/wp-content\/uploads\/2025\/09\/Clausura-768x432.jpeg 768w, https:\/\/dirpromocion.salud-oaxaca.gob.mx\/wp-content\/uploads\/2025\/09\/Clausura.jpeg 1280w\" sizes=\"auto, (max-width: 1024px) 100vw, 1024px\" \/><button\n\t\t\tclass=\"lightbox-trigger\"\n\t\t\ttype=\"button\"\n\t\t\taria-haspopup=\"dialog\"\n\t\t\taria-label=\"Ampliar la imagen\"\n\t\t\tdata-wp-init=\"callbacks.initTriggerButton\"\n\t\t\tdata-wp-on-async--click=\"actions.showLightbox\"\n\t\t\tdata-wp-style--right=\"state.imageButtonRight\"\n\t\t\tdata-wp-style--top=\"state.imageButtonTop\"\n\t\t>\n\t\t\t<svg xmlns=\"http:\/\/www.w3.org\/2000\/svg\" width=\"12\" height=\"12\" fill=\"none\" viewBox=\"0 0 12 12\">\n\t\t\t\t<path fill=\"#fff\" d=\"M2 0a2 2 0 0 0-2 2v2h1.5V2a.5.5 0 0 1 .5-.5h2V0H2Zm2 10.5H2a.5.5 0 0 1-.5-.5V8H0v2a2 2 0 0 0 2 2h2v-1.5ZM8 12v-1.5h2a.5.5 0 0 0 .5-.5V8H12v2a2 2 0 0 1-2 2H8Zm2-12a2 2 0 0 1 2 2v2h-1.5V2a.5.5 0 0 0-.5-.5H8V0h2Z\" \/>\n\t\t\t<\/svg>\n\t\t<\/button><\/figure>\n\n\n\n<p class=\"has-ast-global-color-1-color has-text-color has-link-color wp-elements-cafaac0302de8ca63f21812368cebcea\">C<em>on Alegria, Unidad y participaci\u00f3n ciudadana, se fortalece la estrategia Oaxaca Segura en favor de la Salud mental, la prevenci\u00f3n y la reconstrucci\u00f3n del tejido social.<\/em><\/p>\n\n\n\n<div class=\"wp-block-file\"><a id=\"wp-block-file--media-18abe9fa-a92c-4383-8ec1-ddc2adfd62aa\" href=\"https:\/\/dirpromocion.salud-oaxaca.gob.mx\/wp-content\/uploads\/2025\/09\/Clausura.png\">Clausura<\/a><a href=\"https:\/\/dirpromocion.salud-oaxaca.gob.mx\/wp-content\/uploads\/2025\/09\/Clausura.png\" class=\"wp-block-file__button wp-element-button\" download aria-describedby=\"wp-block-file--media-18abe9fa-a92c-4383-8ec1-ddc2adfd62aa\">Descarga<\/a><\/div>\n<\/div>\n\n\n\n<div class=\"wp-block-column is-layout-flow wp-block-column-is-layout-flow\">\n<figure class=\"wp-block-image size-large\"><img loading=\"lazy\" decoding=\"async\" width=\"1024\" height=\"402\" src=\"https:\/\/dirpromocion.salud-oaxaca.gob.mx\/wp-content\/uploads\/2025\/10\/25-de-septiembre-de-2025-Con-innovacion-tecnologica-Oaxaca-se-fortalece-en-la-lucha-contra-el-dengue-SSO-1024x402.png\" alt=\"\" class=\"wp-image-3523\" srcset=\"https:\/\/dirpromocion.salud-oaxaca.gob.mx\/wp-content\/uploads\/2025\/10\/25-de-septiembre-de-2025-Con-innovacion-tecnologica-Oaxaca-se-fortalece-en-la-lucha-contra-el-dengue-SSO-1024x402.png 1024w, https:\/\/dirpromocion.salud-oaxaca.gob.mx\/wp-content\/uploads\/2025\/10\/25-de-septiembre-de-2025-Con-innovacion-tecnologica-Oaxaca-se-fortalece-en-la-lucha-contra-el-dengue-SSO-300x118.png 300w, https:\/\/dirpromocion.salud-oaxaca.gob.mx\/wp-content\/uploads\/2025\/10\/25-de-septiembre-de-2025-Con-innovacion-tecnologica-Oaxaca-se-fortalece-en-la-lucha-contra-el-dengue-SSO-768x302.png 768w, https:\/\/dirpromocion.salud-oaxaca.gob.mx\/wp-content\/uploads\/2025\/10\/25-de-septiembre-de-2025-Con-innovacion-tecnologica-Oaxaca-se-fortalece-en-la-lucha-contra-el-dengue-SSO.png 1141w\" sizes=\"auto, (max-width: 1024px) 100vw, 1024px\" \/><\/figure>\n\n\n\n<p class=\"has-ast-global-color-1-color has-text-color has-link-color wp-elements-2b96fc62769284f03ebe9a56bab6ddce\"><em>Con innovaci\u00f3n tecnol\u00f3gica, Oaxaca se fortalece en la lucha contra el dengue: SSO * \u2060 Se trata de la estrategia Wolbachia que se aplicar\u00e1 como m\u00e9todo biol\u00f3gico de control del mosco transmisor * Al corte de la semana epidemiol\u00f3gica 38, Oaxaca registra un total de 172 casos en toda la entidad<\/em><\/p>\n\n\n\n<div class=\"wp-block-file\"><a id=\"wp-block-file--media-b2186331-87e9-4088-b30e-bed657b59592\" href=\"https:\/\/dirpromocion.salud-oaxaca.gob.mx\/wp-content\/uploads\/2025\/10\/25-de-septiembre-de-2025-Con-innovacion-tecnologica-Oaxaca-se-fortalece-en-la-lucha-contra-el-dengue-SSO.pdf\">25-de-septiembre-de-2025-Con-innovacion-tecnologica-Oaxaca-se-fortalece-en-la-lucha-contra-el-dengue-SSO<\/a><a href=\"https:\/\/dirpromocion.salud-oaxaca.gob.mx\/wp-content\/uploads\/2025\/10\/25-de-septiembre-de-2025-Con-innovacion-tecnologica-Oaxaca-se-fortalece-en-la-lucha-contra-el-dengue-SSO.pdf\" class=\"wp-block-file__button wp-element-button\" download aria-describedby=\"wp-block-file--media-b2186331-87e9-4088-b30e-bed657b59592\">Descarga<\/a><\/div>\n<\/div>\n<\/div>\n\n\n\n<div class=\"wp-block-columns is-layout-flex wp-container-core-columns-is-layout-2 wp-block-columns-is-layout-flex\">\n<div class=\"wp-block-column is-layout-flow wp-block-column-is-layout-flow\">\n<p class=\"has-ast-global-color-1-color has-text-color has-link-color has-medium-font-size wp-elements-f9f045bdd8cdf620a963f3053cfa02b4\"><strong>Imparte SSO curso de buenas pr\u00e1cticas de higiene en el manejo de alimentos<\/strong><\/p>\n\n\n\n<p>\u2022 Personas expendedoras y manipuladoras de alimentos reforzaron sus conocimientos para cuidar la salud de la poblaci\u00f3n<\/p>\n\n\n\n<p>Oaxaca de Ju\u00e1rez, Oax. 22 de enero de 2025.- Con el objetivo de prevenir la contaminaci\u00f3n por bacterias, virus y pat\u00f3genos responsables de enfermedades transmitidas por alimentos, <a href=\"https:\/\/www.facebook.com\/ssogoboax?__cft__[0]=AZXXErPWGZBF7OpwPdEtaC-zvucqosHIGuSYcbvJsS21ihkZ9i4-5INciDdqUtHVFTlm6sNs9Vr6PtBscqNmkICjoy5eVUv0zHDPF3QXxb7W_NcNQ5dF69plBzeykOwZ6XL9Pzv8wjnvMWbEn7NI3DKi-vn4E4MpxdA7vlL9U8-Jljcqv6VFJ2MS8os9MB-SeOE&amp;__tn__=-]K-R\">Servicios de Salud de Oaxaca<\/a>, a trav\u00e9s de la <a href=\"https:\/\/www.facebook.com\/jurisdiccionsanitariavallescentrales?__cft__[0]=AZXXErPWGZBF7OpwPdEtaC-zvucqosHIGuSYcbvJsS21ihkZ9i4-5INciDdqUtHVFTlm6sNs9Vr6PtBscqNmkICjoy5eVUv0zHDPF3QXxb7W_NcNQ5dF69plBzeykOwZ6XL9Pzv8wjnvMWbEn7NI3DKi-vn4E4MpxdA7vlL9U8-Jljcqv6VFJ2MS8os9MB-SeOE&amp;__tn__=-]K-R\">Jurisdicci\u00f3n Sanitaria Valles Centrales<\/a>, imparti\u00f3 el curso de <a><\/a>Buenas Pr\u00e1cticas de Higiene en Materia de Inocuidad.<\/p>\n\n\n\n<p>La jefa jurisdiccional, Aurelia Guerra Mart\u00ednez destac\u00f3 que esta capacitaci\u00f3n dirigida a personas propietarias y responsables de establecimientos de alimentos y bebidas, est\u00e1 basada en la norma NOM-251-SSA1-2009, que establece lineamientos para garantizar que los productos sean seguros e higi\u00e9nicos durante toda la cadena de elaboraci\u00f3n.<\/p>\n\n\n\n<p>Indic\u00f3 que el compromiso del encargado de despacho de SSO, Efr\u00e9n Emmanuel Jarqu\u00edn Gonz\u00e1lez, es brindar a la poblaci\u00f3n la certeza de que no corren riesgos para su salud al consumir alimentos en los establecimientos.<\/p>\n\n\n\n<p>Entre los temas abordados destacan: Peligros de los alimentos, Tipos de contaminaci\u00f3n, Enfermedades Transmitidas por Alimentos (ETA) y Medidas higi\u00e9nicas para prevenir contaminaci\u00f3n.<\/p>\n\n\n\n<p>La funcionaria record\u00f3 que esta capacitaci\u00f3n es obligatoria para establecimientos como restaurantes, cafeter\u00edas, taquer\u00edas, comedores, purificadoras de agua, cooperativas escolares, entre otros; que manejan alimentos o bebidas destinados a las y los consumidores.<\/p>\n\n\n\n<p>Exhort\u00f3 a las personas interesadas a asistir a los cursos que se realizan los d\u00edas mi\u00e9rcoles, a las 12:00 horas, en las oficinas de la Jurisdicci\u00f3n Sanitaria, ubicadas en calle Puerto Escondido 708, colonia Eliseo Jim\u00e9nez Ruiz.<\/p>\n\n\n\n<p>Para presentarse se requiere: una fotograf\u00eda tama\u00f1o infantil, as\u00ed como la l\u00ednea de captura y recibo de pago del curso. El pago de la constancia debe realizarse exclusivamente a trav\u00e9s de la p\u00e1gina oficial de la Secretar\u00eda de Finanzas del Gobierno del Estado: <a href=\"https:\/\/siox.finanzasoaxaca.gob.mx\/pagos?fbclid=IwZXh0bgNhZW0CMTAAAR3dBX26Ig1dHqz_ekWSNO7Wkf7TvgQR6Wp5MYevNBOglaVeoV6HBam-8iA_aem_YLjqbAv9IwPaae0xjyiq6Q\" rel=\"noreferrer noopener\" target=\"_blank\">https:\/\/siox.finanzasoaxaca.gob.mx\/pagos<\/a>, ya que el personal de la instituci\u00f3n no est\u00e1 facultado para realizar este tr\u00e1mite.<\/p>\n\n\n\n<p>Cabe destacar que, en 2024, la Jurisdicci\u00f3n Sanitaria 1 Valles Centrales otorg\u00f3 m\u00e1s de mil 900 constancias a quienes cumplieron con la capacitaci\u00f3n, demostrando su compromiso con la salud y seguridad alimentaria en Oaxaca.<\/p>\n<\/div>\n<\/div>\n\n\n\n<figure class=\"wp-block-gallery has-nested-images columns-default is-cropped wp-block-gallery-1 is-layout-flex wp-block-gallery-is-layout-flex\">\n<figure class=\"wp-block-image size-large\"><img loading=\"lazy\" decoding=\"async\" width=\"1024\" height=\"677\" data-id=\"3257\" src=\"https:\/\/dirpromocion.salud-oaxaca.gob.mx\/wp-content\/uploads\/2025\/01\/Capacitacion-3-1024x677.jpg\" alt=\"\" class=\"wp-image-3257\" srcset=\"https:\/\/dirpromocion.salud-oaxaca.gob.mx\/wp-content\/uploads\/2025\/01\/Capacitacion-3-1024x677.jpg 1024w, https:\/\/dirpromocion.salud-oaxaca.gob.mx\/wp-content\/uploads\/2025\/01\/Capacitacion-3-300x198.jpg 300w, https:\/\/dirpromocion.salud-oaxaca.gob.mx\/wp-content\/uploads\/2025\/01\/Capacitacion-3-768x508.jpg 768w, https:\/\/dirpromocion.salud-oaxaca.gob.mx\/wp-content\/uploads\/2025\/01\/Capacitacion-3-1536x1015.jpg 1536w, https:\/\/dirpromocion.salud-oaxaca.gob.mx\/wp-content\/uploads\/2025\/01\/Capacitacion-3.jpg 1599w\" sizes=\"auto, (max-width: 1024px) 100vw, 1024px\" \/><\/figure>\n\n\n\n<figure class=\"wp-block-image size-large\"><img loading=\"lazy\" decoding=\"async\" width=\"900\" height=\"512\" data-id=\"3258\" src=\"https:\/\/dirpromocion.salud-oaxaca.gob.mx\/wp-content\/uploads\/2025\/01\/Capacitacion-2.jpg\" alt=\"\" class=\"wp-image-3258\" srcset=\"https:\/\/dirpromocion.salud-oaxaca.gob.mx\/wp-content\/uploads\/2025\/01\/Capacitacion-2.jpg 900w, https:\/\/dirpromocion.salud-oaxaca.gob.mx\/wp-content\/uploads\/2025\/01\/Capacitacion-2-300x171.jpg 300w, https:\/\/dirpromocion.salud-oaxaca.gob.mx\/wp-content\/uploads\/2025\/01\/Capacitacion-2-768x437.jpg 768w\" sizes=\"auto, (max-width: 900px) 100vw, 900px\" \/><\/figure>\n\n\n\n<figure class=\"wp-block-image size-large\"><img loading=\"lazy\" decoding=\"async\" width=\"900\" height=\"492\" data-id=\"3256\" src=\"https:\/\/dirpromocion.salud-oaxaca.gob.mx\/wp-content\/uploads\/2025\/01\/Capacitacion-1.jpg\" alt=\"\" class=\"wp-image-3256\" srcset=\"https:\/\/dirpromocion.salud-oaxaca.gob.mx\/wp-content\/uploads\/2025\/01\/Capacitacion-1.jpg 900w, https:\/\/dirpromocion.salud-oaxaca.gob.mx\/wp-content\/uploads\/2025\/01\/Capacitacion-1-300x164.jpg 300w, https:\/\/dirpromocion.salud-oaxaca.gob.mx\/wp-content\/uploads\/2025\/01\/Capacitacion-1-768x420.jpg 768w\" sizes=\"auto, (max-width: 900px) 100vw, 900px\" \/><\/figure>\n<\/figure>\n\n\n\n<div class=\"wp-block-group alignwide is-layout-constrained wp-block-group-is-layout-constrained\">\n<figure class=\"wp-block-image aligncenter size-full is-resized\"><a href=\"https:\/\/dirpromocion.salud-oaxaca.gob.mx\/\"><img loading=\"lazy\" decoding=\"async\" width=\"252\" height=\"220\" src=\"http:\/\/dirpromocion.salud-oaxaca.gob.mx\/wp-content\/uploads\/2024\/11\/inicio.jpeg\" alt=\"\" class=\"wp-image-2922\" style=\"width:69px\"\/><\/a><\/figure>\n\n\n\n<h3 class=\"wp-block-heading\">Ejes de Gobierno<\/h3>\n\n\n\n<hr class=\"wp-block-separator has-alpha-channel-opacity is-style-wide\" style=\"border-color: #942850\"\/>\n\n\n\n<div class=\"wp-block-columns is-layout-flex wp-container-core-columns-is-layout-3 wp-block-columns-is-layout-flex\">\n<div class=\"wp-block-column is-layout-flow wp-block-column-is-layout-flow\">\n<figure class=\"wp-block-image size-full is-resized\"><img loading=\"lazy\" decoding=\"async\" width=\"881\" height=\"292\" src=\"http:\/\/dirpromocion.salud-oaxaca.gob.mx\/wp-content\/uploads\/2024\/12\/EJE_01_PS.png\" alt=\"\" class=\"wp-image-3175\" style=\"width:auto;height:100px\" srcset=\"https:\/\/dirpromocion.salud-oaxaca.gob.mx\/wp-content\/uploads\/2024\/12\/EJE_01_PS.png 881w, https:\/\/dirpromocion.salud-oaxaca.gob.mx\/wp-content\/uploads\/2024\/12\/EJE_01_PS-300x99.png 300w, https:\/\/dirpromocion.salud-oaxaca.gob.mx\/wp-content\/uploads\/2024\/12\/EJE_01_PS-768x255.png 768w\" sizes=\"auto, (max-width: 881px) 100vw, 881px\" \/><\/figure>\n<\/div>\n\n\n\n<div class=\"wp-block-column is-layout-flow wp-block-column-is-layout-flow\">\n<figure class=\"wp-block-image size-full is-resized\"><img loading=\"lazy\" decoding=\"async\" width=\"855\" height=\"299\" src=\"http:\/\/dirpromocion.salud-oaxaca.gob.mx\/wp-content\/uploads\/2024\/12\/EJE_03_RH.png\" alt=\"\" class=\"wp-image-3176\" style=\"width:auto;height:100px\" srcset=\"https:\/\/dirpromocion.salud-oaxaca.gob.mx\/wp-content\/uploads\/2024\/12\/EJE_03_RH.png 855w, https:\/\/dirpromocion.salud-oaxaca.gob.mx\/wp-content\/uploads\/2024\/12\/EJE_03_RH-300x105.png 300w, https:\/\/dirpromocion.salud-oaxaca.gob.mx\/wp-content\/uploads\/2024\/12\/EJE_03_RH-768x269.png 768w\" sizes=\"auto, (max-width: 855px) 100vw, 855px\" \/><\/figure>\n<\/div>\n\n\n\n<div class=\"wp-block-column is-layout-flow wp-block-column-is-layout-flow\">\n<figure class=\"wp-block-image size-large is-resized\"><img loading=\"lazy\" decoding=\"async\" width=\"1024\" height=\"338\" src=\"http:\/\/dirpromocion.salud-oaxaca.gob.mx\/wp-content\/uploads\/2024\/12\/EJE_04_DIS-1024x338.png\" alt=\"\" class=\"wp-image-3177\" style=\"width:auto;height:100px\" srcset=\"https:\/\/dirpromocion.salud-oaxaca.gob.mx\/wp-content\/uploads\/2024\/12\/EJE_04_DIS-1024x338.png 1024w, https:\/\/dirpromocion.salud-oaxaca.gob.mx\/wp-content\/uploads\/2024\/12\/EJE_04_DIS-300x99.png 300w, https:\/\/dirpromocion.salud-oaxaca.gob.mx\/wp-content\/uploads\/2024\/12\/EJE_04_DIS-768x253.png 768w, https:\/\/dirpromocion.salud-oaxaca.gob.mx\/wp-content\/uploads\/2024\/12\/EJE_04_DIS.png 1140w\" sizes=\"auto, (max-width: 1024px) 100vw, 1024px\" \/><\/figure>\n<\/div>\n<\/div>\n\n\n\n<figure class=\"wp-block-image aligncenter size-full is-resized\"><img loading=\"lazy\" decoding=\"async\" width=\"925\" height=\"182\" src=\"http:\/\/dirpromocion.salud-oaxaca.gob.mx\/wp-content\/uploads\/2024\/11\/Haciendo-Historia.png\" alt=\"\" class=\"wp-image-2921\" style=\"width:337px\" srcset=\"https:\/\/dirpromocion.salud-oaxaca.gob.mx\/wp-content\/uploads\/2024\/11\/Haciendo-Historia.png 925w, https:\/\/dirpromocion.salud-oaxaca.gob.mx\/wp-content\/uploads\/2024\/11\/Haciendo-Historia-300x59.png 300w, https:\/\/dirpromocion.salud-oaxaca.gob.mx\/wp-content\/uploads\/2024\/11\/Haciendo-Historia-768x151.png 768w\" sizes=\"auto, (max-width: 925px) 100vw, 925px\" \/><\/figure>\n<\/div>\n","protected":false},"excerpt":{"rendered":"<p>\u201c2026, A\u00d1o DEL BICENTENARIO DEL NATALICIO DE MARGARITA MAZA PARADA, EJEMPLO DE DIGNIDAD, LEALTAD Y SERVICIO A LA NACI\u00d3N\u201d Iza [&hellip;]<\/p>\n","protected":false},"author":1,"featured_media":0,"parent":0,"menu_order":0,"comment_status":"closed","ping_status":"closed","template":"","meta":{"site-sidebar-layout":"default","site-content-layout":"","ast-site-content-layout":"","site-content-style":"default","site-sidebar-style":"default","ast-global-header-display":"","ast-banner-title-visibility":"","ast-main-header-display":"","ast-hfb-above-header-display":"","ast-hfb-below-header-display":"","ast-hfb-mobile-header-display":"","site-post-title":"disabled","ast-breadcrumbs-content":"","ast-featured-img":"","footer-sml-layout":"","theme-transparent-header-meta":"","adv-header-id-meta":"","stick-header-meta":"","header-above-stick-meta":"","header-main-stick-meta":"","header-below-stick-meta":"","astra-migrate-meta-layouts":"default","ast-page-background-enabled":"default","ast-page-background-meta":{"desktop":{"background-color":"var(--ast-global-color-4)","background-image":"","background-repeat":"repeat","background-position":"center center","background-size":"auto","background-attachment":"scroll","background-type":"","background-media":"","overlay-type":"","overlay-color":"","overlay-opacity":"","overlay-gradient":""},"tablet":{"background-color":"","background-image":"","background-repeat":"repeat","background-position":"center center","background-size":"auto","background-attachment":"scroll","background-type":"","background-media":"","overlay-type":"","overlay-color":"","overlay-opacity":"","overlay-gradient":""},"mobile":{"background-color":"","background-image":"","background-repeat":"repeat","background-position":"center center","background-size":"auto","background-attachment":"scroll","background-type":"","background-media":"","overlay-type":"","overlay-color":"","overlay-opacity":"","overlay-gradient":""}},"ast-content-background-meta":{"desktop":{"background-color":"var(--ast-global-color-5)","background-image":"","background-repeat":"repeat","background-position":"center center","background-size":"auto","background-attachment":"scroll","background-type":"","background-media":"","overlay-type":"","overlay-color":"","overlay-opacity":"","overlay-gradient":""},"tablet":{"background-color":"var(--ast-global-color-5)","background-image":"","background-repeat":"repeat","background-position":"center center","background-size":"auto","background-attachment":"scroll","background-type":"","background-media":"","overlay-type":"","overlay-color":"","overlay-opacity":"","overlay-gradient":""},"mobile":{"background-color":"var(--ast-global-color-5)","background-image":"","background-repeat":"repeat","background-position":"center center","background-size":"auto","background-attachment":"scroll","background-type":"","background-media":"","overlay-type":"","overlay-color":"","overlay-opacity":"","overlay-gradient":""}},"footnotes":""},"class_list":["post-1545","page","type-page","status-publish","hentry"],"_links":{"self":[{"href":"https:\/\/dirpromocion.salud-oaxaca.gob.mx\/index.php\/wp-json\/wp\/v2\/pages\/1545","targetHints":{"allow":["GET"]}}],"collection":[{"href":"https:\/\/dirpromocion.salud-oaxaca.gob.mx\/index.php\/wp-json\/wp\/v2\/pages"}],"about":[{"href":"https:\/\/dirpromocion.salud-oaxaca.gob.mx\/index.php\/wp-json\/wp\/v2\/types\/page"}],"author":[{"embeddable":true,"href":"https:\/\/dirpromocion.salud-oaxaca.gob.mx\/index.php\/wp-json\/wp\/v2\/users\/1"}],"replies":[{"embeddable":true,"href":"https:\/\/dirpromocion.salud-oaxaca.gob.mx\/index.php\/wp-json\/wp\/v2\/comments?post=1545"}],"version-history":[{"count":27,"href":"https:\/\/dirpromocion.salud-oaxaca.gob.mx\/index.php\/wp-json\/wp\/v2\/pages\/1545\/revisions"}],"predecessor-version":[{"id":3694,"href":"https:\/\/dirpromocion.salud-oaxaca.gob.mx\/index.php\/wp-json\/wp\/v2\/pages\/1545\/revisions\/3694"}],"wp:attachment":[{"href":"https:\/\/dirpromocion.salud-oaxaca.gob.mx\/index.php\/wp-json\/wp\/v2\/media?parent=1545"}],"curies":[{"name":"wp","href":"https:\/\/api.w.org\/{rel}","templated":true}]}}