{"id":1728,"date":"2022-07-04T19:10:27","date_gmt":"2022-07-04T19:10:27","guid":{"rendered":"https:\/\/dirpromocion.salud-oaxaca.gob.mx\/?page_id=1728"},"modified":"2025-01-06T16:24:18","modified_gmt":"2025-01-06T16:24:18","slug":"centro-de-atencion-primaria-en-adicciones","status":"publish","type":"page","link":"https:\/\/dirpromocion.salud-oaxaca.gob.mx\/index.php\/centro-de-atencion-primaria-en-adicciones\/","title":{"rendered":"Centro de Atenci\u00f3n Primaria en Adicciones"},"content":{"rendered":"<h5 style=\"text-align: right;\">\u201c2025, BICENTENARIO DE LA CONSTITUCI\u00d3N POL\u00cdTICA DEL ESTADO LIBRE Y SOBERANO DE OAXACA\u201d<\/h5>\n<h3 style=\"text-align: center;\"><span style=\"color: #993300;\"><strong>Centros de Atenci\u00f3n Primaria en Adicciones<\/strong><\/span><\/h3>\n<h3 style=\"text-align: center;\"><span style=\"color: #993300;\"><strong>(UNEME CAPA)<\/strong><\/span><\/h3>\n<p><strong>\u00a0<\/strong><\/p>\n<p><span style=\"color: #008080;\"><strong>OBJETIVO GENERAL DE UNEMES CAPA<\/strong><\/span><\/p>\n<h3><span style=\"color: #008080;\"><strong>\u00a0<\/strong><strong>Objetivo general<\/strong><\/span><\/h3>\n<p><strong>\u00a0<\/strong>Ofrecer a la comunidad un modelo de intervenci\u00f3n para la atenci\u00f3n del consumo de sustancias y los trastornos prioritarios de salud mental, que contemple desde la prevenci\u00f3n, la promoci\u00f3n de la salud y el tratamiento ambulatorio, basado en los derechos humanos, las determinantes sociales de la salud y el curso de vida, as\u00ed como la adecuada referencia a instituciones m\u00e1s especializadas cuando se requiera.<\/p>\n<p>\u00a0<\/p>\n<h3><span style=\"color: #008080;\"><strong>Objetivos espec\u00edficos<\/strong><\/span><\/h3>\n<ol start=\"2\">\n<li>Detectar y atender los factores de riesgo asociados con el consumo de sustancias psicoactivas y el desarrollo de trastornos prioritarios de salud mental en la comunidad.<\/li>\n<li>Identificar de forma temprana a personas que presentan indicadores de riesgo en el consumo de sustancias y trastornos prioritarios de salud mental.<\/li>\n<li>Intervenir de manera oportuna con grupos de riesgo, con la finalidad de que no desarrollen un problema de abuso de sustancias o un trastorno prioritario de salud mental.<\/li>\n<li>Disminuir la incidencia en el consumo de alcohol, tabaco y otras sustancias psicoactivas, as\u00ed como fomentar los factores protectores de la salud mental en la comunidad.<\/li>\n<\/ol>\n<p>\u00a0<\/p>\n<h3><span style=\"color: #008080;\"><strong>Promoci\u00f3n y prevenci\u00f3n<\/strong><strong>\u00a0<\/strong><\/span><\/h3>\n<p>El objetivo de la prevenci\u00f3n y promoci\u00f3n de la salud es actuar en el seno de la comunidad; en escuelas, con alumnos, con docentes, padres de familia, organizaciones de la sociedad civil, organismos gubernamentales, unidades del sector salud, entre otros, para capacitarlos en modelos preventivos, detectar redes sociales de apoyo y coordinar su operaci\u00f3n.<\/p>\n<p>Las actividades de promoci\u00f3n de la salud y prevenci\u00f3n del consumo de sustancias psicoactivas y los trastornos mentales, pueden ser tanto dentro de las UNEME CAPA (actividades intramuros) como fuera de las instalaciones (actividades extramuros). A continuaci\u00f3n, se describen de manera general las actividades realizadas en cada una de estas modalidades.<\/p>\n<p>\u00a0<\/p>\n<p style=\"text-align: center;\"><a href=\"http:\/\/dirpromocion.salud-oaxaca.gob.mx\/wp-content\/uploads\/2022\/07\/directorio-uneme-01.jpg\" target=\"_blank\" rel=\"noopener\"><br \/><img loading=\"lazy\" decoding=\"async\" class=\"wp-image-1918\" src=\"http:\/\/dirpromocion.salud-oaxaca.gob.mx\/wp-content\/uploads\/2022\/07\/directorio-uneme-01.jpg\" alt=\"\" width=\"574\" height=\"1084\" srcset=\"https:\/\/dirpromocion.salud-oaxaca.gob.mx\/wp-content\/uploads\/2022\/07\/directorio-uneme-01.jpg 1275w, https:\/\/dirpromocion.salud-oaxaca.gob.mx\/wp-content\/uploads\/2022\/07\/directorio-uneme-01-159x300.jpg 159w, https:\/\/dirpromocion.salud-oaxaca.gob.mx\/wp-content\/uploads\/2022\/07\/directorio-uneme-01-768x1450.jpg 768w, https:\/\/dirpromocion.salud-oaxaca.gob.mx\/wp-content\/uploads\/2022\/07\/directorio-uneme-01-542x1024.jpg 542w\" sizes=\"auto, (max-width: 574px) 100vw, 574px\" \/><\/a><\/p>\n\n\n<div class=\"wp-block-group alignwide is-layout-constrained wp-block-group-is-layout-constrained\">\n<figure class=\"wp-block-image aligncenter size-full is-resized\"><a href=\"https:\/\/dirpromocion.salud-oaxaca.gob.mx\/\"><img loading=\"lazy\" decoding=\"async\" width=\"252\" height=\"220\" src=\"http:\/\/dirpromocion.salud-oaxaca.gob.mx\/wp-content\/uploads\/2024\/11\/inicio.jpeg\" alt=\"\" class=\"wp-image-2922\" style=\"width:69px\"\/><\/a><\/figure>\n\n\n\n<h3 class=\"wp-block-heading\">Ejes de Gobierno<\/h3>\n\n\n\n<hr class=\"wp-block-separator has-alpha-channel-opacity is-style-wide\" style=\"border-color: #942850\"\/>\n\n\n\n<div class=\"wp-block-columns is-layout-flex wp-container-core-columns-is-layout-1 wp-block-columns-is-layout-flex\">\n<div class=\"wp-block-column is-layout-flow wp-block-column-is-layout-flow\">\n<figure class=\"wp-block-image size-full is-resized\"><img loading=\"lazy\" decoding=\"async\" width=\"881\" height=\"292\" src=\"http:\/\/dirpromocion.salud-oaxaca.gob.mx\/wp-content\/uploads\/2024\/12\/EJE_01_PS.png\" alt=\"\" class=\"wp-image-3175\" style=\"width:auto;height:100px\" srcset=\"https:\/\/dirpromocion.salud-oaxaca.gob.mx\/wp-content\/uploads\/2024\/12\/EJE_01_PS.png 881w, https:\/\/dirpromocion.salud-oaxaca.gob.mx\/wp-content\/uploads\/2024\/12\/EJE_01_PS-300x99.png 300w, https:\/\/dirpromocion.salud-oaxaca.gob.mx\/wp-content\/uploads\/2024\/12\/EJE_01_PS-768x255.png 768w\" sizes=\"auto, (max-width: 881px) 100vw, 881px\" \/><\/figure>\n<\/div>\n\n\n\n<div class=\"wp-block-column is-layout-flow wp-block-column-is-layout-flow\">\n<figure class=\"wp-block-image size-full is-resized\"><img loading=\"lazy\" decoding=\"async\" width=\"855\" height=\"299\" src=\"http:\/\/dirpromocion.salud-oaxaca.gob.mx\/wp-content\/uploads\/2024\/12\/EJE_03_RH.png\" alt=\"\" class=\"wp-image-3176\" style=\"width:auto;height:100px\" srcset=\"https:\/\/dirpromocion.salud-oaxaca.gob.mx\/wp-content\/uploads\/2024\/12\/EJE_03_RH.png 855w, https:\/\/dirpromocion.salud-oaxaca.gob.mx\/wp-content\/uploads\/2024\/12\/EJE_03_RH-300x105.png 300w, https:\/\/dirpromocion.salud-oaxaca.gob.mx\/wp-content\/uploads\/2024\/12\/EJE_03_RH-768x269.png 768w\" sizes=\"auto, (max-width: 855px) 100vw, 855px\" \/><\/figure>\n<\/div>\n\n\n\n<div class=\"wp-block-column is-layout-flow wp-block-column-is-layout-flow\">\n<figure class=\"wp-block-image size-large is-resized\"><img loading=\"lazy\" decoding=\"async\" width=\"1024\" height=\"338\" src=\"http:\/\/dirpromocion.salud-oaxaca.gob.mx\/wp-content\/uploads\/2024\/12\/EJE_04_DIS-1024x338.png\" alt=\"\" class=\"wp-image-3177\" style=\"width:auto;height:100px\" srcset=\"https:\/\/dirpromocion.salud-oaxaca.gob.mx\/wp-content\/uploads\/2024\/12\/EJE_04_DIS-1024x338.png 1024w, https:\/\/dirpromocion.salud-oaxaca.gob.mx\/wp-content\/uploads\/2024\/12\/EJE_04_DIS-300x99.png 300w, https:\/\/dirpromocion.salud-oaxaca.gob.mx\/wp-content\/uploads\/2024\/12\/EJE_04_DIS-768x253.png 768w, https:\/\/dirpromocion.salud-oaxaca.gob.mx\/wp-content\/uploads\/2024\/12\/EJE_04_DIS.png 1140w\" sizes=\"auto, (max-width: 1024px) 100vw, 1024px\" \/><\/figure>\n<\/div>\n<\/div>\n\n\n\n<figure class=\"wp-block-image aligncenter size-full is-resized\"><img loading=\"lazy\" decoding=\"async\" width=\"925\" height=\"182\" src=\"http:\/\/dirpromocion.salud-oaxaca.gob.mx\/wp-content\/uploads\/2024\/11\/Haciendo-Historia.png\" alt=\"\" class=\"wp-image-2921\" style=\"width:337px\" srcset=\"https:\/\/dirpromocion.salud-oaxaca.gob.mx\/wp-content\/uploads\/2024\/11\/Haciendo-Historia.png 925w, https:\/\/dirpromocion.salud-oaxaca.gob.mx\/wp-content\/uploads\/2024\/11\/Haciendo-Historia-300x59.png 300w, https:\/\/dirpromocion.salud-oaxaca.gob.mx\/wp-content\/uploads\/2024\/11\/Haciendo-Historia-768x151.png 768w\" sizes=\"auto, (max-width: 925px) 100vw, 925px\" \/><\/figure>\n<\/div>\n","protected":false},"excerpt":{"rendered":"<p>\u201c2025, BICENTENARIO DE LA CONSTITUCI\u00d3N POL\u00cdTICA DEL ESTADO LIBRE Y SOBERANO DE OAXACA\u201d Centros de Atenci\u00f3n Primaria en Adicciones (UNEME [&hellip;]<\/p>\n","protected":false},"author":1,"featured_media":0,"parent":0,"menu_order":0,"comment_status":"closed","ping_status":"closed","template":"","meta":{"site-sidebar-layout":"default","site-content-layout":"","ast-site-content-layout":"","site-content-style":"default","site-sidebar-style":"default","ast-global-header-display":"","ast-banner-title-visibility":"","ast-main-header-display":"","ast-hfb-above-header-display":"","ast-hfb-below-header-display":"","ast-hfb-mobile-header-display":"","site-post-title":"","ast-breadcrumbs-content":"","ast-featured-img":"","footer-sml-layout":"","theme-transparent-header-meta":"","adv-header-id-meta":"","stick-header-meta":"","header-above-stick-meta":"","header-main-stick-meta":"","header-below-stick-meta":"","astra-migrate-meta-layouts":"default","ast-page-background-enabled":"default","ast-page-background-meta":{"desktop":{"background-color":"var(--ast-global-color-4)","background-image":"","background-repeat":"repeat","background-position":"center center","background-size":"auto","background-attachment":"scroll","background-type":"","background-media":"","overlay-type":"","overlay-color":"","overlay-opacity":"","overlay-gradient":""},"tablet":{"background-color":"","background-image":"","background-repeat":"repeat","background-position":"center center","background-size":"auto","background-attachment":"scroll","background-type":"","background-media":"","overlay-type":"","overlay-color":"","overlay-opacity":"","overlay-gradient":""},"mobile":{"background-color":"","background-image":"","background-repeat":"repeat","background-position":"center center","background-size":"auto","background-attachment":"scroll","background-type":"","background-media":"","overlay-type":"","overlay-color":"","overlay-opacity":"","overlay-gradient":""}},"ast-content-background-meta":{"desktop":{"background-color":"var(--ast-global-color-5)","background-image":"","background-repeat":"repeat","background-position":"center center","background-size":"auto","background-attachment":"scroll","background-type":"","background-media":"","overlay-type":"","overlay-color":"","overlay-opacity":"","overlay-gradient":""},"tablet":{"background-color":"var(--ast-global-color-5)","background-image":"","background-repeat":"repeat","background-position":"center center","background-size":"auto","background-attachment":"scroll","background-type":"","background-media":"","overlay-type":"","overlay-color":"","overlay-opacity":"","overlay-gradient":""},"mobile":{"background-color":"var(--ast-global-color-5)","background-image":"","background-repeat":"repeat","background-position":"center center","background-size":"auto","background-attachment":"scroll","background-type":"","background-media":"","overlay-type":"","overlay-color":"","overlay-opacity":"","overlay-gradient":""}},"footnotes":""},"class_list":["post-1728","page","type-page","status-publish","hentry"],"_links":{"self":[{"href":"https:\/\/dirpromocion.salud-oaxaca.gob.mx\/index.php\/wp-json\/wp\/v2\/pages\/1728","targetHints":{"allow":["GET"]}}],"collection":[{"href":"https:\/\/dirpromocion.salud-oaxaca.gob.mx\/index.php\/wp-json\/wp\/v2\/pages"}],"about":[{"href":"https:\/\/dirpromocion.salud-oaxaca.gob.mx\/index.php\/wp-json\/wp\/v2\/types\/page"}],"author":[{"embeddable":true,"href":"https:\/\/dirpromocion.salud-oaxaca.gob.mx\/index.php\/wp-json\/wp\/v2\/users\/1"}],"replies":[{"embeddable":true,"href":"https:\/\/dirpromocion.salud-oaxaca.gob.mx\/index.php\/wp-json\/wp\/v2\/comments?post=1728"}],"version-history":[{"count":10,"href":"https:\/\/dirpromocion.salud-oaxaca.gob.mx\/index.php\/wp-json\/wp\/v2\/pages\/1728\/revisions"}],"predecessor-version":[{"id":3222,"href":"https:\/\/dirpromocion.salud-oaxaca.gob.mx\/index.php\/wp-json\/wp\/v2\/pages\/1728\/revisions\/3222"}],"wp:attachment":[{"href":"https:\/\/dirpromocion.salud-oaxaca.gob.mx\/index.php\/wp-json\/wp\/v2\/media?parent=1728"}],"curies":[{"name":"wp","href":"https:\/\/api.w.org\/{rel}","templated":true}]}}