{"id":181,"date":"2018-08-06T23:08:14","date_gmt":"2018-08-06T23:08:14","guid":{"rendered":"http:\/\/dirpromocion.salud-oaxaca.gob.mx\/?page_id=181"},"modified":"2025-01-24T01:08:13","modified_gmt":"2025-01-24T01:08:13","slug":"vacunacion","status":"publish","type":"page","link":"https:\/\/dirpromocion.salud-oaxaca.gob.mx\/index.php\/vacunacion\/","title":{"rendered":"Vacunaci\u00f3n"},"content":{"rendered":"<h5 style=\"text-align: right;\">\u201c2025, BICENTENARIO DE LA CONSTITUCI\u00d3N POL\u00cdTICA DEL ESTADO LIBRE Y SOBERANO DE OAXACA\u201d<\/h5>\n\n\n<div class=\"wp-block-columns is-layout-flex wp-container-core-columns-is-layout-1 wp-block-columns-is-layout-flex\">\n<div class=\"wp-block-column is-layout-flow wp-block-column-is-layout-flow\">\n<p class=\"has-ast-global-color-2-color has-text-color has-link-color wp-elements-9e9980fa9a8375fc23344d9eb7c084cd\"><strong>Para cuidar la salud de la poblaci\u00f3n infantil y fomentar la importancia de las vacunas,<\/strong> la jefa de la Unidad de Servicios de Personal de <a href=\"https:\/\/www.facebook.com\/ssogoboax?__cft__[0]=AZX175iQ-D5BRV6V7r1ySy6ZnHjCAR9ov1K5Cenf5ZAA5C65WQtZWoPO14Htd68uygKRpzfXjE5s5EiO-FJrSz66d1Loukg4_57tQqu6Qtw9WK3ErBhO24zvfzJv0UxeQazs6zkDyxSUm1ITcCfOc231Bu7DfzQFQ9idbv2Rmb5s_Fglm88fpuOzFg11mTO0dxU&amp;__tn__=-]K-R\">Servicios de Salud de Oaxaca<\/a>, Gloria Magda Castellanos Morales, comparti\u00f3 el cuento \u201cEl Guardi\u00e1n del Aire\u201d con ni\u00f1as y ni\u00f1os del Instituto Educativo Adalberto Carriedo.<\/p>\n\n\n\n<p>En este d\u00eda lleno de magia e imaginaci\u00f3n, aprendieron c\u00f3mo las vacunas protegen su bienestar y evitan complicaciones de salud.<\/p>\n\n\n\n<p>\u00a1Ense\u00f1amos a las nuevas generaciones h\u00e1bitos <a><\/a>saludables mientras fomentamos infancias lectoras para un futuro lleno de bienestar!<\/p>\n\n\n\n<p class=\"has-ast-global-color-1-color has-text-color has-link-color wp-elements-21b66a2861518b003beb376f9449d258\">#VacunasSalvanVidas#InfanciasLectoras#PorUnFuturoSaludable<\/p>\n<\/div>\n\n\n\n<div class=\"wp-block-column is-layout-flow wp-block-column-is-layout-flow\">\n<figure class=\"wp-block-image size-large\"><img loading=\"lazy\" decoding=\"async\" width=\"1024\" height=\"683\" src=\"https:\/\/dirpromocion.salud-oaxaca.gob.mx\/wp-content\/uploads\/2025\/01\/Infantil1-1024x683.jpg\" alt=\"\" class=\"wp-image-3293\" srcset=\"https:\/\/dirpromocion.salud-oaxaca.gob.mx\/wp-content\/uploads\/2025\/01\/Infantil1-1024x683.jpg 1024w, https:\/\/dirpromocion.salud-oaxaca.gob.mx\/wp-content\/uploads\/2025\/01\/Infantil1-300x200.jpg 300w, https:\/\/dirpromocion.salud-oaxaca.gob.mx\/wp-content\/uploads\/2025\/01\/Infantil1-768x512.jpg 768w, https:\/\/dirpromocion.salud-oaxaca.gob.mx\/wp-content\/uploads\/2025\/01\/Infantil1.jpg 1439w\" sizes=\"auto, (max-width: 1024px) 100vw, 1024px\" \/><\/figure>\n<\/div>\n<\/div>\n\n\n\n<div class=\"wp-block-group alignwide is-layout-constrained wp-block-group-is-layout-constrained\">\n<figure class=\"wp-block-image aligncenter size-full is-resized\"><a href=\"https:\/\/dirpromocion.salud-oaxaca.gob.mx\/\"><img loading=\"lazy\" decoding=\"async\" width=\"252\" height=\"220\" src=\"http:\/\/dirpromocion.salud-oaxaca.gob.mx\/wp-content\/uploads\/2024\/11\/inicio.jpeg\" alt=\"\" class=\"wp-image-2922\" style=\"width:69px\"\/><\/a><\/figure>\n\n\n\n<h3 class=\"wp-block-heading\">Ejes de Gobierno<\/h3>\n\n\n\n<hr class=\"wp-block-separator has-alpha-channel-opacity is-style-wide\" style=\"border-color: #942850\"\/>\n\n\n\n<div class=\"wp-block-columns is-layout-flex wp-container-core-columns-is-layout-2 wp-block-columns-is-layout-flex\">\n<div class=\"wp-block-column is-layout-flow wp-block-column-is-layout-flow\">\n<figure class=\"wp-block-image size-full is-resized\"><img loading=\"lazy\" decoding=\"async\" width=\"881\" height=\"292\" src=\"http:\/\/dirpromocion.salud-oaxaca.gob.mx\/wp-content\/uploads\/2024\/12\/EJE_01_PS.png\" alt=\"\" class=\"wp-image-3175\" style=\"width:auto;height:100px\" srcset=\"https:\/\/dirpromocion.salud-oaxaca.gob.mx\/wp-content\/uploads\/2024\/12\/EJE_01_PS.png 881w, https:\/\/dirpromocion.salud-oaxaca.gob.mx\/wp-content\/uploads\/2024\/12\/EJE_01_PS-300x99.png 300w, https:\/\/dirpromocion.salud-oaxaca.gob.mx\/wp-content\/uploads\/2024\/12\/EJE_01_PS-768x255.png 768w\" sizes=\"auto, (max-width: 881px) 100vw, 881px\" \/><\/figure>\n<\/div>\n\n\n\n<div class=\"wp-block-column is-layout-flow wp-block-column-is-layout-flow\">\n<figure class=\"wp-block-image size-full is-resized\"><img loading=\"lazy\" decoding=\"async\" width=\"855\" height=\"299\" src=\"http:\/\/dirpromocion.salud-oaxaca.gob.mx\/wp-content\/uploads\/2024\/12\/EJE_03_RH.png\" alt=\"\" class=\"wp-image-3176\" style=\"width:auto;height:100px\" srcset=\"https:\/\/dirpromocion.salud-oaxaca.gob.mx\/wp-content\/uploads\/2024\/12\/EJE_03_RH.png 855w, https:\/\/dirpromocion.salud-oaxaca.gob.mx\/wp-content\/uploads\/2024\/12\/EJE_03_RH-300x105.png 300w, https:\/\/dirpromocion.salud-oaxaca.gob.mx\/wp-content\/uploads\/2024\/12\/EJE_03_RH-768x269.png 768w\" sizes=\"auto, (max-width: 855px) 100vw, 855px\" \/><\/figure>\n<\/div>\n\n\n\n<div class=\"wp-block-column is-layout-flow wp-block-column-is-layout-flow\">\n<figure class=\"wp-block-image size-large is-resized\"><img loading=\"lazy\" decoding=\"async\" width=\"1024\" height=\"338\" src=\"http:\/\/dirpromocion.salud-oaxaca.gob.mx\/wp-content\/uploads\/2024\/12\/EJE_04_DIS-1024x338.png\" alt=\"\" class=\"wp-image-3177\" style=\"width:auto;height:100px\" srcset=\"https:\/\/dirpromocion.salud-oaxaca.gob.mx\/wp-content\/uploads\/2024\/12\/EJE_04_DIS-1024x338.png 1024w, https:\/\/dirpromocion.salud-oaxaca.gob.mx\/wp-content\/uploads\/2024\/12\/EJE_04_DIS-300x99.png 300w, https:\/\/dirpromocion.salud-oaxaca.gob.mx\/wp-content\/uploads\/2024\/12\/EJE_04_DIS-768x253.png 768w, https:\/\/dirpromocion.salud-oaxaca.gob.mx\/wp-content\/uploads\/2024\/12\/EJE_04_DIS.png 1140w\" sizes=\"auto, (max-width: 1024px) 100vw, 1024px\" \/><\/figure>\n<\/div>\n<\/div>\n\n\n\n<figure class=\"wp-block-image aligncenter size-full is-resized\"><img loading=\"lazy\" decoding=\"async\" width=\"925\" height=\"182\" src=\"http:\/\/dirpromocion.salud-oaxaca.gob.mx\/wp-content\/uploads\/2024\/11\/Haciendo-Historia.png\" alt=\"\" class=\"wp-image-2921\" style=\"width:337px\" srcset=\"https:\/\/dirpromocion.salud-oaxaca.gob.mx\/wp-content\/uploads\/2024\/11\/Haciendo-Historia.png 925w, https:\/\/dirpromocion.salud-oaxaca.gob.mx\/wp-content\/uploads\/2024\/11\/Haciendo-Historia-300x59.png 300w, https:\/\/dirpromocion.salud-oaxaca.gob.mx\/wp-content\/uploads\/2024\/11\/Haciendo-Historia-768x151.png 768w\" sizes=\"auto, (max-width: 925px) 100vw, 925px\" \/><\/figure>\n<\/div>\n","protected":false},"excerpt":{"rendered":"<p>\u201c2025, BICENTENARIO DE LA CONSTITUCI\u00d3N POL\u00cdTICA DEL ESTADO LIBRE Y SOBERANO DE OAXACA\u201d Para cuidar la salud de la poblaci\u00f3n [&hellip;]<\/p>\n","protected":false},"author":1,"featured_media":0,"parent":0,"menu_order":0,"comment_status":"closed","ping_status":"closed","template":"","meta":{"site-sidebar-layout":"default","site-content-layout":"","ast-site-content-layout":"","site-content-style":"default","site-sidebar-style":"default","ast-global-header-display":"","ast-banner-title-visibility":"","ast-main-header-display":"","ast-hfb-above-header-display":"","ast-hfb-below-header-display":"","ast-hfb-mobile-header-display":"","site-post-title":"","ast-breadcrumbs-content":"","ast-featured-img":"","footer-sml-layout":"","theme-transparent-header-meta":"","adv-header-id-meta":"","stick-header-meta":"","header-above-stick-meta":"","header-main-stick-meta":"","header-below-stick-meta":"","astra-migrate-meta-layouts":"default","ast-page-background-enabled":"default","ast-page-background-meta":{"desktop":{"background-color":"var(--ast-global-color-4)","background-image":"","background-repeat":"repeat","background-position":"center center","background-size":"auto","background-attachment":"scroll","background-type":"","background-media":"","overlay-type":"","overlay-color":"","overlay-opacity":"","overlay-gradient":""},"tablet":{"background-color":"","background-image":"","background-repeat":"repeat","background-position":"center center","background-size":"auto","background-attachment":"scroll","background-type":"","background-media":"","overlay-type":"","overlay-color":"","overlay-opacity":"","overlay-gradient":""},"mobile":{"background-color":"","background-image":"","background-repeat":"repeat","background-position":"center center","background-size":"auto","background-attachment":"scroll","background-type":"","background-media":"","overlay-type":"","overlay-color":"","overlay-opacity":"","overlay-gradient":""}},"ast-content-background-meta":{"desktop":{"background-color":"var(--ast-global-color-5)","background-image":"","background-repeat":"repeat","background-position":"center center","background-size":"auto","background-attachment":"scroll","background-type":"","background-media":"","overlay-type":"","overlay-color":"","overlay-opacity":"","overlay-gradient":""},"tablet":{"background-color":"var(--ast-global-color-5)","background-image":"","background-repeat":"repeat","background-position":"center center","background-size":"auto","background-attachment":"scroll","background-type":"","background-media":"","overlay-type":"","overlay-color":"","overlay-opacity":"","overlay-gradient":""},"mobile":{"background-color":"var(--ast-global-color-5)","background-image":"","background-repeat":"repeat","background-position":"center center","background-size":"auto","background-attachment":"scroll","background-type":"","background-media":"","overlay-type":"","overlay-color":"","overlay-opacity":"","overlay-gradient":""}},"footnotes":""},"class_list":["post-181","page","type-page","status-publish","hentry"],"_links":{"self":[{"href":"https:\/\/dirpromocion.salud-oaxaca.gob.mx\/index.php\/wp-json\/wp\/v2\/pages\/181","targetHints":{"allow":["GET"]}}],"collection":[{"href":"https:\/\/dirpromocion.salud-oaxaca.gob.mx\/index.php\/wp-json\/wp\/v2\/pages"}],"about":[{"href":"https:\/\/dirpromocion.salud-oaxaca.gob.mx\/index.php\/wp-json\/wp\/v2\/types\/page"}],"author":[{"embeddable":true,"href":"https:\/\/dirpromocion.salud-oaxaca.gob.mx\/index.php\/wp-json\/wp\/v2\/users\/1"}],"replies":[{"embeddable":true,"href":"https:\/\/dirpromocion.salud-oaxaca.gob.mx\/index.php\/wp-json\/wp\/v2\/comments?post=181"}],"version-history":[{"count":15,"href":"https:\/\/dirpromocion.salud-oaxaca.gob.mx\/index.php\/wp-json\/wp\/v2\/pages\/181\/revisions"}],"predecessor-version":[{"id":3295,"href":"https:\/\/dirpromocion.salud-oaxaca.gob.mx\/index.php\/wp-json\/wp\/v2\/pages\/181\/revisions\/3295"}],"wp:attachment":[{"href":"https:\/\/dirpromocion.salud-oaxaca.gob.mx\/index.php\/wp-json\/wp\/v2\/media?parent=181"}],"curies":[{"name":"wp","href":"https:\/\/api.w.org\/{rel}","templated":true}]}}