{"id":2,"date":"2017-06-17T00:49:24","date_gmt":"2017-06-17T00:49:24","guid":{"rendered":"http:\/\/dirpromocion.salud-oaxaca.gob.mx\/?page_id=2"},"modified":"2026-01-27T21:22:03","modified_gmt":"2026-01-27T21:22:03","slug":"pagina-ejemplo","status":"publish","type":"page","link":"https:\/\/dirpromocion.salud-oaxaca.gob.mx\/","title":{"rendered":"Inicio"},"content":{"rendered":"\n<figure class=\"wp-block-image size-large has-custom-border\" style=\"margin-top:0;margin-right:var(--wp--preset--spacing--80);margin-bottom:0;margin-left:var(--wp--preset--spacing--80)\"><img loading=\"lazy\" decoding=\"async\" width=\"1024\" height=\"342\" src=\"https:\/\/dirpromocion.salud-oaxaca.gob.mx\/wp-content\/uploads\/2025\/11\/Encabezado_Mesa-de-trabajo-1-1-1024x342.png\" alt=\"\" class=\"wp-image-3613\" style=\"border-radius:41px\" srcset=\"https:\/\/dirpromocion.salud-oaxaca.gob.mx\/wp-content\/uploads\/2025\/11\/Encabezado_Mesa-de-trabajo-1-1-1024x342.png 1024w, https:\/\/dirpromocion.salud-oaxaca.gob.mx\/wp-content\/uploads\/2025\/11\/Encabezado_Mesa-de-trabajo-1-1-300x100.png 300w, https:\/\/dirpromocion.salud-oaxaca.gob.mx\/wp-content\/uploads\/2025\/11\/Encabezado_Mesa-de-trabajo-1-1-768x256.png 768w, https:\/\/dirpromocion.salud-oaxaca.gob.mx\/wp-content\/uploads\/2025\/11\/Encabezado_Mesa-de-trabajo-1-1-1536x513.png 1536w, https:\/\/dirpromocion.salud-oaxaca.gob.mx\/wp-content\/uploads\/2025\/11\/Encabezado_Mesa-de-trabajo-1-1-2048x684.png 2048w\" sizes=\"auto, (max-width: 1024px) 100vw, 1024px\" \/><\/figure>\n\n\n\n<h5 class=\"wp-block-heading has-text-align-center\" style=\"font-size:16px\"><em>\u201c2026, A\u00d1o DEL BICENTENARIO DEL NATALICIO DE MARGARITA MAZA PARADA, EJEMPLO DE DIGNIDAD, LEALTAD Y SERVICIO A LA NACI\u00d3N\u201d<\/em><\/h5>\n\n\n\n<div class=\"wp-block-group alignwide is-layout-constrained wp-block-group-is-layout-constrained\">\n<h5 style=\"text-align: right;\">\u00a0<\/h5>\n<p><span style=\"color: #333333;\">En los\u00a0 <span style=\"color: #800000;\"><strong>Prontuarios\u00a0 <\/strong><\/span>que\u00a0 a\u00a0 continuaci\u00f3n\u00a0 presentamos,\u00a0 no\u00a0 obstante\u00a0 su\u00a0 tama\u00f1o,\u00a0 se presentan datos de indicadores seleccionados que ilustran el panorama actual de la mortalidad y de las enfermedades en el Estado de Oaxaca, as\u00ed como los factores de riesgo asociados a ellas y el peso que tienen los padecimientos en la vida saludable de las personas. Para ello, se explica en\u00a0 cada\u00a0 caso\u00a0 la\u00a0 definici\u00f3n del indicador y su importancia y se presentan gr\u00e1ficos y cuadros ilustrativos de la informaci\u00f3n m\u00e1s relevante para pronta referencia.<\/span><\/p>\n<p><span style=\"color: #333333;\">Con esta\u00a0 informaci\u00f3n,\u00a0 que\u00a0 es\u00a0 un\u00a0 extracto\u00a0 del\u00a0 informe\u00a0 completo,\u00a0 se\u00a0 podr\u00e1\u00a0 tener\u00a0 mayor\u00a0 claridad\u00a0 sobre\u00a0 la\u00a0 situaci\u00f3n y necesidades de salud en nuestro Estado. Este prontuario se hizo pensando en proporcionar un material \u00fatil para profesionales de la salud, directivos, acad\u00e9micos, investigadores, especialistas y p\u00fablico en general que desean tener los datos m\u00e1s importantes en materia de salud, a la mano en un formato amigable y de bolsillo.<\/span><\/p>\n\n\n\n<hr class=\"wp-block-separator has-alpha-channel-opacity is-style-wide\" style=\"border-color: #942850\"\/>\n\n\n\n<div class=\"wp-block-columns is-layout-flex wp-container-core-columns-is-layout-1 wp-block-columns-is-layout-flex\">\n<div class=\"wp-block-column is-layout-flow wp-block-column-is-layout-flow\" style=\"flex-basis:100%\">\n<details class=\"wp-block-details is-layout-flow wp-block-details-is-layout-flow\"><summary>Prontuario Oaxaca 2022<\/summary>\n<figure class=\"wp-block-image size-full\"><img loading=\"lazy\" decoding=\"async\" width=\"32\" height=\"32\" src=\"https:\/\/dirpromocion.salud-oaxaca.gob.mx\/wp-content\/uploads\/2024\/10\/carpeta.png\" alt=\"\" class=\"wp-image-2829\"\/><\/figure>\n\n\n<a href=\"https:\/\/dirpromocion.salud-oaxaca.gob.mx\/wp-content\/uploads\/2017\/06\/Prontuario-2022-Vers-08-07-2022.pdf\" class=\"pdfemb-viewer\" style=\"\" data-width=\"max\" data-height=\"max\" data-toolbar=\"bottom\" data-toolbar-fixed=\"off\">Prontuario 2022 Vers 08 07 2022<\/a>\n<\/details>\n<\/div>\n<\/div>\n\n\n\n<div class=\"wp-block-columns is-layout-flex wp-container-core-columns-is-layout-2 wp-block-columns-is-layout-flex\">\n<div class=\"wp-block-column is-layout-flow wp-block-column-is-layout-flow\" style=\"flex-basis:100%\">\n<details class=\"wp-block-details is-layout-flow wp-block-details-is-layout-flow\"><summary>Prontuario Oaxaca 2021<\/summary><a href=\"https:\/\/dirpromocion.salud-oaxaca.gob.mx\/wp-content\/uploads\/2017\/06\/Prontuario-2021.pdf\" class=\"pdfemb-viewer\" style=\"\" data-width=\"max\" data-height=\"max\" data-toolbar=\"bottom\" data-toolbar-fixed=\"off\">Prontuario 2021<\/a>\n<\/details>\n<\/div>\n<\/div>\n\n\n\n<figure class=\"wp-block-image size-full is-resized\"><img loading=\"lazy\" decoding=\"async\" width=\"401\" height=\"192\" src=\"https:\/\/dirpromocion.salud-oaxaca.gob.mx\/wp-content\/uploads\/2025\/10\/lo-nuevo.png\" alt=\"\" class=\"wp-image-3539\" style=\"width:129px;height:auto\" srcset=\"https:\/\/dirpromocion.salud-oaxaca.gob.mx\/wp-content\/uploads\/2025\/10\/lo-nuevo.png 401w, https:\/\/dirpromocion.salud-oaxaca.gob.mx\/wp-content\/uploads\/2025\/10\/lo-nuevo-300x144.png 300w\" sizes=\"auto, (max-width: 401px) 100vw, 401px\" \/><\/figure>\n\n\n\n<p class=\"has-vivid-red-color has-text-color has-link-color wp-elements-0d3748bff799b4398a3092a48570e3d6\" style=\"font-size:17px\">Lineamientos Generales Campa\u00f1a de Vacunaci\u00f3n para la Temporada invernal 2025-2026<\/p>\n\n\n\n<div class=\"wp-block-file has-ast-global-color-5-background-color has-background has-link-color wp-elements-42d2ea736ba2748f7cbbe7481ada05f1\"><a id=\"wp-block-file--media-f645a14c-66f8-4f2f-ae3c-27d0a88ddcd8\" href=\"https:\/\/dirpromocion.salud-oaxaca.gob.mx\/wp-content\/uploads\/2025\/10\/Lineamientos_Temporada_invernal_2025-2026_Vf_compressed.pdf\">Lineamientos_Temporada_invernal_2025-2026_Vf_compressed<\/a><a href=\"https:\/\/dirpromocion.salud-oaxaca.gob.mx\/wp-content\/uploads\/2025\/10\/Lineamientos_Temporada_invernal_2025-2026_Vf_compressed.pdf\" class=\"wp-block-file__button wp-element-button\" download aria-describedby=\"wp-block-file--media-f645a14c-66f8-4f2f-ae3c-27d0a88ddcd8\">Descarga<\/a><\/div>\n<\/div>\n\n\n\n<p class=\"has-text-align-left has-luminous-vivid-orange-color has-text-color has-link-color wp-elements-2cccb31d25c0c2afa74cceff4f30c240\" style=\"font-size:23px\"><\/p>\n\n\n\n<div class=\"wp-block-group alignwide is-layout-constrained wp-block-group-is-layout-constrained\">\n<h3 class=\"wp-block-heading\">Ejes de Gobierno<\/h3>\n\n\n\n<hr class=\"wp-block-separator has-alpha-channel-opacity is-style-wide\" style=\"border-color: #942850\"\/>\n\n\n\n<div class=\"wp-block-columns is-layout-flex wp-container-core-columns-is-layout-3 wp-block-columns-is-layout-flex\">\n<div class=\"wp-block-column is-layout-flow wp-block-column-is-layout-flow\">\n<figure class=\"wp-block-image size-full is-resized\"><img loading=\"lazy\" decoding=\"async\" width=\"881\" height=\"292\" src=\"http:\/\/dirpromocion.salud-oaxaca.gob.mx\/wp-content\/uploads\/2024\/12\/EJE_01_PS.png\" alt=\"\" class=\"wp-image-3175\" style=\"width:auto;height:100px\" srcset=\"https:\/\/dirpromocion.salud-oaxaca.gob.mx\/wp-content\/uploads\/2024\/12\/EJE_01_PS.png 881w, https:\/\/dirpromocion.salud-oaxaca.gob.mx\/wp-content\/uploads\/2024\/12\/EJE_01_PS-300x99.png 300w, https:\/\/dirpromocion.salud-oaxaca.gob.mx\/wp-content\/uploads\/2024\/12\/EJE_01_PS-768x255.png 768w\" sizes=\"auto, (max-width: 881px) 100vw, 881px\" \/><\/figure>\n<\/div>\n\n\n\n<div class=\"wp-block-column is-layout-flow wp-block-column-is-layout-flow\">\n<figure class=\"wp-block-image size-full is-resized\"><img loading=\"lazy\" decoding=\"async\" width=\"855\" height=\"299\" src=\"http:\/\/dirpromocion.salud-oaxaca.gob.mx\/wp-content\/uploads\/2024\/12\/EJE_03_RH.png\" alt=\"\" class=\"wp-image-3176\" style=\"width:auto;height:100px\" srcset=\"https:\/\/dirpromocion.salud-oaxaca.gob.mx\/wp-content\/uploads\/2024\/12\/EJE_03_RH.png 855w, https:\/\/dirpromocion.salud-oaxaca.gob.mx\/wp-content\/uploads\/2024\/12\/EJE_03_RH-300x105.png 300w, https:\/\/dirpromocion.salud-oaxaca.gob.mx\/wp-content\/uploads\/2024\/12\/EJE_03_RH-768x269.png 768w\" sizes=\"auto, (max-width: 855px) 100vw, 855px\" \/><\/figure>\n<\/div>\n\n\n\n<div class=\"wp-block-column is-layout-flow wp-block-column-is-layout-flow\">\n<figure class=\"wp-block-image size-large is-resized\"><img loading=\"lazy\" decoding=\"async\" width=\"1024\" height=\"338\" src=\"http:\/\/dirpromocion.salud-oaxaca.gob.mx\/wp-content\/uploads\/2024\/12\/EJE_04_DIS-1024x338.png\" alt=\"\" class=\"wp-image-3177\" style=\"width:auto;height:100px\" srcset=\"https:\/\/dirpromocion.salud-oaxaca.gob.mx\/wp-content\/uploads\/2024\/12\/EJE_04_DIS-1024x338.png 1024w, https:\/\/dirpromocion.salud-oaxaca.gob.mx\/wp-content\/uploads\/2024\/12\/EJE_04_DIS-300x99.png 300w, https:\/\/dirpromocion.salud-oaxaca.gob.mx\/wp-content\/uploads\/2024\/12\/EJE_04_DIS-768x253.png 768w, https:\/\/dirpromocion.salud-oaxaca.gob.mx\/wp-content\/uploads\/2024\/12\/EJE_04_DIS.png 1140w\" sizes=\"auto, (max-width: 1024px) 100vw, 1024px\" \/><\/figure>\n<\/div>\n<\/div>\n\n\n\n<figure class=\"wp-block-image aligncenter size-full is-resized\"><img loading=\"lazy\" decoding=\"async\" width=\"925\" height=\"182\" src=\"http:\/\/dirpromocion.salud-oaxaca.gob.mx\/wp-content\/uploads\/2024\/11\/Haciendo-Historia.png\" alt=\"\" class=\"wp-image-2921\" style=\"width:337px\" srcset=\"https:\/\/dirpromocion.salud-oaxaca.gob.mx\/wp-content\/uploads\/2024\/11\/Haciendo-Historia.png 925w, https:\/\/dirpromocion.salud-oaxaca.gob.mx\/wp-content\/uploads\/2024\/11\/Haciendo-Historia-300x59.png 300w, https:\/\/dirpromocion.salud-oaxaca.gob.mx\/wp-content\/uploads\/2024\/11\/Haciendo-Historia-768x151.png 768w\" sizes=\"auto, (max-width: 925px) 100vw, 925px\" \/><\/figure>\n<\/div>\n","protected":false},"excerpt":{"rendered":"<p>\u201c2026, A\u00d1o DEL BICENTENARIO DEL NATALICIO DE MARGARITA MAZA PARADA, EJEMPLO DE DIGNIDAD, LEALTAD Y SERVICIO A LA NACI\u00d3N\u201d \u00a0 [&hellip;]<\/p>\n","protected":false},"author":1,"featured_media":0,"parent":102,"menu_order":0,"comment_status":"closed","ping_status":"open","template":"","meta":{"site-sidebar-layout":"default","site-content-layout":"","ast-site-content-layout":"","site-content-style":"default","site-sidebar-style":"default","ast-global-header-display":"","ast-banner-title-visibility":"","ast-main-header-display":"","ast-hfb-above-header-display":"","ast-hfb-below-header-display":"","ast-hfb-mobile-header-display":"","site-post-title":"disabled","ast-breadcrumbs-content":"","ast-featured-img":"","footer-sml-layout":"","theme-transparent-header-meta":"","adv-header-id-meta":"","stick-header-meta":"","header-above-stick-meta":"","header-main-stick-meta":"","header-below-stick-meta":"","astra-migrate-meta-layouts":"default","ast-page-background-enabled":"default","ast-page-background-meta":{"desktop":{"background-color":"var(--ast-global-color-4)","background-image":"","background-repeat":"repeat","background-position":"center center","background-size":"auto","background-attachment":"scroll","background-type":"","background-media":"","overlay-type":"","overlay-color":"","overlay-opacity":"","overlay-gradient":""},"tablet":{"background-color":"","background-image":"","background-repeat":"repeat","background-position":"center center","background-size":"auto","background-attachment":"scroll","background-type":"","background-media":"","overlay-type":"","overlay-color":"","overlay-opacity":"","overlay-gradient":""},"mobile":{"background-color":"","background-image":"","background-repeat":"repeat","background-position":"center center","background-size":"auto","background-attachment":"scroll","background-type":"","background-media":"","overlay-type":"","overlay-color":"","overlay-opacity":"","overlay-gradient":""}},"ast-content-background-meta":{"desktop":{"background-color":"var(--ast-global-color-5)","background-image":"","background-repeat":"repeat","background-position":"center center","background-size":"auto","background-attachment":"scroll","background-type":"","background-media":"","overlay-type":"","overlay-color":"","overlay-opacity":"","overlay-gradient":""},"tablet":{"background-color":"var(--ast-global-color-5)","background-image":"","background-repeat":"repeat","background-position":"center center","background-size":"auto","background-attachment":"scroll","background-type":"","background-media":"","overlay-type":"","overlay-color":"","overlay-opacity":"","overlay-gradient":""},"mobile":{"background-color":"var(--ast-global-color-5)","background-image":"","background-repeat":"repeat","background-position":"center center","background-size":"auto","background-attachment":"scroll","background-type":"","background-media":"","overlay-type":"","overlay-color":"","overlay-opacity":"","overlay-gradient":""}},"footnotes":""},"class_list":["post-2","page","type-page","status-publish","hentry"],"_links":{"self":[{"href":"https:\/\/dirpromocion.salud-oaxaca.gob.mx\/index.php\/wp-json\/wp\/v2\/pages\/2","targetHints":{"allow":["GET"]}}],"collection":[{"href":"https:\/\/dirpromocion.salud-oaxaca.gob.mx\/index.php\/wp-json\/wp\/v2\/pages"}],"about":[{"href":"https:\/\/dirpromocion.salud-oaxaca.gob.mx\/index.php\/wp-json\/wp\/v2\/types\/page"}],"author":[{"embeddable":true,"href":"https:\/\/dirpromocion.salud-oaxaca.gob.mx\/index.php\/wp-json\/wp\/v2\/users\/1"}],"replies":[{"embeddable":true,"href":"https:\/\/dirpromocion.salud-oaxaca.gob.mx\/index.php\/wp-json\/wp\/v2\/comments?post=2"}],"version-history":[{"count":122,"href":"https:\/\/dirpromocion.salud-oaxaca.gob.mx\/index.php\/wp-json\/wp\/v2\/pages\/2\/revisions"}],"predecessor-version":[{"id":3690,"href":"https:\/\/dirpromocion.salud-oaxaca.gob.mx\/index.php\/wp-json\/wp\/v2\/pages\/2\/revisions\/3690"}],"up":[{"embeddable":true,"href":"https:\/\/dirpromocion.salud-oaxaca.gob.mx\/index.php\/wp-json\/wp\/v2\/pages\/102"}],"wp:attachment":[{"href":"https:\/\/dirpromocion.salud-oaxaca.gob.mx\/index.php\/wp-json\/wp\/v2\/media?parent=2"}],"curies":[{"name":"wp","href":"https:\/\/api.w.org\/{rel}","templated":true}]}}