{"id":2366,"date":"2024-05-30T23:02:55","date_gmt":"2024-05-30T23:02:55","guid":{"rendered":"https:\/\/dirpromocion.salud-oaxaca.gob.mx\/?page_id=2366"},"modified":"2024-12-05T20:01:59","modified_gmt":"2024-12-05T20:01:59","slug":"informes-trimestrales-avance-de-indicadores-de-programas-componentes-sanas-oax-2023","status":"publish","type":"page","link":"https:\/\/dirpromocion.salud-oaxaca.gob.mx\/index.php\/informes-trimestrales-avance-de-indicadores-de-programas-componentes-sanas-oax-2023\/","title":{"rendered":"Informes Trimestrales, Avance de Indicadores de Programas Componentes SANAS Oax 2023"},"content":{"rendered":"<h5 style=\"text-align: right;\">\u201c2024, BICENTENARIO DE LA INTEGRACI\u00d3N DE OAXACA A LA REP\u00daBLICA MEXICANA\u201d<\/h5>\n<h3><img loading=\"lazy\" decoding=\"async\" class=\"aligncenter wp-image-2461 size-large\" src=\"http:\/\/dirpromocion.salud-oaxaca.gob.mx\/wp-content\/uploads\/2024\/05\/grecas-1024x20.jpeg\" alt=\"\" width=\"1024\" height=\"20\" srcset=\"https:\/\/dirpromocion.salud-oaxaca.gob.mx\/wp-content\/uploads\/2024\/05\/grecas-1024x20.jpeg 1024w, https:\/\/dirpromocion.salud-oaxaca.gob.mx\/wp-content\/uploads\/2024\/05\/grecas-300x6.jpeg 300w, https:\/\/dirpromocion.salud-oaxaca.gob.mx\/wp-content\/uploads\/2024\/05\/grecas-768x15.jpeg 768w, https:\/\/dirpromocion.salud-oaxaca.gob.mx\/wp-content\/uploads\/2024\/05\/grecas.jpeg 1600w\" sizes=\"auto, (max-width: 1024px) 100vw, 1024px\" \/><\/h3>\n<h3 style=\"text-align: center;\"><span style=\"color: #993300;\">Salud Perinatal<\/span><\/h3>\n<p><a href=\"http:\/\/dirpromocion.salud-oaxaca.gob.mx\/wp-content\/uploads\/2024\/05\/21.jpg\"><img loading=\"lazy\" decoding=\"async\" class=\"aligncenter wp-image-2473\" src=\"http:\/\/dirpromocion.salud-oaxaca.gob.mx\/wp-content\/uploads\/2024\/05\/21-1024x724.jpg\" alt=\"\" width=\"767\" height=\"542\" srcset=\"https:\/\/dirpromocion.salud-oaxaca.gob.mx\/wp-content\/uploads\/2024\/05\/21.jpg 1024w, https:\/\/dirpromocion.salud-oaxaca.gob.mx\/wp-content\/uploads\/2024\/05\/21-300x212.jpg 300w, https:\/\/dirpromocion.salud-oaxaca.gob.mx\/wp-content\/uploads\/2024\/05\/21-768x543.jpg 768w\" sizes=\"auto, (max-width: 767px) 100vw, 767px\" \/><\/a><\/p>\n<h3 style=\"text-align: center;\"><span style=\"color: #993300;\">Salud Materna<\/span><\/h3>\n<p><img loading=\"lazy\" decoding=\"async\" class=\"aligncenter wp-image-2474 size-large\" src=\"http:\/\/dirpromocion.salud-oaxaca.gob.mx\/wp-content\/uploads\/2024\/05\/23-1024x724.jpg\" alt=\"\" width=\"1024\" height=\"724\" srcset=\"https:\/\/dirpromocion.salud-oaxaca.gob.mx\/wp-content\/uploads\/2024\/05\/23.jpg 1024w, https:\/\/dirpromocion.salud-oaxaca.gob.mx\/wp-content\/uploads\/2024\/05\/23-300x212.jpg 300w, https:\/\/dirpromocion.salud-oaxaca.gob.mx\/wp-content\/uploads\/2024\/05\/23-768x543.jpg 768w\" sizes=\"auto, (max-width: 1024px) 100vw, 1024px\" \/><\/p>\n<h3 style=\"text-align: center;\"><span style=\"color: #993300;\"> Aborto Seguro<\/span><img loading=\"lazy\" decoding=\"async\" class=\"aligncenter wp-image-2475 size-large\" src=\"http:\/\/dirpromocion.salud-oaxaca.gob.mx\/wp-content\/uploads\/2024\/05\/24-1024x724.jpg\" alt=\"\" width=\"1024\" height=\"724\" srcset=\"https:\/\/dirpromocion.salud-oaxaca.gob.mx\/wp-content\/uploads\/2024\/05\/24.jpg 1024w, https:\/\/dirpromocion.salud-oaxaca.gob.mx\/wp-content\/uploads\/2024\/05\/24-300x212.jpg 300w, https:\/\/dirpromocion.salud-oaxaca.gob.mx\/wp-content\/uploads\/2024\/05\/24-768x543.jpg 768w\" sizes=\"auto, (max-width: 1024px) 100vw, 1024px\" \/><\/h3>\n<h3 style=\"text-align: center;\"><span style=\"color: #993300;\"> C\u00e1ncer de la Mujer<\/span><img loading=\"lazy\" decoding=\"async\" class=\"aligncenter wp-image-2476 size-large\" src=\"http:\/\/dirpromocion.salud-oaxaca.gob.mx\/wp-content\/uploads\/2024\/05\/25-1024x724.jpg\" alt=\"\" width=\"1024\" height=\"724\" srcset=\"https:\/\/dirpromocion.salud-oaxaca.gob.mx\/wp-content\/uploads\/2024\/05\/25.jpg 1024w, https:\/\/dirpromocion.salud-oaxaca.gob.mx\/wp-content\/uploads\/2024\/05\/25-300x212.jpg 300w, https:\/\/dirpromocion.salud-oaxaca.gob.mx\/wp-content\/uploads\/2024\/05\/25-768x543.jpg 768w\" sizes=\"auto, (max-width: 1024px) 100vw, 1024px\" \/><\/h3>\n<p>\u00a0<\/p>\n<h3 style=\"text-align: center;\"><span style=\"color: #993300;\">Vacunaci\u00f3n<\/span><\/h3>\n<p style=\"text-align: center;\"><img loading=\"lazy\" decoding=\"async\" class=\"aligncenter wp-image-2482 size-large\" src=\"http:\/\/dirpromocion.salud-oaxaca.gob.mx\/wp-content\/uploads\/2024\/05\/INFORME-TRIMESTRAL-SOBRE-AVANCE-DE-INDICADORES_ok-1-2-1_page-0001-1-1024x688.jpg\" alt=\"\" width=\"1024\" height=\"688\" srcset=\"https:\/\/dirpromocion.salud-oaxaca.gob.mx\/wp-content\/uploads\/2024\/05\/INFORME-TRIMESTRAL-SOBRE-AVANCE-DE-INDICADORES_ok-1-2-1_page-0001-1-1024x688.jpg 1024w, https:\/\/dirpromocion.salud-oaxaca.gob.mx\/wp-content\/uploads\/2024\/05\/INFORME-TRIMESTRAL-SOBRE-AVANCE-DE-INDICADORES_ok-1-2-1_page-0001-1-300x202.jpg 300w, https:\/\/dirpromocion.salud-oaxaca.gob.mx\/wp-content\/uploads\/2024\/05\/INFORME-TRIMESTRAL-SOBRE-AVANCE-DE-INDICADORES_ok-1-2-1_page-0001-1-768x516.jpg 768w, https:\/\/dirpromocion.salud-oaxaca.gob.mx\/wp-content\/uploads\/2024\/05\/INFORME-TRIMESTRAL-SOBRE-AVANCE-DE-INDICADORES_ok-1-2-1_page-0001-1.jpg 1295w\" sizes=\"auto, (max-width: 1024px) 100vw, 1024px\" \/><\/p>\n<p>\u00a0<\/p>\n<h3 style=\"text-align: center;\"><span style=\"color: #993300;\">VHC<\/span><\/h3>\n<p><img loading=\"lazy\" decoding=\"async\" class=\"aligncenter wp-image-2489 size-large\" src=\"http:\/\/dirpromocion.salud-oaxaca.gob.mx\/wp-content\/uploads\/2024\/05\/4o-INFORME-TRIMESTRAL-INDICADORES-VHC_page-0001-1024x606.jpg\" alt=\"\" width=\"1024\" height=\"606\" srcset=\"https:\/\/dirpromocion.salud-oaxaca.gob.mx\/wp-content\/uploads\/2024\/05\/4o-INFORME-TRIMESTRAL-INDICADORES-VHC_page-0001-1024x606.jpg 1024w, https:\/\/dirpromocion.salud-oaxaca.gob.mx\/wp-content\/uploads\/2024\/05\/4o-INFORME-TRIMESTRAL-INDICADORES-VHC_page-0001-300x178.jpg 300w, https:\/\/dirpromocion.salud-oaxaca.gob.mx\/wp-content\/uploads\/2024\/05\/4o-INFORME-TRIMESTRAL-INDICADORES-VHC_page-0001-768x455.jpg 768w, https:\/\/dirpromocion.salud-oaxaca.gob.mx\/wp-content\/uploads\/2024\/05\/4o-INFORME-TRIMESTRAL-INDICADORES-VHC_page-0001.jpg 1323w\" sizes=\"auto, (max-width: 1024px) 100vw, 1024px\" \/><\/p>\n<h3 style=\"text-align: center;\"><span style=\"color: #993300;\">VIH y otras ITS<\/span><\/h3>\n<p><img loading=\"lazy\" decoding=\"async\" class=\"aligncenter wp-image-2492 size-large\" src=\"http:\/\/dirpromocion.salud-oaxaca.gob.mx\/wp-content\/uploads\/2024\/05\/4o-INFORME-TRIMESTRAL-INDICADORES-VIH-y-OTRAS-ITS_page-0001-1024x581.jpg\" alt=\"\" width=\"1024\" height=\"581\" srcset=\"https:\/\/dirpromocion.salud-oaxaca.gob.mx\/wp-content\/uploads\/2024\/05\/4o-INFORME-TRIMESTRAL-INDICADORES-VIH-y-OTRAS-ITS_page-0001-1024x581.jpg 1024w, https:\/\/dirpromocion.salud-oaxaca.gob.mx\/wp-content\/uploads\/2024\/05\/4o-INFORME-TRIMESTRAL-INDICADORES-VIH-y-OTRAS-ITS_page-0001-300x170.jpg 300w, https:\/\/dirpromocion.salud-oaxaca.gob.mx\/wp-content\/uploads\/2024\/05\/4o-INFORME-TRIMESTRAL-INDICADORES-VIH-y-OTRAS-ITS_page-0001-768x436.jpg 768w, https:\/\/dirpromocion.salud-oaxaca.gob.mx\/wp-content\/uploads\/2024\/05\/4o-INFORME-TRIMESTRAL-INDICADORES-VIH-y-OTRAS-ITS_page-0001.jpg 1654w\" sizes=\"auto, (max-width: 1024px) 100vw, 1024px\" \/><\/p>\n<p><img loading=\"lazy\" decoding=\"async\" class=\"aligncenter wp-image-2493 size-large\" src=\"http:\/\/dirpromocion.salud-oaxaca.gob.mx\/wp-content\/uploads\/2024\/05\/4o-INFORME-TRIMESTRAL-INDICADORES-VIH-y-OTRAS-ITS_page-0002-1024x512.jpg\" alt=\"\" width=\"1024\" height=\"512\" srcset=\"https:\/\/dirpromocion.salud-oaxaca.gob.mx\/wp-content\/uploads\/2024\/05\/4o-INFORME-TRIMESTRAL-INDICADORES-VIH-y-OTRAS-ITS_page-0002-1024x512.jpg 1024w, https:\/\/dirpromocion.salud-oaxaca.gob.mx\/wp-content\/uploads\/2024\/05\/4o-INFORME-TRIMESTRAL-INDICADORES-VIH-y-OTRAS-ITS_page-0002-300x150.jpg 300w, https:\/\/dirpromocion.salud-oaxaca.gob.mx\/wp-content\/uploads\/2024\/05\/4o-INFORME-TRIMESTRAL-INDICADORES-VIH-y-OTRAS-ITS_page-0002-768x384.jpg 768w, https:\/\/dirpromocion.salud-oaxaca.gob.mx\/wp-content\/uploads\/2024\/05\/4o-INFORME-TRIMESTRAL-INDICADORES-VIH-y-OTRAS-ITS_page-0002.jpg 1332w\" sizes=\"auto, (max-width: 1024px) 100vw, 1024px\" \/><\/p>\n<p>\u00a0<\/p>\n<h3 style=\"text-align: center;\"><span style=\"color: #800080;\"><strong>Pol\u00edticas de Salud P\u00fablica y Promoci\u00f3n de la Salud<\/strong><\/span><\/h3>\n<p><img loading=\"lazy\" decoding=\"async\" class=\"aligncenter wp-image-2506 size-large\" src=\"http:\/\/dirpromocion.salud-oaxaca.gob.mx\/wp-content\/uploads\/2024\/05\/inf.-trim-2023_page-0001-1-1024x664.jpg\" alt=\"\" width=\"1024\" height=\"664\" srcset=\"https:\/\/dirpromocion.salud-oaxaca.gob.mx\/wp-content\/uploads\/2024\/05\/inf.-trim-2023_page-0001-1-1024x664.jpg 1024w, https:\/\/dirpromocion.salud-oaxaca.gob.mx\/wp-content\/uploads\/2024\/05\/inf.-trim-2023_page-0001-1-300x194.jpg 300w, https:\/\/dirpromocion.salud-oaxaca.gob.mx\/wp-content\/uploads\/2024\/05\/inf.-trim-2023_page-0001-1-768x498.jpg 768w, https:\/\/dirpromocion.salud-oaxaca.gob.mx\/wp-content\/uploads\/2024\/05\/inf.-trim-2023_page-0001-1.jpg 1308w\" sizes=\"auto, (max-width: 1024px) 100vw, 1024px\" \/><\/p>\n<h3 style=\"text-align: center;\"><span style=\"color: #800080;\">Prevenci\u00f3n y Control de Enfermedades Zoon\u00f3ticas y Emergentes<\/span><\/h3>\n<p><img loading=\"lazy\" decoding=\"async\" class=\"aligncenter wp-image-2514 size-large\" src=\"http:\/\/dirpromocion.salud-oaxaca.gob.mx\/wp-content\/uploads\/2024\/05\/inf.-trim-2023_page-0004-1024x701.jpg\" alt=\"\" width=\"1024\" height=\"701\" srcset=\"https:\/\/dirpromocion.salud-oaxaca.gob.mx\/wp-content\/uploads\/2024\/05\/inf.-trim-2023_page-0004-1024x701.jpg 1024w, https:\/\/dirpromocion.salud-oaxaca.gob.mx\/wp-content\/uploads\/2024\/05\/inf.-trim-2023_page-0004-300x205.jpg 300w, https:\/\/dirpromocion.salud-oaxaca.gob.mx\/wp-content\/uploads\/2024\/05\/inf.-trim-2023_page-0004-768x526.jpg 768w, https:\/\/dirpromocion.salud-oaxaca.gob.mx\/wp-content\/uploads\/2024\/05\/inf.-trim-2023_page-0004.jpg 1341w\" sizes=\"auto, (max-width: 1024px) 100vw, 1024px\" \/><\/p>\n<h3 style=\"text-align: center;\"><span style=\"color: #800080;\"><strong>Dengue<\/strong><\/span><\/h3>\n<p><img loading=\"lazy\" decoding=\"async\" class=\"aligncenter wp-image-2519 size-large\" src=\"http:\/\/dirpromocion.salud-oaxaca.gob.mx\/wp-content\/uploads\/2024\/05\/inf.-trim-2023_page-0006-1024x688.jpg\" alt=\"\" width=\"1024\" height=\"688\" srcset=\"https:\/\/dirpromocion.salud-oaxaca.gob.mx\/wp-content\/uploads\/2024\/05\/inf.-trim-2023_page-0006-1024x688.jpg 1024w, https:\/\/dirpromocion.salud-oaxaca.gob.mx\/wp-content\/uploads\/2024\/05\/inf.-trim-2023_page-0006-300x202.jpg 300w, https:\/\/dirpromocion.salud-oaxaca.gob.mx\/wp-content\/uploads\/2024\/05\/inf.-trim-2023_page-0006-768x516.jpg 768w, https:\/\/dirpromocion.salud-oaxaca.gob.mx\/wp-content\/uploads\/2024\/05\/inf.-trim-2023_page-0006.jpg 1318w\" sizes=\"auto, (max-width: 1024px) 100vw, 1024px\" \/><\/p>\n<p><img loading=\"lazy\" decoding=\"async\" class=\"aligncenter wp-image-2522 size-large\" src=\"http:\/\/dirpromocion.salud-oaxaca.gob.mx\/wp-content\/uploads\/2024\/05\/inf.-trim-2023_page-0007-1024x684.jpg\" alt=\"\" width=\"1024\" height=\"684\" srcset=\"https:\/\/dirpromocion.salud-oaxaca.gob.mx\/wp-content\/uploads\/2024\/05\/inf.-trim-2023_page-0007-1024x684.jpg 1024w, https:\/\/dirpromocion.salud-oaxaca.gob.mx\/wp-content\/uploads\/2024\/05\/inf.-trim-2023_page-0007-300x201.jpg 300w, https:\/\/dirpromocion.salud-oaxaca.gob.mx\/wp-content\/uploads\/2024\/05\/inf.-trim-2023_page-0007-768x513.jpg 768w, https:\/\/dirpromocion.salud-oaxaca.gob.mx\/wp-content\/uploads\/2024\/05\/inf.-trim-2023_page-0007.jpg 1312w\" sizes=\"auto, (max-width: 1024px) 100vw, 1024px\" \/><\/p>\n<h3 style=\"text-align: center;\"><span style=\"color: #800080;\">Paludismo<\/span><\/h3>\n<p><img loading=\"lazy\" decoding=\"async\" class=\"aligncenter wp-image-2525 size-large\" src=\"http:\/\/dirpromocion.salud-oaxaca.gob.mx\/wp-content\/uploads\/2024\/05\/inf.-trim-2023_page-0008-1024x630.jpg\" alt=\"\" width=\"1024\" height=\"630\" srcset=\"https:\/\/dirpromocion.salud-oaxaca.gob.mx\/wp-content\/uploads\/2024\/05\/inf.-trim-2023_page-0008-1024x630.jpg 1024w, https:\/\/dirpromocion.salud-oaxaca.gob.mx\/wp-content\/uploads\/2024\/05\/inf.-trim-2023_page-0008-300x185.jpg 300w, https:\/\/dirpromocion.salud-oaxaca.gob.mx\/wp-content\/uploads\/2024\/05\/inf.-trim-2023_page-0008-768x473.jpg 768w, https:\/\/dirpromocion.salud-oaxaca.gob.mx\/wp-content\/uploads\/2024\/05\/inf.-trim-2023_page-0008.jpg 1319w\" sizes=\"auto, (max-width: 1024px) 100vw, 1024px\" \/><\/p>\n<h3 style=\"text-align: center;\">\u00a0<span style=\"color: #800080;\">Prevenci\u00f3n y Control de las Micobacteriosis (Tuberculosis y Lepra)<\/span><\/h3>\n<p><img loading=\"lazy\" decoding=\"async\" class=\"aligncenter wp-image-2551 size-large\" src=\"http:\/\/dirpromocion.salud-oaxaca.gob.mx\/wp-content\/uploads\/2024\/05\/indicadores-4o-trim-SaNAS-Oax_page-0001-1024x709.jpg\" alt=\"\" width=\"1024\" height=\"709\" srcset=\"https:\/\/dirpromocion.salud-oaxaca.gob.mx\/wp-content\/uploads\/2024\/05\/indicadores-4o-trim-SaNAS-Oax_page-0001-1024x709.jpg 1024w, https:\/\/dirpromocion.salud-oaxaca.gob.mx\/wp-content\/uploads\/2024\/05\/indicadores-4o-trim-SaNAS-Oax_page-0001-300x208.jpg 300w, https:\/\/dirpromocion.salud-oaxaca.gob.mx\/wp-content\/uploads\/2024\/05\/indicadores-4o-trim-SaNAS-Oax_page-0001-768x532.jpg 768w, https:\/\/dirpromocion.salud-oaxaca.gob.mx\/wp-content\/uploads\/2024\/05\/indicadores-4o-trim-SaNAS-Oax_page-0001.jpg 1326w\" sizes=\"auto, (max-width: 1024px) 100vw, 1024px\" \/><\/p>\n<h3>\u00a0<\/h3>\n<h3 style=\"text-align: center;\"><span style=\"color: #993366;\">Emergencias en Salud<\/span><\/h3>\n<p><img loading=\"lazy\" decoding=\"async\" class=\"aligncenter wp-image-2582 size-large\" src=\"http:\/\/dirpromocion.salud-oaxaca.gob.mx\/wp-content\/uploads\/2024\/05\/insu3-1-1024x710.jpg\" alt=\"\" width=\"1024\" height=\"710\" srcset=\"https:\/\/dirpromocion.salud-oaxaca.gob.mx\/wp-content\/uploads\/2024\/05\/insu3-1.jpg 1024w, https:\/\/dirpromocion.salud-oaxaca.gob.mx\/wp-content\/uploads\/2024\/05\/insu3-1-300x208.jpg 300w, https:\/\/dirpromocion.salud-oaxaca.gob.mx\/wp-content\/uploads\/2024\/05\/insu3-1-768x533.jpg 768w\" sizes=\"auto, (max-width: 1024px) 100vw, 1024px\" \/><\/p>\n<p><img loading=\"lazy\" decoding=\"async\" class=\"aligncenter wp-image-2461 size-large\" src=\"http:\/\/dirpromocion.salud-oaxaca.gob.mx\/wp-content\/uploads\/2024\/05\/grecas-1024x20.jpeg\" alt=\"\" width=\"1024\" height=\"20\" srcset=\"https:\/\/dirpromocion.salud-oaxaca.gob.mx\/wp-content\/uploads\/2024\/05\/grecas-1024x20.jpeg 1024w, https:\/\/dirpromocion.salud-oaxaca.gob.mx\/wp-content\/uploads\/2024\/05\/grecas-300x6.jpeg 300w, https:\/\/dirpromocion.salud-oaxaca.gob.mx\/wp-content\/uploads\/2024\/05\/grecas-768x15.jpeg 768w, https:\/\/dirpromocion.salud-oaxaca.gob.mx\/wp-content\/uploads\/2024\/05\/grecas.jpeg 1600w\" sizes=\"auto, (max-width: 1024px) 100vw, 1024px\" \/><\/p>\n<p>\u00a0<\/p>\n\n\n<figure class=\"wp-block-image aligncenter size-full is-resized\"><a href=\"https:\/\/dirpromocion.salud-oaxaca.gob.mx\/\"><img loading=\"lazy\" decoding=\"async\" width=\"252\" height=\"220\" src=\"http:\/\/dirpromocion.salud-oaxaca.gob.mx\/wp-content\/uploads\/2024\/11\/inicio-1.jpeg\" alt=\"\" class=\"wp-image-3040\" style=\"width:78px;height:auto\"\/><\/a><\/figure>\n\n\n\n<figure class=\"wp-block-image size-large\"><img loading=\"lazy\" decoding=\"async\" width=\"1024\" height=\"149\" src=\"http:\/\/dirpromocion.salud-oaxaca.gob.mx\/wp-content\/uploads\/2024\/11\/Ejesdegobierno1-1024x149.png\" alt=\"\" class=\"wp-image-2920\" srcset=\"https:\/\/dirpromocion.salud-oaxaca.gob.mx\/wp-content\/uploads\/2024\/11\/Ejesdegobierno1-1024x149.png 1024w, https:\/\/dirpromocion.salud-oaxaca.gob.mx\/wp-content\/uploads\/2024\/11\/Ejesdegobierno1-300x44.png 300w, https:\/\/dirpromocion.salud-oaxaca.gob.mx\/wp-content\/uploads\/2024\/11\/Ejesdegobierno1-768x111.png 768w, https:\/\/dirpromocion.salud-oaxaca.gob.mx\/wp-content\/uploads\/2024\/11\/Ejesdegobierno1.png 1317w\" sizes=\"auto, (max-width: 1024px) 100vw, 1024px\" \/><\/figure>\n\n\n\n<figure class=\"wp-block-image aligncenter size-full is-resized\"><img loading=\"lazy\" decoding=\"async\" width=\"925\" height=\"182\" src=\"http:\/\/dirpromocion.salud-oaxaca.gob.mx\/wp-content\/uploads\/2024\/11\/Haciendo-Historia.png\" alt=\"\" class=\"wp-image-2921\" style=\"width:278px;height:auto\" srcset=\"https:\/\/dirpromocion.salud-oaxaca.gob.mx\/wp-content\/uploads\/2024\/11\/Haciendo-Historia.png 925w, https:\/\/dirpromocion.salud-oaxaca.gob.mx\/wp-content\/uploads\/2024\/11\/Haciendo-Historia-300x59.png 300w, https:\/\/dirpromocion.salud-oaxaca.gob.mx\/wp-content\/uploads\/2024\/11\/Haciendo-Historia-768x151.png 768w\" sizes=\"auto, (max-width: 925px) 100vw, 925px\" \/><\/figure>\n\n\n\n<p class=\"has-text-align-center has-vivid-red-color has-text-color has-link-color wp-elements-f7c971f229b71337af026803d8ac1535\">Direcci\u00f3n de Prevenci\u00f3n y Promoci\u00f3n de la Salud<\/p>\n\n\n\n<p class=\"has-text-align-center has-vivid-red-color has-text-color has-link-color wp-elements-242ad5b5da3bd0408e5b942f6968286e\">Heroica Escuela Naval Militar, N\u00b0 701 Col. Reforma \u2013 951 513 6456, 518 5539&nbsp;<\/p>\n","protected":false},"excerpt":{"rendered":"<p>\u201c2024, BICENTENARIO DE LA INTEGRACI\u00d3N DE OAXACA A LA REP\u00daBLICA MEXICANA\u201d Salud Perinatal Salud Materna Aborto Seguro C\u00e1ncer de la [&hellip;]<\/p>\n","protected":false},"author":1,"featured_media":0,"parent":0,"menu_order":0,"comment_status":"closed","ping_status":"closed","template":"","meta":{"site-sidebar-layout":"default","site-content-layout":"","ast-site-content-layout":"","site-content-style":"default","site-sidebar-style":"default","ast-global-header-display":"","ast-banner-title-visibility":"","ast-main-header-display":"","ast-hfb-above-header-display":"","ast-hfb-below-header-display":"","ast-hfb-mobile-header-display":"","site-post-title":"","ast-breadcrumbs-content":"","ast-featured-img":"","footer-sml-layout":"","theme-transparent-header-meta":"","adv-header-id-meta":"","stick-header-meta":"","header-above-stick-meta":"","header-main-stick-meta":"","header-below-stick-meta":"","astra-migrate-meta-layouts":"default","ast-page-background-enabled":"default","ast-page-background-meta":{"desktop":{"background-color":"var(--ast-global-color-4)","background-image":"","background-repeat":"repeat","background-position":"center center","background-size":"auto","background-attachment":"scroll","background-type":"","background-media":"","overlay-type":"","overlay-color":"","overlay-opacity":"","overlay-gradient":""},"tablet":{"background-color":"","background-image":"","background-repeat":"repeat","background-position":"center center","background-size":"auto","background-attachment":"scroll","background-type":"","background-media":"","overlay-type":"","overlay-color":"","overlay-opacity":"","overlay-gradient":""},"mobile":{"background-color":"","background-image":"","background-repeat":"repeat","background-position":"center center","background-size":"auto","background-attachment":"scroll","background-type":"","background-media":"","overlay-type":"","overlay-color":"","overlay-opacity":"","overlay-gradient":""}},"ast-content-background-meta":{"desktop":{"background-color":"var(--ast-global-color-5)","background-image":"","background-repeat":"repeat","background-position":"center center","background-size":"auto","background-attachment":"scroll","background-type":"","background-media":"","overlay-type":"","overlay-color":"","overlay-opacity":"","overlay-gradient":""},"tablet":{"background-color":"var(--ast-global-color-5)","background-image":"","background-repeat":"repeat","background-position":"center center","background-size":"auto","background-attachment":"scroll","background-type":"","background-media":"","overlay-type":"","overlay-color":"","overlay-opacity":"","overlay-gradient":""},"mobile":{"background-color":"var(--ast-global-color-5)","background-image":"","background-repeat":"repeat","background-position":"center center","background-size":"auto","background-attachment":"scroll","background-type":"","background-media":"","overlay-type":"","overlay-color":"","overlay-opacity":"","overlay-gradient":""}},"footnotes":""},"class_list":["post-2366","page","type-page","status-publish","hentry"],"_links":{"self":[{"href":"https:\/\/dirpromocion.salud-oaxaca.gob.mx\/index.php\/wp-json\/wp\/v2\/pages\/2366","targetHints":{"allow":["GET"]}}],"collection":[{"href":"https:\/\/dirpromocion.salud-oaxaca.gob.mx\/index.php\/wp-json\/wp\/v2\/pages"}],"about":[{"href":"https:\/\/dirpromocion.salud-oaxaca.gob.mx\/index.php\/wp-json\/wp\/v2\/types\/page"}],"author":[{"embeddable":true,"href":"https:\/\/dirpromocion.salud-oaxaca.gob.mx\/index.php\/wp-json\/wp\/v2\/users\/1"}],"replies":[{"embeddable":true,"href":"https:\/\/dirpromocion.salud-oaxaca.gob.mx\/index.php\/wp-json\/wp\/v2\/comments?post=2366"}],"version-history":[{"count":31,"href":"https:\/\/dirpromocion.salud-oaxaca.gob.mx\/index.php\/wp-json\/wp\/v2\/pages\/2366\/revisions"}],"predecessor-version":[{"id":3045,"href":"https:\/\/dirpromocion.salud-oaxaca.gob.mx\/index.php\/wp-json\/wp\/v2\/pages\/2366\/revisions\/3045"}],"wp:attachment":[{"href":"https:\/\/dirpromocion.salud-oaxaca.gob.mx\/index.php\/wp-json\/wp\/v2\/media?parent=2366"}],"curies":[{"name":"wp","href":"https:\/\/api.w.org\/{rel}","templated":true}]}}