{"id":2701,"date":"2024-08-26T21:49:13","date_gmt":"2024-08-26T21:49:13","guid":{"rendered":"https:\/\/dirpromocion.salud-oaxaca.gob.mx\/?page_id=2701"},"modified":"2024-12-05T20:01:21","modified_gmt":"2024-12-05T20:01:21","slug":"informes-trimestrales-avance-de-indicadores-de-programas-componentes-sanas-oax-2024","status":"publish","type":"page","link":"https:\/\/dirpromocion.salud-oaxaca.gob.mx\/index.php\/informes-trimestrales-avance-de-indicadores-de-programas-componentes-sanas-oax-2024\/","title":{"rendered":"Informes Trimestrales, Avance de Indicadores de Programas Componentes SANAS Oax 2024"},"content":{"rendered":"\n<ul class=\"wp-block-list\">\n<li><strong>Seguridad Vial y Prevenci\u00f3n de Accidentes en Grupos Vulnerables<\/strong>   <a href=\"https:\/\/dirpromocion.salud-oaxaca.gob.mx\/wp-content\/uploads\/2024\/08\/Of.-4376.pdf\" data-type=\"page\" data-id=\"2727\" target=\"_blank\" rel=\"noreferrer noopener\"><img loading=\"lazy\" decoding=\"async\" width=\"20\" height=\"20\" class=\"wp-image-2829\" style=\"width: 20px;\" src=\"http:\/\/dirpromocion.salud-oaxaca.gob.mx\/wp-content\/uploads\/2024\/10\/carpeta.png\" alt=\"\"><\/a><\/li>\n\n\n\n<li><strong>Seguridad Vial<\/strong>   <a href=\"https:\/\/dirpromocion.salud-oaxaca.gob.mx\/wp-content\/uploads\/2024\/08\/seguridad-vial.pdf\" target=\"_blank\" rel=\"noreferrer noopener\"><img loading=\"lazy\" decoding=\"async\" width=\"21\" height=\"21\" class=\"wp-image-2829\" style=\"width: 21px;\" src=\"http:\/\/dirpromocion.salud-oaxaca.gob.mx\/wp-content\/uploads\/2024\/10\/carpeta.png\" alt=\"\"><\/a><\/li>\n\n\n\n<li><strong>Prevenci\u00f3n de Accidentes<\/strong>   <a href=\"https:\/\/dirpromocion.salud-oaxaca.gob.mx\/wp-content\/uploads\/2024\/08\/prev-de-accidentes-.pdf\" target=\"_blank\" rel=\"noreferrer noopener\"><img loading=\"lazy\" decoding=\"async\" width=\"21\" height=\"21\" class=\"wp-image-2829\" style=\"width: 21px;\" src=\"http:\/\/dirpromocion.salud-oaxaca.gob.mx\/wp-content\/uploads\/2024\/10\/carpeta.png\" alt=\"\"><\/a>  <\/li>\n\n\n\n<li><strong>Prevenci\u00f3n y Control del C\u00e1ncer<\/strong>   <a href=\"https:\/\/dirpromocion.salud-oaxaca.gob.mx\/wp-content\/uploads\/2024\/08\/Of.-4374.pdf\"><img loading=\"lazy\" decoding=\"async\" width=\"21\" height=\"21\" class=\"wp-image-2829\" style=\"width: 21px;\" src=\"http:\/\/dirpromocion.salud-oaxaca.gob.mx\/wp-content\/uploads\/2024\/10\/carpeta.png\" alt=\"\"><\/a><\/li>\n\n\n\n<li><strong>Pol\u00edticas de Salud P\u00fablica y Promoci\u00f3n de la Salud<\/strong>   <a href=\"https:\/\/dirpromocion.salud-oaxaca.gob.mx\/wp-content\/uploads\/2024\/09\/Of.-4379.pdf\"><img loading=\"lazy\" decoding=\"async\" width=\"21\" height=\"21\" class=\"wp-image-2829\" style=\"width: 21px;\" src=\"http:\/\/dirpromocion.salud-oaxaca.gob.mx\/wp-content\/uploads\/2024\/10\/carpeta.png\" alt=\"\"><\/a><\/li>\n\n\n\n<li><strong>Pol\u00edticas de Salud P\u00fablica y Promoci\u00f3n de la Salud<\/strong>   <a href=\"https:\/\/dirpromocion.salud-oaxaca.gob.mx\/wp-content\/uploads\/2024\/09\/politicas-de-salud-publica-.pdf\"><img loading=\"lazy\" decoding=\"async\" width=\"21\" height=\"21\" class=\"wp-image-2829\" style=\"width: 21px;\" src=\"http:\/\/dirpromocion.salud-oaxaca.gob.mx\/wp-content\/uploads\/2024\/10\/carpeta.png\" alt=\"\"><\/a><\/li>\n\n\n\n<li><strong>Indicadores de C\u00e1ncer<\/strong>   <a href=\"https:\/\/dirpromocion.salud-oaxaca.gob.mx\/wp-content\/uploads\/2024\/09\/indicadores-de-cancer-.pdf\"><img loading=\"lazy\" decoding=\"async\" width=\"21\" height=\"21\" class=\"wp-image-2829\" style=\"width: 21px;\" src=\"http:\/\/dirpromocion.salud-oaxaca.gob.mx\/wp-content\/uploads\/2024\/10\/carpeta.png\" alt=\"\"><\/a><\/li>\n\n\n\n<li><strong>Vigilancia en Salud P\u00fablica por Laboratorio<\/strong>   <a href=\"https:\/\/dirpromocion.salud-oaxaca.gob.mx\/wp-content\/uploads\/2024\/09\/Of.-4378.pdf\"><img loading=\"lazy\" decoding=\"async\" width=\"21\" height=\"21\" class=\"wp-image-2829\" style=\"width: 21px;\" src=\"http:\/\/dirpromocion.salud-oaxaca.gob.mx\/wp-content\/uploads\/2024\/10\/carpeta.png\" alt=\"\"><\/a><\/li>\n\n\n\n<li><strong>Indicadores Monitoreo<\/strong>   <a href=\"https:\/\/dirpromocion.salud-oaxaca.gob.mx\/wp-content\/uploads\/2024\/09\/indicadores-monitoreo.pdf\"><img loading=\"lazy\" decoding=\"async\" width=\"21\" height=\"21\" class=\"wp-image-2829\" style=\"width: 21px;\" src=\"http:\/\/dirpromocion.salud-oaxaca.gob.mx\/wp-content\/uploads\/2024\/10\/carpeta.png\" alt=\"\"><\/a><\/li>\n\n\n\n<li><strong>Emergencias y Desastres<\/strong>   <a href=\"https:\/\/dirpromocion.salud-oaxaca.gob.mx\/wp-content\/uploads\/2024\/09\/indicadores-emergencias-y-desastres-.pdf\"><img loading=\"lazy\" decoding=\"async\" width=\"21\" height=\"21\" class=\"wp-image-2829\" style=\"width: 21px;\" src=\"http:\/\/dirpromocion.salud-oaxaca.gob.mx\/wp-content\/uploads\/2024\/10\/carpeta.png\" alt=\"\"><\/a><\/li>\n\n\n\n<li><strong>Insumos vigilancia en salud p\u00fablica por laboratorio<\/strong>   <a href=\"https:\/\/dirpromocion.salud-oaxaca.gob.mx\/wp-content\/uploads\/2024\/09\/insumos-vigilancia-en-salud-publica-por-laboratorio-.pdf\"><img loading=\"lazy\" decoding=\"async\" width=\"21\" height=\"21\" class=\"wp-image-2829\" style=\"width: 21px;\" src=\"http:\/\/dirpromocion.salud-oaxaca.gob.mx\/wp-content\/uploads\/2024\/10\/carpeta.png\" alt=\"\"><\/a><\/li>\n\n\n\n<li><strong>Indicadores Vigilancia en Salud por Laboratorio<\/strong>  <a href=\"https:\/\/dirpromocion.salud-oaxaca.gob.mx\/wp-content\/uploads\/2024\/09\/indicadores-vigilancia-en-salud-por-laboratorio-.pdf\"><img loading=\"lazy\" decoding=\"async\" width=\"21\" height=\"21\" class=\"wp-image-2829\" style=\"width: 21px;\" src=\"http:\/\/dirpromocion.salud-oaxaca.gob.mx\/wp-content\/uploads\/2024\/10\/carpeta.png\" alt=\"\"><\/a><\/li>\n\n\n\n<li><strong>VIH y otras ITS y Virus de Hepatitis C.<\/strong>   <a href=\"https:\/\/dirpromocion.salud-oaxaca.gob.mx\/wp-content\/uploads\/2024\/09\/Of-4377.pdf\"><img loading=\"lazy\" decoding=\"async\" width=\"21\" height=\"21\" class=\"wp-image-2829\" style=\"width: 21px;\" src=\"http:\/\/dirpromocion.salud-oaxaca.gob.mx\/wp-content\/uploads\/2024\/10\/carpeta.png\" alt=\"\"><\/a><\/li>\n\n\n\n<li><strong>Insumos VIH<\/strong>   <a href=\"https:\/\/dirpromocion.salud-oaxaca.gob.mx\/wp-content\/uploads\/2024\/09\/insumos-vih.pdf\"><img loading=\"lazy\" decoding=\"async\" width=\"21\" height=\"21\" class=\"wp-image-2829\" style=\"width: 21px;\" src=\"http:\/\/dirpromocion.salud-oaxaca.gob.mx\/wp-content\/uploads\/2024\/10\/carpeta.png\" alt=\"\"><\/a><\/li>\n\n\n\n<li><strong>Indicadores Hepatitis<\/strong>   <a href=\"https:\/\/dirpromocion.salud-oaxaca.gob.mx\/wp-content\/uploads\/2024\/09\/indicadores-hepatitis-c.pdf\"><img loading=\"lazy\" decoding=\"async\" width=\"21\" height=\"21\" class=\"wp-image-2829\" style=\"width: 21px;\" src=\"http:\/\/dirpromocion.salud-oaxaca.gob.mx\/wp-content\/uploads\/2024\/10\/carpeta.png\" alt=\"\"><\/a><\/li>\n\n\n\n<li><strong>Indicadores VIH<\/strong>   <a href=\"https:\/\/dirpromocion.salud-oaxaca.gob.mx\/wp-content\/uploads\/2024\/09\/indicadores-vih.pdf\"><img loading=\"lazy\" decoding=\"async\" width=\"21\" height=\"21\" class=\"wp-image-2829\" style=\"width: 21px;\" src=\"http:\/\/dirpromocion.salud-oaxaca.gob.mx\/wp-content\/uploads\/2024\/10\/carpeta.png\" alt=\"\"><\/a><\/li>\n\n\n\n<li><strong>SSR Para Adolescentes, Planificaci\u00f3n Familiar y Anticoncepci\u00f3n, Salud Materna, Salud Perinatal, Aborto Seguro, Violencia de G\u00e9nero e Igualdad de G\u00e9nero<\/strong>   <em><a href=\"https:\/\/dirpromocion.salud-oaxaca.gob.mx\/wp-content\/uploads\/2024\/09\/Of-4375_compressed-2.pdf\"><img loading=\"lazy\" decoding=\"async\" width=\"21\" height=\"21\" class=\"wp-image-2829\" style=\"width: 21px;\" src=\"http:\/\/dirpromocion.salud-oaxaca.gob.mx\/wp-content\/uploads\/2024\/10\/carpeta.png\" alt=\"\"><\/a><\/em><\/li>\n\n\n\n<li><strong>Indicadores Salud Sexual y Reproductiva<\/strong>   <a href=\"https:\/\/dirpromocion.salud-oaxaca.gob.mx\/wp-content\/uploads\/2024\/09\/indicadores-salud-sexual-y-reproductiva-.pdf\"><img loading=\"lazy\" decoding=\"async\" width=\"21\" height=\"21\" class=\"wp-image-2829\" style=\"width: 21px;\" src=\"http:\/\/dirpromocion.salud-oaxaca.gob.mx\/wp-content\/uploads\/2024\/10\/carpeta.png\" alt=\"\"><\/a><\/li>\n\n\n\n<li><strong>Indicadores PF y Anticoncepci\u00f3n<\/strong>   <a href=\"https:\/\/dirpromocion.salud-oaxaca.gob.mx\/wp-content\/uploads\/2024\/09\/indicadores-pf-y-anticoncepcion-.pdf\"><img loading=\"lazy\" decoding=\"async\" width=\"21\" height=\"21\" class=\"wp-image-2829\" style=\"width: 21px;\" src=\"http:\/\/dirpromocion.salud-oaxaca.gob.mx\/wp-content\/uploads\/2024\/10\/carpeta.png\" alt=\"\"><\/a><\/li>\n\n\n\n<li><strong>Insumos Salud Materna <\/strong><a href=\"https:\/\/dirpromocion.salud-oaxaca.gob.mx\/wp-content\/uploads\/2024\/10\/insumos-salud-materna.pdf\"><img loading=\"lazy\" decoding=\"async\" width=\"21\" height=\"21\" class=\"wp-image-2829\" style=\"width: 21px;\" src=\"http:\/\/dirpromocion.salud-oaxaca.gob.mx\/wp-content\/uploads\/2024\/10\/carpeta.png\" alt=\"\"><\/a><\/li>\n\n\n\n<li><strong>Indicadores Salud Materna<\/strong> <a href=\"https:\/\/dirpromocion.salud-oaxaca.gob.mx\/wp-content\/uploads\/2024\/10\/indicadores-salud-materna.pdfx\"><img loading=\"lazy\" decoding=\"async\" width=\"21\" height=\"21\" class=\"wp-image-2829\" style=\"width: 21px;\" src=\"http:\/\/dirpromocion.salud-oaxaca.gob.mx\/wp-content\/uploads\/2024\/10\/carpeta.png\" alt=\"\"><\/a><\/li>\n\n\n\n<li><strong>Indicadores de Salud Perinatal <\/strong><a href=\"https:\/\/dirpromocion.salud-oaxaca.gob.mx\/wp-content\/uploads\/2024\/10\/indicadores-salud-perinatal.pdf\"><img loading=\"lazy\" decoding=\"async\" width=\"21\" height=\"21\" class=\"wp-image-2829\" style=\"width: 21px;\" src=\"http:\/\/dirpromocion.salud-oaxaca.gob.mx\/wp-content\/uploads\/2024\/10\/carpeta.png\" alt=\"\"><\/a><\/li>\n\n\n\n<li><strong>Insumos Salud Materna  <code><a href=\"https:\/\/dirpromocion.salud-oaxaca.gob.mx\/wp-content\/uploads\/2024\/11\/insumos-salud-materna.pdf\"><img loading=\"lazy\" decoding=\"async\" width=\"22\" height=\"22\" class=\"wp-image-2829\" style=\"width: 22px;\" src=\"http:\/\/dirpromocion.salud-oaxaca.gob.mx\/wp-content\/uploads\/2024\/10\/carpeta.png\" alt=\"\"><\/a><\/code><\/strong><\/li>\n<\/ul>\n\n\n\n<p><\/p>\n","protected":false},"excerpt":{"rendered":"","protected":false},"author":1,"featured_media":0,"parent":0,"menu_order":0,"comment_status":"closed","ping_status":"closed","template":"","meta":{"site-sidebar-layout":"default","site-content-layout":"","ast-site-content-layout":"","site-content-style":"default","site-sidebar-style":"default","ast-global-header-display":"","ast-banner-title-visibility":"","ast-main-header-display":"","ast-hfb-above-header-display":"","ast-hfb-below-header-display":"","ast-hfb-mobile-header-display":"","site-post-title":"","ast-breadcrumbs-content":"","ast-featured-img":"","footer-sml-layout":"","theme-transparent-header-meta":"","adv-header-id-meta":"","stick-header-meta":"","header-above-stick-meta":"","header-main-stick-meta":"","header-below-stick-meta":"","astra-migrate-meta-layouts":"default","ast-page-background-enabled":"default","ast-page-background-meta":{"desktop":{"background-color":"var(--ast-global-color-4)","background-image":"","background-repeat":"repeat","background-position":"center center","background-size":"auto","background-attachment":"scroll","background-type":"","background-media":"","overlay-type":"","overlay-color":"","overlay-opacity":"","overlay-gradient":""},"tablet":{"background-color":"","background-image":"","background-repeat":"repeat","background-position":"center center","background-size":"auto","background-attachment":"scroll","background-type":"","background-media":"","overlay-type":"","overlay-color":"","overlay-opacity":"","overlay-gradient":""},"mobile":{"background-color":"","background-image":"","background-repeat":"repeat","background-position":"center center","background-size":"auto","background-attachment":"scroll","background-type":"","background-media":"","overlay-type":"","overlay-color":"","overlay-opacity":"","overlay-gradient":""}},"ast-content-background-meta":{"desktop":{"background-color":"var(--ast-global-color-5)","background-image":"","background-repeat":"repeat","background-position":"center center","background-size":"auto","background-attachment":"scroll","background-type":"","background-media":"","overlay-type":"","overlay-color":"","overlay-opacity":"","overlay-gradient":""},"tablet":{"background-color":"var(--ast-global-color-5)","background-image":"","background-repeat":"repeat","background-position":"center center","background-size":"auto","background-attachment":"scroll","background-type":"","background-media":"","overlay-type":"","overlay-color":"","overlay-opacity":"","overlay-gradient":""},"mobile":{"background-color":"var(--ast-global-color-5)","background-image":"","background-repeat":"repeat","background-position":"center center","background-size":"auto","background-attachment":"scroll","background-type":"","background-media":"","overlay-type":"","overlay-color":"","overlay-opacity":"","overlay-gradient":""}},"footnotes":""},"class_list":["post-2701","page","type-page","status-publish","hentry"],"_links":{"self":[{"href":"https:\/\/dirpromocion.salud-oaxaca.gob.mx\/index.php\/wp-json\/wp\/v2\/pages\/2701","targetHints":{"allow":["GET"]}}],"collection":[{"href":"https:\/\/dirpromocion.salud-oaxaca.gob.mx\/index.php\/wp-json\/wp\/v2\/pages"}],"about":[{"href":"https:\/\/dirpromocion.salud-oaxaca.gob.mx\/index.php\/wp-json\/wp\/v2\/types\/page"}],"author":[{"embeddable":true,"href":"https:\/\/dirpromocion.salud-oaxaca.gob.mx\/index.php\/wp-json\/wp\/v2\/users\/1"}],"replies":[{"embeddable":true,"href":"https:\/\/dirpromocion.salud-oaxaca.gob.mx\/index.php\/wp-json\/wp\/v2\/comments?post=2701"}],"version-history":[{"count":39,"href":"https:\/\/dirpromocion.salud-oaxaca.gob.mx\/index.php\/wp-json\/wp\/v2\/pages\/2701\/revisions"}],"predecessor-version":[{"id":2881,"href":"https:\/\/dirpromocion.salud-oaxaca.gob.mx\/index.php\/wp-json\/wp\/v2\/pages\/2701\/revisions\/2881"}],"wp:attachment":[{"href":"https:\/\/dirpromocion.salud-oaxaca.gob.mx\/index.php\/wp-json\/wp\/v2\/media?parent=2701"}],"curies":[{"name":"wp","href":"https:\/\/api.w.org\/{rel}","templated":true}]}}