{"id":304,"date":"2018-10-29T23:22:40","date_gmt":"2018-10-29T23:22:40","guid":{"rendered":"http:\/\/dirpromocion.salud-oaxaca.gob.mx\/?page_id=304"},"modified":"2023-01-24T21:45:40","modified_gmt":"2023-01-24T21:45:40","slug":"destacado","status":"publish","type":"page","link":"https:\/\/dirpromocion.salud-oaxaca.gob.mx\/index.php\/destacado\/","title":{"rendered":"Destacado"},"content":{"rendered":"<div dir=\"auto\"><\/div>\n<div dir=\"auto\">\n<h5>\u201c2022, A\u00d1O DEL CENTENARIO DE LA CONSTITUCI\u00d3N POL\u00cdTICA\u00a0 DEL ESTADO LIBRE Y SOBERANO DE OAXACA\u201d<\/h5>\n<\/div>\n<div dir=\"auto\"><img loading=\"lazy\" decoding=\"async\" class=\"alignnone wp-image-391\" src=\"http:\/\/dirpromocion.salud-oaxaca.gob.mx\/wp-content\/uploads\/2018\/10\/Cintilla-300x6.jpg\" alt=\"\" width=\"1151\" height=\"23\" srcset=\"https:\/\/dirpromocion.salud-oaxaca.gob.mx\/wp-content\/uploads\/2018\/10\/Cintilla-300x6.jpg 300w, https:\/\/dirpromocion.salud-oaxaca.gob.mx\/wp-content\/uploads\/2018\/10\/Cintilla-768x16.jpg 768w, https:\/\/dirpromocion.salud-oaxaca.gob.mx\/wp-content\/uploads\/2018\/10\/Cintilla-1024x21.jpg 1024w, https:\/\/dirpromocion.salud-oaxaca.gob.mx\/wp-content\/uploads\/2018\/10\/Cintilla.jpg 1580w\" sizes=\"auto, (max-width: 1151px) 100vw, 1151px\" \/><\/div>\n<h2 dir=\"auto\"><span style=\"color: #800080;\">Destacado<\/span><\/h2>\n<p><a href=\"http:\/\/dirpromocion.salud-oaxaca.gob.mx\/wp-content\/uploads\/2018\/10\/Cubrebocas.jpeg\"><img loading=\"lazy\" decoding=\"async\" class=\"alignleft wp-image-2236 \" src=\"http:\/\/dirpromocion.salud-oaxaca.gob.mx\/wp-content\/uploads\/2018\/10\/Cubrebocas-300x300.jpeg\" alt=\"\" width=\"443\" height=\"443\" srcset=\"https:\/\/dirpromocion.salud-oaxaca.gob.mx\/wp-content\/uploads\/2018\/10\/Cubrebocas-300x300.jpeg 300w, https:\/\/dirpromocion.salud-oaxaca.gob.mx\/wp-content\/uploads\/2018\/10\/Cubrebocas-150x150.jpeg 150w, https:\/\/dirpromocion.salud-oaxaca.gob.mx\/wp-content\/uploads\/2018\/10\/Cubrebocas-768x768.jpeg 768w, https:\/\/dirpromocion.salud-oaxaca.gob.mx\/wp-content\/uploads\/2018\/10\/Cubrebocas-1024x1024.jpeg 1024w, https:\/\/dirpromocion.salud-oaxaca.gob.mx\/wp-content\/uploads\/2018\/10\/Cubrebocas.jpeg 1280w\" sizes=\"auto, (max-width: 443px) 100vw, 443px\" \/><\/a><a href=\"http:\/\/dirpromocion.salud-oaxaca.gob.mx\/wp-content\/uploads\/2018\/10\/Embarazada.jpeg\"><img loading=\"lazy\" decoding=\"async\" class=\"alignright wp-image-2237 \" src=\"http:\/\/dirpromocion.salud-oaxaca.gob.mx\/wp-content\/uploads\/2018\/10\/Embarazada-246x300.jpeg\" alt=\"\" width=\"355\" height=\"432\" srcset=\"https:\/\/dirpromocion.salud-oaxaca.gob.mx\/wp-content\/uploads\/2018\/10\/Embarazada-246x300.jpeg 246w, https:\/\/dirpromocion.salud-oaxaca.gob.mx\/wp-content\/uploads\/2018\/10\/Embarazada-768x935.jpeg 768w, https:\/\/dirpromocion.salud-oaxaca.gob.mx\/wp-content\/uploads\/2018\/10\/Embarazada-841x1024.jpeg 841w, https:\/\/dirpromocion.salud-oaxaca.gob.mx\/wp-content\/uploads\/2018\/10\/Embarazada.jpeg 1051w\" sizes=\"auto, (max-width: 355px) 100vw, 355px\" \/><\/a><\/p>\n<div dir=\"auto\"><\/div>\n<div dir=\"auto\"><\/div>\n<div dir=\"auto\"><\/div>\n<div dir=\"auto\"><\/div>\n<div dir=\"auto\"><\/div>\n<div dir=\"auto\"><\/div>\n<div dir=\"auto\"><\/div>\n<div dir=\"auto\"><\/div>\n<div dir=\"auto\"><\/div>\n<div dir=\"auto\"><\/div>\n<div dir=\"auto\"><\/div>\n<div dir=\"auto\"><\/div>\n<div dir=\"auto\"><\/div>\n<div dir=\"auto\"><\/div>\n<div dir=\"auto\"><\/div>\n<div dir=\"auto\"><\/div>\n<div dir=\"auto\"><\/div>\n<div dir=\"auto\"><\/div>\n<div dir=\"auto\"><\/div>\n<div dir=\"auto\"><\/div>\n<div dir=\"auto\"><div id=\"metaslider-id-1329\" style=\"width: 100%; margin: 0 auto;\" class=\"ml-slider-3-93-0 metaslider metaslider-flex metaslider-1329 ml-slider ms-theme-default\" role=\"region\" aria-roledescription=\"Slideshow\" aria-label=\"Nueva presentaci\u00f3n de diapositivas\">\n    <div id=\"metaslider_container_1329\">\n        <div id=\"metaslider_1329\">\n            <ul class='slides'>\n                <li style=\"display: none; width: 100%;\" class=\"slide-1340 ms-image \" aria-roledescription=\"slide\" aria-label=\"slide-1340\"><img loading=\"lazy\" decoding=\"async\" src=\"https:\/\/dirpromocion.salud-oaxaca.gob.mx\/wp-content\/uploads\/2022\/05\/FRUTAS-00-570x278.png\" height=\"410\" width=\"840\" alt=\"\" class=\"slider-1329 slide-1340\" title=\"FRUTAS-00\" \/><\/li>\n                <li style=\"display: none; width: 100%;\" class=\"slide-1341 ms-image \" aria-roledescription=\"slide\" aria-label=\"slide-1341\"><img loading=\"lazy\" decoding=\"async\" src=\"https:\/\/dirpromocion.salud-oaxaca.gob.mx\/wp-content\/uploads\/2022\/05\/VACUNATE-2-571x278.png\" height=\"410\" width=\"840\" alt=\"\" class=\"slider-1329 slide-1341\" title=\"VACUNATE-2\" \/><\/li>\n                <li style=\"display: none; width: 100%;\" class=\"slide-1342 ms-image \" aria-roledescription=\"slide\" aria-label=\"slide-1342\"><img loading=\"lazy\" decoding=\"async\" src=\"https:\/\/dirpromocion.salud-oaxaca.gob.mx\/wp-content\/uploads\/2022\/05\/default-840x410.jpeg\" height=\"410\" width=\"840\" alt=\"\" class=\"slider-1329 slide-1342\" title=\"default\" \/><\/li>\n                <li style=\"display: none; width: 100%;\" class=\"slide-1343 ms-image \" aria-roledescription=\"slide\" aria-label=\"slide-1343\"><img loading=\"lazy\" decoding=\"async\" src=\"https:\/\/dirpromocion.salud-oaxaca.gob.mx\/wp-content\/uploads\/2022\/05\/ACTIVATE-9-570x278.png\" height=\"410\" width=\"840\" alt=\"\" class=\"slider-1329 slide-1343\" title=\"ACTIVATE-9\" \/><\/li>\n                <li style=\"display: none; width: 100%;\" class=\"slide-1344 ms-image \" aria-roledescription=\"slide\" aria-label=\"slide-1344\"><img loading=\"lazy\" decoding=\"async\" src=\"https:\/\/dirpromocion.salud-oaxaca.gob.mx\/wp-content\/uploads\/2022\/05\/AGUA-8-570x278.png\" height=\"410\" width=\"840\" alt=\"\" class=\"slider-1329 slide-1344\" title=\"AGUA-8\" \/><\/li>\n                <li style=\"display: none; width: 100%;\" class=\"slide-1345 ms-image \" aria-roledescription=\"slide\" aria-label=\"slide-1345\"><img loading=\"lazy\" decoding=\"async\" src=\"https:\/\/dirpromocion.salud-oaxaca.gob.mx\/wp-content\/uploads\/2022\/05\/CANCER-INFANTIL-7-570x278.png\" height=\"410\" width=\"840\" alt=\"\" class=\"slider-1329 slide-1345\" title=\"CANCER-INFANTIL-7\" \/><\/li>\n                <li style=\"display: none; width: 100%;\" class=\"slide-1346 ms-image \" aria-roledescription=\"slide\" aria-label=\"slide-1346\"><img loading=\"lazy\" decoding=\"async\" src=\"https:\/\/dirpromocion.salud-oaxaca.gob.mx\/wp-content\/uploads\/2022\/05\/CANCER-INFANTIL-6-570x278.png\" height=\"410\" width=\"840\" alt=\"\" class=\"slider-1329 slide-1346\" title=\"CANCER-INFANTIL-6\" \/><\/li>\n                <li style=\"display: none; width: 100%;\" class=\"slide-1347 ms-image \" aria-roledescription=\"slide\" aria-label=\"slide-1347\"><img loading=\"lazy\" decoding=\"async\" src=\"https:\/\/dirpromocion.salud-oaxaca.gob.mx\/wp-content\/uploads\/2022\/05\/DENGUE-5-571x278.png\" height=\"410\" width=\"840\" alt=\"\" class=\"slider-1329 slide-1347\" title=\"DENGUE-5\" \/><\/li>\n                <li style=\"display: none; width: 100%;\" class=\"slide-1348 ms-image \" aria-roledescription=\"slide\" aria-label=\"slide-1348\"><img loading=\"lazy\" decoding=\"async\" src=\"https:\/\/dirpromocion.salud-oaxaca.gob.mx\/wp-content\/uploads\/2022\/05\/OBESIDAD-4-570x278.png\" height=\"410\" width=\"840\" alt=\"\" class=\"slider-1329 slide-1348\" title=\"OBESIDAD-4\" \/><\/li>\n                <li style=\"display: none; width: 100%;\" class=\"slide-1349 ms-image \" aria-roledescription=\"slide\" aria-label=\"slide-1349\"><img loading=\"lazy\" decoding=\"async\" src=\"https:\/\/dirpromocion.salud-oaxaca.gob.mx\/wp-content\/uploads\/2022\/05\/VACUNATE-3-570x278.png\" height=\"410\" width=\"840\" alt=\"\" class=\"slider-1329 slide-1349\" title=\"VACUNATE-3\" \/><\/li>\n            <\/ul>\n        <\/div>\n        \n    <\/div>\n<\/div><\/div>\n<div dir=\"auto\"><\/div>\n<div dir=\"auto\"><a href=\"http:\/\/dirpromocion.salud-oaxaca.gob.mx\/wp-content\/uploads\/2017\/08\/cinta.png\"><img loading=\"lazy\" decoding=\"async\" class=\"aligncenter wp-image-449\" src=\"http:\/\/dirpromocion.salud-oaxaca.gob.mx\/wp-content\/uploads\/2017\/08\/cinta-300x4.png\" alt=\"\" width=\"1051\" height=\"14\" srcset=\"https:\/\/dirpromocion.salud-oaxaca.gob.mx\/wp-content\/uploads\/2017\/08\/cinta-300x4.png 300w, https:\/\/dirpromocion.salud-oaxaca.gob.mx\/wp-content\/uploads\/2017\/08\/cinta-768x11.png 768w, https:\/\/dirpromocion.salud-oaxaca.gob.mx\/wp-content\/uploads\/2017\/08\/cinta-1024x15.png 1024w, https:\/\/dirpromocion.salud-oaxaca.gob.mx\/wp-content\/uploads\/2017\/08\/cinta.png 1317w\" sizes=\"auto, (max-width: 1051px) 100vw, 1051px\" \/><\/a><\/div>\n<div dir=\"auto\"><\/div>\n<table style=\"height: 430px;\" width=\"1008\">\n<tbody>\n<tr>\n<td style=\"text-align: center;\" colspan=\"4\" rowspan=\"6\" width=\"320\"><span style=\"color: #008080;\">Las #EnfermedadesRespiratorias van desde infecciones agudas como la neumon\u00eda y la bronquitis, hasta afecciones cr\u00f3nicas como el #Asma. Identifica los s\u00edntomas del asma y los factores que la desencadenan.<\/span><br \/>\n<span style=\"color: #008080;\"> #MeCuido #PorAmorALaVida<\/span><\/p>\n<h6><span style=\"color: #008080;\">Da Clic en la imagen para visualizarla&#8230;\u00a0<\/span><\/h6>\n<h2><span style=\"color: #800080;\"><strong>\u2193<\/strong><\/span><\/h2>\n<\/td>\n<td style=\"text-align: center;\" width=\"12\"><\/td>\n<td style=\"text-align: center;\" colspan=\"4\" rowspan=\"6\" width=\"320\"><span style=\"color: #008080;\">#ParaSaber Hoy es el #D\u00edaMundialDeLaEPOC \u00bfQu\u00e9 es la Enfermedad Pulmonar Obstructiva Cr\u00f3nica o #EPOC?<\/span><\/p>\n<h6><span style=\"color: #008080;\">Da Clic en la imagen para visualizarla&#8230;\u00a0<\/span><\/h6>\n<h2><span style=\"color: #800080;\"><strong>\u2193<\/strong><\/span><\/h2>\n<\/td>\n<td width=\"10\"><\/td>\n<td style=\"text-align: center;\" colspan=\"5\" rowspan=\"6\" width=\"400\"><span style=\"color: #008080;\">La Vasectom\u00eda sin Bistur\u00ed es un m\u00e9todo de anticoncepci\u00f3n efectivo para hombres que no desean tener hijas e hijos o que planean no tener m\u00e1s.<\/span><br \/>\n<span style=\"color: #008080;\"> #PaternidadSatisfechaVasectom\u00edaHecha<\/span><br \/>\n<span style=\"color: #008080;\"> #PlanificaTuVidaConVasectom\u00eda<\/span><br \/>\n<span style=\"color: #008080;\"> \u00a1Inf\u00f3rmate!<\/span><\/p>\n<h6><span style=\"color: #008080;\">Da Clic en la imagen para visualizarla&#8230;\u00a0<\/span><\/h6>\n<h2><span style=\"color: #800080;\"><strong>\u2193<\/strong><\/span><\/h2>\n<\/td>\n<\/tr>\n<tr>\n<td><\/td>\n<td><\/td>\n<\/tr>\n<tr>\n<td><\/td>\n<td><\/td>\n<\/tr>\n<tr>\n<td><\/td>\n<td><\/td>\n<\/tr>\n<tr>\n<td><\/td>\n<td><\/td>\n<\/tr>\n<tr>\n<td><\/td>\n<td><\/td>\n<\/tr>\n<tr>\n<td>\u00a0<a href=\"http:\/\/dirpromocion.salud-oaxaca.gob.mx\/wp-content\/uploads\/2018\/10\/Asma.jpg\" target=\"_blank\" rel=\"noopener\"><img loading=\"lazy\" decoding=\"async\" class=\"alignnone wp-image-392 size-medium\" src=\"http:\/\/dirpromocion.salud-oaxaca.gob.mx\/wp-content\/uploads\/2018\/10\/Asma-300x300.jpg\" alt=\"\" width=\"300\" height=\"300\" srcset=\"https:\/\/dirpromocion.salud-oaxaca.gob.mx\/wp-content\/uploads\/2018\/10\/Asma-300x300.jpg 300w, https:\/\/dirpromocion.salud-oaxaca.gob.mx\/wp-content\/uploads\/2018\/10\/Asma-150x150.jpg 150w, https:\/\/dirpromocion.salud-oaxaca.gob.mx\/wp-content\/uploads\/2018\/10\/Asma-768x768.jpg 768w, https:\/\/dirpromocion.salud-oaxaca.gob.mx\/wp-content\/uploads\/2018\/10\/Asma.jpg 1000w\" sizes=\"auto, (max-width: 300px) 100vw, 300px\" \/><\/a><\/td>\n<td><\/td>\n<td><\/td>\n<td><\/td>\n<td><\/td>\n<td>\u00a0<a href=\"http:\/\/dirpromocion.salud-oaxaca.gob.mx\/wp-content\/uploads\/2018\/10\/EPOC.jpg\" target=\"_blank\" rel=\"noopener\"><img loading=\"lazy\" decoding=\"async\" class=\"alignnone wp-image-394 size-medium\" src=\"http:\/\/dirpromocion.salud-oaxaca.gob.mx\/wp-content\/uploads\/2018\/10\/EPOC-300x300.jpg\" alt=\"\" width=\"300\" height=\"300\" srcset=\"https:\/\/dirpromocion.salud-oaxaca.gob.mx\/wp-content\/uploads\/2018\/10\/EPOC-300x300.jpg 300w, https:\/\/dirpromocion.salud-oaxaca.gob.mx\/wp-content\/uploads\/2018\/10\/EPOC-150x150.jpg 150w, https:\/\/dirpromocion.salud-oaxaca.gob.mx\/wp-content\/uploads\/2018\/10\/EPOC-768x768.jpg 768w, https:\/\/dirpromocion.salud-oaxaca.gob.mx\/wp-content\/uploads\/2018\/10\/EPOC.jpg 1000w\" sizes=\"auto, (max-width: 300px) 100vw, 300px\" \/><\/a><\/td>\n<td><\/td>\n<td><\/td>\n<td><\/td>\n<td><\/td>\n<td>\u00a0<a href=\"http:\/\/dirpromocion.salud-oaxaca.gob.mx\/wp-content\/uploads\/2018\/10\/Vasectomia.jpg\" target=\"_blank\" rel=\"noopener\"><img loading=\"lazy\" decoding=\"async\" class=\"alignnone wp-image-397\" src=\"http:\/\/dirpromocion.salud-oaxaca.gob.mx\/wp-content\/uploads\/2018\/10\/Vasectomia-300x194.jpg\" alt=\"\" width=\"340\" height=\"220\" srcset=\"https:\/\/dirpromocion.salud-oaxaca.gob.mx\/wp-content\/uploads\/2018\/10\/Vasectomia-300x194.jpg 300w, https:\/\/dirpromocion.salud-oaxaca.gob.mx\/wp-content\/uploads\/2018\/10\/Vasectomia-768x497.jpg 768w, https:\/\/dirpromocion.salud-oaxaca.gob.mx\/wp-content\/uploads\/2018\/10\/Vasectomia.jpg 1024w\" sizes=\"auto, (max-width: 340px) 100vw, 340px\" \/><\/a><\/td>\n<td><\/td>\n<td><\/td>\n<td><\/td>\n<td><\/td>\n<\/tr>\n<\/tbody>\n<\/table>\n<div dir=\"auto\"><\/div>\n<div dir=\"auto\"><span style=\"color: #ffffff;\">.<\/span><\/div>\n<div dir=\"auto\"><img loading=\"lazy\" decoding=\"async\" class=\"alignnone wp-image-391\" src=\"http:\/\/dirpromocion.salud-oaxaca.gob.mx\/wp-content\/uploads\/2018\/10\/Cintilla-300x6.jpg\" alt=\"\" width=\"1001\" height=\"20\" srcset=\"https:\/\/dirpromocion.salud-oaxaca.gob.mx\/wp-content\/uploads\/2018\/10\/Cintilla-300x6.jpg 300w, https:\/\/dirpromocion.salud-oaxaca.gob.mx\/wp-content\/uploads\/2018\/10\/Cintilla-768x16.jpg 768w, https:\/\/dirpromocion.salud-oaxaca.gob.mx\/wp-content\/uploads\/2018\/10\/Cintilla-1024x21.jpg 1024w, https:\/\/dirpromocion.salud-oaxaca.gob.mx\/wp-content\/uploads\/2018\/10\/Cintilla.jpg 1580w\" sizes=\"auto, (max-width: 1001px) 100vw, 1001px\" \/><\/div>\n<div dir=\"auto\"><span style=\"color: #ffffff;\">\u00a0.<\/span><\/div>\n<div dir=\"auto\"><\/div>\n<div dir=\"auto\"><a href=\"https:\/\/dirpromocion.salud-oaxaca.gob.mx\/\"><img loading=\"lazy\" decoding=\"async\" class=\"alignnone wp-image-577\" src=\"http:\/\/dirpromocion.salud-oaxaca.gob.mx\/wp-content\/uploads\/2021\/12\/Inicio1-300x95.png\" alt=\"\" width=\"126\" height=\"40\" srcset=\"https:\/\/dirpromocion.salud-oaxaca.gob.mx\/wp-content\/uploads\/2021\/12\/Inicio1-300x95.png 300w, https:\/\/dirpromocion.salud-oaxaca.gob.mx\/wp-content\/uploads\/2021\/12\/Inicio1-768x242.png 768w, https:\/\/dirpromocion.salud-oaxaca.gob.mx\/wp-content\/uploads\/2021\/12\/Inicio1-1024x323.png 1024w, https:\/\/dirpromocion.salud-oaxaca.gob.mx\/wp-content\/uploads\/2021\/12\/Inicio1.png 1434w\" sizes=\"auto, (max-width: 126px) 100vw, 126px\" \/><\/a><\/div>\n<div dir=\"auto\"><\/div>\n","protected":false},"excerpt":{"rendered":"<p>\u201c2022, A\u00d1O DEL CENTENARIO DE LA CONSTITUCI\u00d3N POL\u00cdTICA\u00a0 DEL ESTADO LIBRE Y SOBERANO DE OAXACA\u201d Destacado Las #EnfermedadesRespiratorias van desde [&hellip;]<\/p>\n","protected":false},"author":1,"featured_media":0,"parent":0,"menu_order":0,"comment_status":"closed","ping_status":"closed","template":"","meta":{"site-sidebar-layout":"default","site-content-layout":"","ast-site-content-layout":"","site-content-style":"default","site-sidebar-style":"default","ast-global-header-display":"","ast-banner-title-visibility":"","ast-main-header-display":"","ast-hfb-above-header-display":"","ast-hfb-below-header-display":"","ast-hfb-mobile-header-display":"","site-post-title":"","ast-breadcrumbs-content":"","ast-featured-img":"","footer-sml-layout":"","theme-transparent-header-meta":"","adv-header-id-meta":"","stick-header-meta":"","header-above-stick-meta":"","header-main-stick-meta":"","header-below-stick-meta":"","astra-migrate-meta-layouts":"default","ast-page-background-enabled":"default","ast-page-background-meta":{"desktop":{"background-color":"var(--ast-global-color-4)","background-image":"","background-repeat":"repeat","background-position":"center center","background-size":"auto","background-attachment":"scroll","background-type":"","background-media":"","overlay-type":"","overlay-color":"","overlay-opacity":"","overlay-gradient":""},"tablet":{"background-color":"","background-image":"","background-repeat":"repeat","background-position":"center center","background-size":"auto","background-attachment":"scroll","background-type":"","background-media":"","overlay-type":"","overlay-color":"","overlay-opacity":"","overlay-gradient":""},"mobile":{"background-color":"","background-image":"","background-repeat":"repeat","background-position":"center center","background-size":"auto","background-attachment":"scroll","background-type":"","background-media":"","overlay-type":"","overlay-color":"","overlay-opacity":"","overlay-gradient":""}},"ast-content-background-meta":{"desktop":{"background-color":"var(--ast-global-color-5)","background-image":"","background-repeat":"repeat","background-position":"center center","background-size":"auto","background-attachment":"scroll","background-type":"","background-media":"","overlay-type":"","overlay-color":"","overlay-opacity":"","overlay-gradient":""},"tablet":{"background-color":"var(--ast-global-color-5)","background-image":"","background-repeat":"repeat","background-position":"center center","background-size":"auto","background-attachment":"scroll","background-type":"","background-media":"","overlay-type":"","overlay-color":"","overlay-opacity":"","overlay-gradient":""},"mobile":{"background-color":"var(--ast-global-color-5)","background-image":"","background-repeat":"repeat","background-position":"center center","background-size":"auto","background-attachment":"scroll","background-type":"","background-media":"","overlay-type":"","overlay-color":"","overlay-opacity":"","overlay-gradient":""}},"footnotes":""},"class_list":["post-304","page","type-page","status-publish","hentry"],"_links":{"self":[{"href":"https:\/\/dirpromocion.salud-oaxaca.gob.mx\/index.php\/wp-json\/wp\/v2\/pages\/304","targetHints":{"allow":["GET"]}}],"collection":[{"href":"https:\/\/dirpromocion.salud-oaxaca.gob.mx\/index.php\/wp-json\/wp\/v2\/pages"}],"about":[{"href":"https:\/\/dirpromocion.salud-oaxaca.gob.mx\/index.php\/wp-json\/wp\/v2\/types\/page"}],"author":[{"embeddable":true,"href":"https:\/\/dirpromocion.salud-oaxaca.gob.mx\/index.php\/wp-json\/wp\/v2\/users\/1"}],"replies":[{"embeddable":true,"href":"https:\/\/dirpromocion.salud-oaxaca.gob.mx\/index.php\/wp-json\/wp\/v2\/comments?post=304"}],"version-history":[{"count":51,"href":"https:\/\/dirpromocion.salud-oaxaca.gob.mx\/index.php\/wp-json\/wp\/v2\/pages\/304\/revisions"}],"predecessor-version":[{"id":2235,"href":"https:\/\/dirpromocion.salud-oaxaca.gob.mx\/index.php\/wp-json\/wp\/v2\/pages\/304\/revisions\/2235"}],"wp:attachment":[{"href":"https:\/\/dirpromocion.salud-oaxaca.gob.mx\/index.php\/wp-json\/wp\/v2\/media?parent=304"}],"curies":[{"name":"wp","href":"https:\/\/api.w.org\/{rel}","templated":true}]}}