{"id":3250,"date":"2025-01-15T19:41:12","date_gmt":"2025-01-15T19:41:12","guid":{"rendered":"https:\/\/dirpromocion.salud-oaxaca.gob.mx\/?page_id=3250"},"modified":"2025-01-15T19:41:13","modified_gmt":"2025-01-15T19:41:13","slug":"presenta-sso-estrategia-de-vida-saludable-en-escuelas-de-oaxaca","status":"publish","type":"page","link":"https:\/\/dirpromocion.salud-oaxaca.gob.mx\/index.php\/presenta-sso-estrategia-de-vida-saludable-en-escuelas-de-oaxaca\/","title":{"rendered":"Presenta SSO Estrategia de Vida Saludable en escuelas de Oaxaca"},"content":{"rendered":"\n<div class=\"wp-block-group is-layout-constrained wp-block-group-is-layout-constrained\">\n<p><strong>Presenta SSO Estrategia de Vida Saludable en escuelas de Oaxaca<\/strong><\/p>\n\n\n\n<p>\u2022 Dependencias unen esfuerzos para reducir la obesidad y fomentar h\u00e1bitos saludables en ni\u00f1as, ni\u00f1os y adolescentes<\/p>\n\n\n\n<p>Oaxaca de Ju\u00e1rez, Oax. 14 de enero de 2025.- Con el objetivo de mejorar la salud de la comunidad educativa y prevenir enfermedades mediante una alimentaci\u00f3n adecuada, saludable e higi\u00e9nica, Servicios de Salud de Oaxaca (SSO) present\u00f3 la Estrategia de Vida Saludable en las escuelas del estado.<\/p>\n\n\n\n<p>El secretario de Salud de Oaxaca Efr\u00e9n Emmanuel Jarqu\u00edn Gonz\u00e1lez, destac\u00f3 que este programa est\u00e1 dirigido a infantes, adolescentes y j\u00f3venes, a fin de garantizar su derecho a una vida sin enfermedades.<\/p>\n\n\n\n<p>\u201cLas escuelas son uno de los mejores espacios para promover estilos de vida sanos y fortalecer la salud desde temprana edad\u201d, se\u00f1al\u00f3.<\/p>\n\n\n\n<p>Asever\u00f3 que la iniciativa forma parte de la estrategia nacional liderada por la Presidenta Claudia Sheinbaum Pardo y en Oaxaca, por el Gobernador Salom\u00f3n Jara Cruz, que tiene como prop\u00f3sito principal evitar el acceso de ni\u00f1as, ni\u00f1os y adolescentes a comida chatarra en los centros educativos y sus alrededores.<\/p>\n\n\n\n<p>Para alcanzar las metas fijadas, las secretar\u00edas de Salud y Educaci\u00f3n P\u00fablica, as\u00ed como el IMSS, IMSS-BIENESTAR y el Sistema DIF Oaxaca; tendr\u00e1n una colaboraci\u00f3n interinstitucional.<\/p>\n\n\n\n<p>Adem\u00e1s, se suman instituciones educativas, como: el Instituto Estatal de Educaci\u00f3n P\u00fablica de Oaxaca (IEEPO), el Colegio de Bachilleres de Oaxaca (COBAO), el Colegio de Estudios Cient\u00edficos y Tecnol\u00f3gicos del Estado de Oaxaca (CECyTEO) y el Colegio Superior para la Educaci\u00f3n Integral Intercultural de Oaxaca (CSEIIO), entre otros.<\/p>\n\n\n\n<p>Entre las actividades a realizar destacan: medici\u00f3n de agudeza visual, peso y talla, ense\u00f1anza del cepillado dental y aplicaci\u00f3n de fl\u00faor, promoci\u00f3n de salud f\u00edsica y mental, as\u00ed como, la implementaci\u00f3n de verificaciones a establecimientos escolares de consumo alimenticio.<\/p>\n\n\n\n<p>Esta estrategia contempla tambi\u00e9n, capacitaciones, talleres y conferencias sobre orientaci\u00f3n alimentaria y campa\u00f1as de difusi\u00f3n en redes sociales y espacios p\u00fablicos.<\/p>\n\n\n\n<p>Por su parte, la titular de la Secretar\u00eda de Educaci\u00f3n P\u00fablica de Oaxaca, Delfina Elizabeth Guzm\u00e1n D\u00edaz enfatiz\u00f3 que una vida saludable \u201cnos permite sentirnos con m\u00e1s energ\u00eda y mejora la calidad de vida de las ni\u00f1as, ni\u00f1os y j\u00f3venes. La educaci\u00f3n es clave para construir h\u00e1bitos que fomenten vidas sanas\u201d.<\/p>\n\n\n\n<p>Con la colaboraci\u00f3n de todas las dependencias involucradas, esta estrategia busca llegar a todos los rincones de Oaxaca, en escuelas de educaci\u00f3n b\u00e1sica como de nivel medio superior, puntualiz\u00f3.<\/p>\n\n\n\n<p>Con estas acciones se reafirma el compromiso del Gobierno de la Primavera Oaxaque\u00f1a con la salud integral y el bienestar de las nuevas generaciones.<\/p>\n\n\n\n<figure class=\"wp-block-gallery has-nested-images columns-default is-cropped wp-block-gallery-1 is-layout-flex wp-block-gallery-is-layout-flex\">\n<figure class=\"wp-block-image size-large\"><img loading=\"lazy\" decoding=\"async\" width=\"1024\" height=\"684\" src=\"https:\/\/dirpromocion.salud-oaxaca.gob.mx\/wp-content\/uploads\/2025\/01\/Reunion-SSO-IEEPO3-1024x684.jpg\" alt=\"\" class=\"wp-image-3240\" srcset=\"https:\/\/dirpromocion.salud-oaxaca.gob.mx\/wp-content\/uploads\/2025\/01\/Reunion-SSO-IEEPO3-1024x684.jpg 1024w, https:\/\/dirpromocion.salud-oaxaca.gob.mx\/wp-content\/uploads\/2025\/01\/Reunion-SSO-IEEPO3-300x200.jpg 300w, https:\/\/dirpromocion.salud-oaxaca.gob.mx\/wp-content\/uploads\/2025\/01\/Reunion-SSO-IEEPO3-768x513.jpg 768w, https:\/\/dirpromocion.salud-oaxaca.gob.mx\/wp-content\/uploads\/2025\/01\/Reunion-SSO-IEEPO3-1536x1027.jpg 1536w, https:\/\/dirpromocion.salud-oaxaca.gob.mx\/wp-content\/uploads\/2025\/01\/Reunion-SSO-IEEPO3.jpg 1616w\" sizes=\"auto, (max-width: 1024px) 100vw, 1024px\" \/><\/figure>\n\n\n\n<figure class=\"wp-block-image size-large\"><img loading=\"lazy\" decoding=\"async\" width=\"1024\" height=\"684\" src=\"https:\/\/dirpromocion.salud-oaxaca.gob.mx\/wp-content\/uploads\/2025\/01\/Reunion-SSO-IEEPO2-1024x684.jpg\" alt=\"\" class=\"wp-image-3239\" srcset=\"https:\/\/dirpromocion.salud-oaxaca.gob.mx\/wp-content\/uploads\/2025\/01\/Reunion-SSO-IEEPO2-1024x684.jpg 1024w, https:\/\/dirpromocion.salud-oaxaca.gob.mx\/wp-content\/uploads\/2025\/01\/Reunion-SSO-IEEPO2-300x200.jpg 300w, https:\/\/dirpromocion.salud-oaxaca.gob.mx\/wp-content\/uploads\/2025\/01\/Reunion-SSO-IEEPO2-768x513.jpg 768w, https:\/\/dirpromocion.salud-oaxaca.gob.mx\/wp-content\/uploads\/2025\/01\/Reunion-SSO-IEEPO2-1536x1027.jpg 1536w, https:\/\/dirpromocion.salud-oaxaca.gob.mx\/wp-content\/uploads\/2025\/01\/Reunion-SSO-IEEPO2.jpg 1616w\" sizes=\"auto, (max-width: 1024px) 100vw, 1024px\" \/><\/figure>\n\n\n\n<figure class=\"wp-block-image size-large\"><img loading=\"lazy\" decoding=\"async\" width=\"1024\" height=\"724\" src=\"https:\/\/dirpromocion.salud-oaxaca.gob.mx\/wp-content\/uploads\/2025\/01\/Reunion-SSO-IEEPO1-1-1024x724.jpg\" alt=\"\" class=\"wp-image-3238\" srcset=\"https:\/\/dirpromocion.salud-oaxaca.gob.mx\/wp-content\/uploads\/2025\/01\/Reunion-SSO-IEEPO1-1-1024x724.jpg 1024w, https:\/\/dirpromocion.salud-oaxaca.gob.mx\/wp-content\/uploads\/2025\/01\/Reunion-SSO-IEEPO1-1-300x212.jpg 300w, https:\/\/dirpromocion.salud-oaxaca.gob.mx\/wp-content\/uploads\/2025\/01\/Reunion-SSO-IEEPO1-1-768x543.jpg 768w, https:\/\/dirpromocion.salud-oaxaca.gob.mx\/wp-content\/uploads\/2025\/01\/Reunion-SSO-IEEPO1-1.jpg 1234w\" sizes=\"auto, (max-width: 1024px) 100vw, 1024px\" \/><\/figure>\n<\/figure>\n<\/div>\n","protected":false},"excerpt":{"rendered":"<p>Presenta SSO Estrategia de Vida Saludable en escuelas de Oaxaca \u2022 Dependencias unen esfuerzos para reducir la obesidad y fomentar [&hellip;]<\/p>\n","protected":false},"author":1,"featured_media":0,"parent":0,"menu_order":0,"comment_status":"closed","ping_status":"closed","template":"","meta":{"site-sidebar-layout":"default","site-content-layout":"","ast-site-content-layout":"","site-content-style":"default","site-sidebar-style":"default","ast-global-header-display":"","ast-banner-title-visibility":"","ast-main-header-display":"","ast-hfb-above-header-display":"","ast-hfb-below-header-display":"","ast-hfb-mobile-header-display":"","site-post-title":"","ast-breadcrumbs-content":"","ast-featured-img":"","footer-sml-layout":"","theme-transparent-header-meta":"","adv-header-id-meta":"","stick-header-meta":"","header-above-stick-meta":"","header-main-stick-meta":"","header-below-stick-meta":"","astra-migrate-meta-layouts":"default","ast-page-background-enabled":"default","ast-page-background-meta":{"desktop":{"background-color":"var(--ast-global-color-4)","background-image":"","background-repeat":"repeat","background-position":"center center","background-size":"auto","background-attachment":"scroll","background-type":"","background-media":"","overlay-type":"","overlay-color":"","overlay-opacity":"","overlay-gradient":""},"tablet":{"background-color":"","background-image":"","background-repeat":"repeat","background-position":"center center","background-size":"auto","background-attachment":"scroll","background-type":"","background-media":"","overlay-type":"","overlay-color":"","overlay-opacity":"","overlay-gradient":""},"mobile":{"background-color":"","background-image":"","background-repeat":"repeat","background-position":"center center","background-size":"auto","background-attachment":"scroll","background-type":"","background-media":"","overlay-type":"","overlay-color":"","overlay-opacity":"","overlay-gradient":""}},"ast-content-background-meta":{"desktop":{"background-color":"var(--ast-global-color-5)","background-image":"","background-repeat":"repeat","background-position":"center center","background-size":"auto","background-attachment":"scroll","background-type":"","background-media":"","overlay-type":"","overlay-color":"","overlay-opacity":"","overlay-gradient":""},"tablet":{"background-color":"var(--ast-global-color-5)","background-image":"","background-repeat":"repeat","background-position":"center center","background-size":"auto","background-attachment":"scroll","background-type":"","background-media":"","overlay-type":"","overlay-color":"","overlay-opacity":"","overlay-gradient":""},"mobile":{"background-color":"var(--ast-global-color-5)","background-image":"","background-repeat":"repeat","background-position":"center center","background-size":"auto","background-attachment":"scroll","background-type":"","background-media":"","overlay-type":"","overlay-color":"","overlay-opacity":"","overlay-gradient":""}},"footnotes":""},"class_list":["post-3250","page","type-page","status-publish","hentry"],"_links":{"self":[{"href":"https:\/\/dirpromocion.salud-oaxaca.gob.mx\/index.php\/wp-json\/wp\/v2\/pages\/3250","targetHints":{"allow":["GET"]}}],"collection":[{"href":"https:\/\/dirpromocion.salud-oaxaca.gob.mx\/index.php\/wp-json\/wp\/v2\/pages"}],"about":[{"href":"https:\/\/dirpromocion.salud-oaxaca.gob.mx\/index.php\/wp-json\/wp\/v2\/types\/page"}],"author":[{"embeddable":true,"href":"https:\/\/dirpromocion.salud-oaxaca.gob.mx\/index.php\/wp-json\/wp\/v2\/users\/1"}],"replies":[{"embeddable":true,"href":"https:\/\/dirpromocion.salud-oaxaca.gob.mx\/index.php\/wp-json\/wp\/v2\/comments?post=3250"}],"version-history":[{"count":1,"href":"https:\/\/dirpromocion.salud-oaxaca.gob.mx\/index.php\/wp-json\/wp\/v2\/pages\/3250\/revisions"}],"predecessor-version":[{"id":3251,"href":"https:\/\/dirpromocion.salud-oaxaca.gob.mx\/index.php\/wp-json\/wp\/v2\/pages\/3250\/revisions\/3251"}],"wp:attachment":[{"href":"https:\/\/dirpromocion.salud-oaxaca.gob.mx\/index.php\/wp-json\/wp\/v2\/media?parent=3250"}],"curies":[{"name":"wp","href":"https:\/\/api.w.org\/{rel}","templated":true}]}}