{"id":3460,"date":"2025-08-26T20:31:34","date_gmt":"2025-08-26T20:31:34","guid":{"rendered":"https:\/\/dirpromocion.salud-oaxaca.gob.mx\/?page_id=3460"},"modified":"2025-11-21T22:11:35","modified_gmt":"2025-11-21T22:11:35","slug":"segundo-informe-trimestral-sanas-oax-2025","status":"publish","type":"page","link":"https:\/\/dirpromocion.salud-oaxaca.gob.mx\/index.php\/segundo-informe-trimestral-sanas-oax-2025\/","title":{"rendered":"Segundo Informe Trimestral-SaNAS-OAX\/2025"},"content":{"rendered":"\n<p>PROGRAMA DE ACCI\u00d3N ESPEC\u00cdFICO PARA LA ATENCI\u00d3N Y CONTROL DE ENFERMEDADES RESPIRATORIAS CR\u00d3NICAS<\/p>\n\n\n\n<details class=\"wp-block-details is-layout-flow wp-block-details-is-layout-flow\"><summary>PROGRAMA DE ACCI\u00d3N ESPEC\u00cdFICO PARA LA ATENCI\u00d3N Y CONTROL DE ENFERMEDADES RESPIRATORIAS CR\u00d3NICAS<\/summary>\n<div class=\"wp-block-file\"><a id=\"wp-block-file--media-e77195a1-fab7-4e8f-8325-71d33b70eae9\" href=\"https:\/\/dirpromocion.salud-oaxaca.gob.mx\/wp-content\/uploads\/2025\/08\/2DO-INF-TRIM-CENAPRECE-2025_compressed-1.pdf\">2DO INF TRIM CENAPRECE 2025_compressed (1)<\/a><a href=\"https:\/\/dirpromocion.salud-oaxaca.gob.mx\/wp-content\/uploads\/2025\/08\/2DO-INF-TRIM-CENAPRECE-2025_compressed-1.pdf\" class=\"wp-block-file__button wp-element-button\" download aria-describedby=\"wp-block-file--media-e77195a1-fab7-4e8f-8325-71d33b70eae9\">Descarga<\/a><\/div>\n<\/details>\n\n\n\n<details class=\"wp-block-details is-layout-flow wp-block-details-is-layout-flow\"><summary>VIGILANCIA EPIDEMIOL\u00d3GICA<\/summary>\n<div class=\"wp-block-file\"><a id=\"wp-block-file--media-bce8ec90-0eea-4924-9822-e51b33b6b3fc\" href=\"https:\/\/dirpromocion.salud-oaxaca.gob.mx\/wp-content\/uploads\/2025\/08\/2DO-INF-TRIM-DIR-GENERAL-DE-EPIDEMILOGIA-2025.pdf\">2DO INF TRIM DIR GENERAL DE EPIDEMILOGIA 2025<\/a><a href=\"https:\/\/dirpromocion.salud-oaxaca.gob.mx\/wp-content\/uploads\/2025\/08\/2DO-INF-TRIM-DIR-GENERAL-DE-EPIDEMILOGIA-2025.pdf\" class=\"wp-block-file__button wp-element-button\" download aria-describedby=\"wp-block-file--media-bce8ec90-0eea-4924-9822-e51b33b6b3fc\">Descarga<\/a><\/div>\n<\/details>\n\n\n\n<details class=\"wp-block-details is-layout-flow wp-block-details-is-layout-flow\"><summary>SALUD SEXUAL Y REPRODUCTIVA \/ SALUD SEXUAL PARA ADOLESCENTES<\/summary>\n<div class=\"wp-block-file\"><a id=\"wp-block-file--media-d80bef1c-cbd9-41cc-95ec-58cefcd0ee4b\" href=\"https:\/\/dirpromocion.salud-oaxaca.gob.mx\/wp-content\/uploads\/2025\/08\/INF.-2O-TRIM.-CNEGSR-2025_compressed-1.pdf\">INF. 2O TRIM. CNEGSR 2025_compressed (1)<\/a><a href=\"https:\/\/dirpromocion.salud-oaxaca.gob.mx\/wp-content\/uploads\/2025\/08\/INF.-2O-TRIM.-CNEGSR-2025_compressed-1.pdf\" class=\"wp-block-file__button wp-element-button\" download aria-describedby=\"wp-block-file--media-d80bef1c-cbd9-41cc-95ec-58cefcd0ee4b\">Descarga<\/a><\/div>\n<\/details>\n\n\n\n<details class=\"wp-block-details is-layout-flow wp-block-details-is-layout-flow\"><summary>PREVENCI\u00d3N DE ACCIDENTES EN GRUPOS VULNERABLES<\/summary>\n<div class=\"wp-block-file\"><a id=\"wp-block-file--media-0804d178-0fdc-408a-88cf-0ecf1ffafc4f\" href=\"https:\/\/dirpromocion.salud-oaxaca.gob.mx\/wp-content\/uploads\/2025\/08\/2DO-INF-TRIM-CONAPRA-2025.pdf\">2DO INF TRIM CONAPRA 2025<\/a><a href=\"https:\/\/dirpromocion.salud-oaxaca.gob.mx\/wp-content\/uploads\/2025\/08\/2DO-INF-TRIM-CONAPRA-2025.pdf\" class=\"wp-block-file__button wp-element-button\" download aria-describedby=\"wp-block-file--media-0804d178-0fdc-408a-88cf-0ecf1ffafc4f\">Descarga<\/a><\/div>\n<\/details>\n\n\n\n<details class=\"wp-block-details is-layout-flow wp-block-details-is-layout-flow\"><summary>POL\u00cdTICAS DE SALUD P\u00daBLICA Y PROMOCI\u00d3N DE LA SALUD<\/summary>\n<div class=\"wp-block-file\"><a id=\"wp-block-file--media-f82a1e80-1e9a-4f7b-ac91-44df412a46c7\" href=\"https:\/\/dirpromocion.salud-oaxaca.gob.mx\/wp-content\/uploads\/2025\/08\/2DO-INF-TRIM-PROMOCION-DE-LA-SALUD-2025.pdf\">2DO INF TRIM PROMOCION DE LA SALUD 2025<\/a><a href=\"https:\/\/dirpromocion.salud-oaxaca.gob.mx\/wp-content\/uploads\/2025\/08\/2DO-INF-TRIM-PROMOCION-DE-LA-SALUD-2025.pdf\" class=\"wp-block-file__button wp-element-button\" download aria-describedby=\"wp-block-file--media-f82a1e80-1e9a-4f7b-ac91-44df412a46c7\">Descarga<\/a><\/div>\n<\/details>\n\n\n\n<details class=\"wp-block-details is-layout-flow wp-block-details-is-layout-flow\"><summary>CENTRO NACIONAL PARA LA PREVENCI\u00d3N Y EL CONTROL DE VHI\/SIDA Y HEPATITIS (SENSIDA)<\/summary>\n<div class=\"wp-block-file\"><a id=\"wp-block-file--media-e5aedc26-f427-439b-90b4-99b3e3821302\" href=\"https:\/\/dirpromocion.salud-oaxaca.gob.mx\/wp-content\/uploads\/2025\/08\/2DO.-INF.-TRIM.-CENSIDA-2025.pdf\">2DO. INF. TRIM. CENSIDA 2025<\/a><a href=\"https:\/\/dirpromocion.salud-oaxaca.gob.mx\/wp-content\/uploads\/2025\/08\/2DO.-INF.-TRIM.-CENSIDA-2025.pdf\" class=\"wp-block-file__button wp-element-button\" download aria-describedby=\"wp-block-file--media-e5aedc26-f427-439b-90b4-99b3e3821302\">Descarga<\/a><\/div>\n<\/details>\n\n\n\n<details class=\"wp-block-details is-layout-flow wp-block-details-is-layout-flow\"><summary>VIGILANCIA EN SALUD P\u00daBLICA POR LABORATORIO<\/summary>\n<div class=\"wp-block-file\"><a id=\"wp-block-file--media-c181bb73-9040-4685-8839-bc68a48c5208\" href=\"https:\/\/dirpromocion.salud-oaxaca.gob.mx\/wp-content\/uploads\/2025\/08\/1er-Informe-Trimestral.pdf\">1er Informe Trimestral<\/a><a href=\"https:\/\/dirpromocion.salud-oaxaca.gob.mx\/wp-content\/uploads\/2025\/08\/1er-Informe-Trimestral.pdf\" class=\"wp-block-file__button wp-element-button\" download aria-describedby=\"wp-block-file--media-c181bb73-9040-4685-8839-bc68a48c5208\">Descarga<\/a><\/div>\n<\/details>\n\n\n\n<details class=\"wp-block-details is-layout-flow wp-block-details-is-layout-flow\"><summary>INFORME DEL SEGUNDO TRIMESTRE DE LOS INSUMOS E INDICADORES DEL CONVENIO ESPEC\u00cdFICO SANAS EJERCICIO 2025. INFANCIA Y ADOLESCENCIA (SENSIA)<\/summary>\n<div class=\"wp-block-file\"><a id=\"wp-block-file--media-60b51fd9-4a35-487c-90ed-f3cae0fdd952\" href=\"https:\/\/dirpromocion.salud-oaxaca.gob.mx\/wp-content\/uploads\/2025\/11\/OFICIO-No.-1C-2404-2025-INFORME-DEL-SEGUNDO-TRIMESTRE-DE-LOS-INSUMOS-E-INDICADORES-DEL-CONVENIO-ESPECIFICO-SaNAS-EJERCICIO-2025.pdf\">OFICIO No. 1C-2404-2025, INFORME DEL SEGUNDO TRIMESTRE DE LOS INSUMOS E INDICADORES DEL CONVENIO ESPECI\u0301FICO SaNAS EJERCICIO 2025 INFANCIA Y ADOLESCENCIA (SENSIA).<\/a><a href=\"https:\/\/dirpromocion.salud-oaxaca.gob.mx\/wp-content\/uploads\/2025\/11\/OFICIO-No.-1C-2404-2025-INFORME-DEL-SEGUNDO-TRIMESTRE-DE-LOS-INSUMOS-E-INDICADORES-DEL-CONVENIO-ESPECIFICO-SaNAS-EJERCICIO-2025.pdf\" class=\"wp-block-file__button wp-element-button\" download aria-describedby=\"wp-block-file--media-60b51fd9-4a35-487c-90ed-f3cae0fdd952\">Descarga<\/a><\/div>\n\n\n\n<p>NFORME TRIMESTRAL SOBRE EL AVANCE EN EL SUMINISTRO Y DESTINO DE LOS INSUMOS BIENES DEL CENTRO NACIONAL PARA LA SALUD DE LA INFANCIA Y ADOLESCENCIA (SENSIA)<\/p>\n<\/details>\n\n\n\n<div class=\"wp-block-file\"><a id=\"wp-block-file--media-4867aa20-04ed-40bd-adf0-1c677287b561\" href=\"https:\/\/dirpromocion.salud-oaxaca.gob.mx\/wp-content\/uploads\/2025\/11\/INFORME-TRIMESTRAL-SOBRE-EL-AVANCE-EN-EL-SUMINISTRO-Y-DESTINO-DE-LOS-INSUMOS-BIENES-2025.pdf\">INFORME TRIMESTRAL SOBRE EL AVANCE EN EL SUMINISTRO Y DESTINO DE LOS INSUMOS-BIENES 2025.<\/a><a href=\"https:\/\/dirpromocion.salud-oaxaca.gob.mx\/wp-content\/uploads\/2025\/11\/INFORME-TRIMESTRAL-SOBRE-EL-AVANCE-EN-EL-SUMINISTRO-Y-DESTINO-DE-LOS-INSUMOS-BIENES-2025.pdf\" class=\"wp-block-file__button wp-element-button\" download aria-describedby=\"wp-block-file--media-4867aa20-04ed-40bd-adf0-1c677287b561\">Descarga<\/a><\/div>\n\n\n\n<details class=\"wp-block-details is-layout-flow wp-block-details-is-layout-flow\"><summary>CENTRO NACIONAL PARA LA SALUD DE LA INFANCIA Y ALA ADOLESCENCIA (CENSIA)<\/summary>\n<div data-wp-interactive=\"core\/file\" class=\"wp-block-file\"><object data-wp-bind--hidden=\"!state.hasPdfPreview\" hidden class=\"wp-block-file__embed\" data=\"http:\/\/dirpromocion.salud-oaxaca.gob.mx\/wp-content\/uploads\/2025\/11\/INFORME-TRIMESTRAL-SOBRE-AVANCES-DE-INDICADORES-2025.pdf\" type=\"application\/pdf\" style=\"width:100%;height:600px\" aria-label=\"Incrustado de INFORME TRIMESTRAL SOBRE AVANCES DE INDICADORES 2025..\"><\/object><a id=\"wp-block-file--media-158cfe91-9a66-4e04-9ac0-dbae82309bb2\" href=\"http:\/\/dirpromocion.salud-oaxaca.gob.mx\/wp-content\/uploads\/2025\/11\/INFORME-TRIMESTRAL-SOBRE-AVANCES-DE-INDICADORES-2025.pdf\">INFORME TRIMESTRAL SOBRE AVANCES DE INDICADORES 2025.<\/a><a href=\"http:\/\/dirpromocion.salud-oaxaca.gob.mx\/wp-content\/uploads\/2025\/11\/INFORME-TRIMESTRAL-SOBRE-AVANCES-DE-INDICADORES-2025.pdf\" class=\"wp-block-file__button wp-element-button\" download aria-describedby=\"wp-block-file--media-158cfe91-9a66-4e04-9ac0-dbae82309bb2\">Descarga<\/a><\/div>\n<\/details>\n\n\n\n<div class=\"wp-block-file\"><a id=\"wp-block-file--media-98588a00-8c55-4654-8d63-fc662d6d85c3\" href=\"https:\/\/dirpromocion.salud-oaxaca.gob.mx\/wp-content\/uploads\/2025\/11\/INFORME-TRIMESTRAL-SOBRE-AVANCES-DE-INDICADORES-2025.pdf\">INFORME TRIMESTRAL SOBRE AVANCES DE INDICADORES 2025.<\/a><a href=\"https:\/\/dirpromocion.salud-oaxaca.gob.mx\/wp-content\/uploads\/2025\/11\/INFORME-TRIMESTRAL-SOBRE-AVANCES-DE-INDICADORES-2025.pdf\" class=\"wp-block-file__button wp-element-button\" download aria-describedby=\"wp-block-file--media-98588a00-8c55-4654-8d63-fc662d6d85c3\">Descarga<\/a><\/div>\n\n\n\n<p><\/p>\n","protected":false},"excerpt":{"rendered":"<p>PROGRAMA DE ACCI\u00d3N ESPEC\u00cdFICO PARA LA ATENCI\u00d3N Y CONTROL DE ENFERMEDADES RESPIRATORIAS CR\u00d3NICAS<\/p>\n","protected":false},"author":1,"featured_media":0,"parent":0,"menu_order":0,"comment_status":"closed","ping_status":"closed","template":"","meta":{"site-sidebar-layout":"default","site-content-layout":"","ast-site-content-layout":"","site-content-style":"default","site-sidebar-style":"default","ast-global-header-display":"","ast-banner-title-visibility":"","ast-main-header-display":"","ast-hfb-above-header-display":"","ast-hfb-below-header-display":"","ast-hfb-mobile-header-display":"","site-post-title":"","ast-breadcrumbs-content":"","ast-featured-img":"","footer-sml-layout":"","theme-transparent-header-meta":"","adv-header-id-meta":"","stick-header-meta":"","header-above-stick-meta":"","header-main-stick-meta":"","header-below-stick-meta":"","astra-migrate-meta-layouts":"default","ast-page-background-enabled":"default","ast-page-background-meta":{"desktop":{"background-color":"var(--ast-global-color-4)","background-image":"","background-repeat":"repeat","background-position":"center center","background-size":"auto","background-attachment":"scroll","background-type":"","background-media":"","overlay-type":"","overlay-color":"","overlay-opacity":"","overlay-gradient":""},"tablet":{"background-color":"","background-image":"","background-repeat":"repeat","background-position":"center center","background-size":"auto","background-attachment":"scroll","background-type":"","background-media":"","overlay-type":"","overlay-color":"","overlay-opacity":"","overlay-gradient":""},"mobile":{"background-color":"","background-image":"","background-repeat":"repeat","background-position":"center center","background-size":"auto","background-attachment":"scroll","background-type":"","background-media":"","overlay-type":"","overlay-color":"","overlay-opacity":"","overlay-gradient":""}},"ast-content-background-meta":{"desktop":{"background-color":"var(--ast-global-color-5)","background-image":"","background-repeat":"repeat","background-position":"center center","background-size":"auto","background-attachment":"scroll","background-type":"","background-media":"","overlay-type":"","overlay-color":"","overlay-opacity":"","overlay-gradient":""},"tablet":{"background-color":"var(--ast-global-color-5)","background-image":"","background-repeat":"repeat","background-position":"center center","background-size":"auto","background-attachment":"scroll","background-type":"","background-media":"","overlay-type":"","overlay-color":"","overlay-opacity":"","overlay-gradient":""},"mobile":{"background-color":"var(--ast-global-color-5)","background-image":"","background-repeat":"repeat","background-position":"center center","background-size":"auto","background-attachment":"scroll","background-type":"","background-media":"","overlay-type":"","overlay-color":"","overlay-opacity":"","overlay-gradient":""}},"footnotes":""},"class_list":["post-3460","page","type-page","status-publish","hentry"],"_links":{"self":[{"href":"https:\/\/dirpromocion.salud-oaxaca.gob.mx\/index.php\/wp-json\/wp\/v2\/pages\/3460","targetHints":{"allow":["GET"]}}],"collection":[{"href":"https:\/\/dirpromocion.salud-oaxaca.gob.mx\/index.php\/wp-json\/wp\/v2\/pages"}],"about":[{"href":"https:\/\/dirpromocion.salud-oaxaca.gob.mx\/index.php\/wp-json\/wp\/v2\/types\/page"}],"author":[{"embeddable":true,"href":"https:\/\/dirpromocion.salud-oaxaca.gob.mx\/index.php\/wp-json\/wp\/v2\/users\/1"}],"replies":[{"embeddable":true,"href":"https:\/\/dirpromocion.salud-oaxaca.gob.mx\/index.php\/wp-json\/wp\/v2\/comments?post=3460"}],"version-history":[{"count":6,"href":"https:\/\/dirpromocion.salud-oaxaca.gob.mx\/index.php\/wp-json\/wp\/v2\/pages\/3460\/revisions"}],"predecessor-version":[{"id":3668,"href":"https:\/\/dirpromocion.salud-oaxaca.gob.mx\/index.php\/wp-json\/wp\/v2\/pages\/3460\/revisions\/3668"}],"wp:attachment":[{"href":"https:\/\/dirpromocion.salud-oaxaca.gob.mx\/index.php\/wp-json\/wp\/v2\/media?parent=3460"}],"curies":[{"name":"wp","href":"https:\/\/api.w.org\/{rel}","templated":true}]}}