{"id":44,"date":"2018-06-18T22:17:16","date_gmt":"2018-06-18T22:17:16","guid":{"rendered":"http:\/\/dirpromocion.salud-oaxaca.gob.mx\/?page_id=44"},"modified":"2025-01-23T23:15:57","modified_gmt":"2025-01-23T23:15:57","slug":"unidad-de-medicina-preventiva","status":"publish","type":"page","link":"https:\/\/dirpromocion.salud-oaxaca.gob.mx\/index.php\/unidad-de-medicina-preventiva\/","title":{"rendered":"Unidad de Medicina Preventiva"},"content":{"rendered":"<h5 style=\"text-align: right;\">\u201c2025, BICENTENARIO DE LA CONSTITUCI\u00d3N POL\u00cdTICA DEL ESTADO LIBRE Y SOBERANO DE OAXACA\u201d<\/h5>\n\n\n<p class=\"has-ast-global-color-1-color has-text-color has-link-color has-medium-font-size wp-elements-14e11554072312e2344b2eae1779faf8\">Reconoce SSO labor del personal de psicolog\u00eda<\/p>\n\n\n\n<p>\u2022 Un total de 14 profesionales de la salud mental fueron galardonados por sus acciones en prevenci\u00f3n y atenci\u00f3n de adicciones<\/p>\n\n\n\n<p>Oaxaca de Ju\u00e1rez, Oax. 21 de enero de 2025.- Por su destacada labor en el \u00e1mbito de la psicolog\u00eda, Servicios de Salud de Oaxaca (SSO) a trav\u00e9s de la Direcci\u00f3n de Prevenci\u00f3n y Promoci\u00f3n de la Salud y la Coordinaci\u00f3n Estatal de Salud Mental y Adicciones, reconocieron a psic\u00f3logas y psic\u00f3logos cuya dedicaci\u00f3n ha <a><\/a>contribuido significativamente al bienestar de la poblaci\u00f3n.<\/p>\n\n\n\n<p>Durante la ceremonia, se entregaron galardones al personal que presta sus servicios en unidades de salud de IMSS-BIENESTAR, entre los que destacan: V\u00edctor Hugo P\u00e9rez V\u00e1squez, Gisela Isabel Ju\u00e1rez Santiago, Arturo Lona Ram\u00edrez, Ivonne Zafra Ruiz, Patricia Maythe Ju\u00e1rez Cruz, Juan de Dios Cortes G\u00f3mez y Sandra Estela Cruz D\u00edaz.<\/p>\n\n\n\n<p>As\u00ed como a Mayra Nayeli Cer\u00f3n Almaraz, Isabel del Pilar Tolentino Olivera, Ernesto Camacho Newman, David Canseco Cruz, Yuridia Avil\u00e9s Osorio, Rosa Eugenia Toledo Toledo y Nashielly Ram\u00edrez Peralta.<\/p>\n\n\n\n<p>En este sentido, el director de Prevenci\u00f3n y Promoci\u00f3n de SSO, Julio Avelino Galindo L\u00f3pez reconoci\u00f3 la dedicaci\u00f3n, sensibilidad y valent\u00eda del personal en su labor cl\u00ednica y comunitaria.<\/p>\n\n\n\n<p>Subray\u00f3 que su trabajo es fundamental para enfrentar el estigma, las barreras de acceso y la vulnerabilidad que afectan a muchas comunidades, destacando su rol como agentes de cambio en la atenci\u00f3n de la salud mental y adicciones.<\/p>\n\n\n\n<p>\u201cHoy celebramos a estos profesionales por su esfuerzo, innovaci\u00f3n y liderazgo. Reafirmamos nuestro compromiso de trabajar juntos para fortalecer los programas de prevenci\u00f3n, atenci\u00f3n y rehabilitaci\u00f3n en salud mental y adicciones\u201d, afirm\u00f3.<\/p>\n\n\n\n<p>Finalmente, Galindo L\u00f3pez felicit\u00f3 a las y los galardonados al tiempo de recordarles que su trabajo es profundamente valioso y transformador, e invit\u00f3 a seguir construyendo un Oaxaca m\u00e1s saludable, inclusivo y solidario.<\/p>\n\n\n\n<figure class=\"wp-block-gallery has-nested-images columns-default is-cropped wp-block-gallery-1 is-layout-flex wp-block-gallery-is-layout-flex\">\n<figure class=\"wp-block-image size-large\"><img loading=\"lazy\" decoding=\"async\" width=\"1024\" height=\"696\" data-id=\"3263\" src=\"https:\/\/dirpromocion.salud-oaxaca.gob.mx\/wp-content\/uploads\/2025\/01\/Mesa3-1024x696.jpg\" alt=\"\" class=\"wp-image-3263\" srcset=\"https:\/\/dirpromocion.salud-oaxaca.gob.mx\/wp-content\/uploads\/2025\/01\/Mesa3-1024x696.jpg 1024w, https:\/\/dirpromocion.salud-oaxaca.gob.mx\/wp-content\/uploads\/2025\/01\/Mesa3-300x204.jpg 300w, https:\/\/dirpromocion.salud-oaxaca.gob.mx\/wp-content\/uploads\/2025\/01\/Mesa3-768x522.jpg 768w, https:\/\/dirpromocion.salud-oaxaca.gob.mx\/wp-content\/uploads\/2025\/01\/Mesa3.jpg 1152w\" sizes=\"auto, (max-width: 1024px) 100vw, 1024px\" \/><\/figure>\n\n\n\n<figure class=\"wp-block-image size-large\"><img loading=\"lazy\" decoding=\"async\" width=\"841\" height=\"451\" data-id=\"3264\" src=\"https:\/\/dirpromocion.salud-oaxaca.gob.mx\/wp-content\/uploads\/2025\/01\/Mesa2.jpg\" alt=\"\" class=\"wp-image-3264\" srcset=\"https:\/\/dirpromocion.salud-oaxaca.gob.mx\/wp-content\/uploads\/2025\/01\/Mesa2.jpg 841w, https:\/\/dirpromocion.salud-oaxaca.gob.mx\/wp-content\/uploads\/2025\/01\/Mesa2-300x161.jpg 300w, https:\/\/dirpromocion.salud-oaxaca.gob.mx\/wp-content\/uploads\/2025\/01\/Mesa2-768x412.jpg 768w\" sizes=\"auto, (max-width: 841px) 100vw, 841px\" \/><\/figure>\n\n\n\n<figure class=\"wp-block-image size-large\"><img loading=\"lazy\" decoding=\"async\" width=\"1024\" height=\"517\" data-id=\"3265\" src=\"https:\/\/dirpromocion.salud-oaxaca.gob.mx\/wp-content\/uploads\/2025\/01\/Mesa4-1024x517.jpg\" alt=\"\" class=\"wp-image-3265\" srcset=\"https:\/\/dirpromocion.salud-oaxaca.gob.mx\/wp-content\/uploads\/2025\/01\/Mesa4-1024x517.jpg 1024w, https:\/\/dirpromocion.salud-oaxaca.gob.mx\/wp-content\/uploads\/2025\/01\/Mesa4-300x152.jpg 300w, https:\/\/dirpromocion.salud-oaxaca.gob.mx\/wp-content\/uploads\/2025\/01\/Mesa4-768x388.jpg 768w, https:\/\/dirpromocion.salud-oaxaca.gob.mx\/wp-content\/uploads\/2025\/01\/Mesa4.jpg 1031w\" sizes=\"auto, (max-width: 1024px) 100vw, 1024px\" \/><\/figure>\n<\/figure>\n\n\n\n<div class=\"wp-block-group alignwide is-layout-constrained wp-block-group-is-layout-constrained\">\n<figure class=\"wp-block-image aligncenter size-full is-resized\"><a href=\"https:\/\/dirpromocion.salud-oaxaca.gob.mx\/\"><img loading=\"lazy\" decoding=\"async\" width=\"252\" height=\"220\" src=\"http:\/\/dirpromocion.salud-oaxaca.gob.mx\/wp-content\/uploads\/2024\/11\/inicio.jpeg\" alt=\"\" class=\"wp-image-2922\" style=\"width:69px\"\/><\/a><\/figure>\n\n\n\n<h3 class=\"wp-block-heading\">Ejes de Gobierno<\/h3>\n\n\n\n<hr class=\"wp-block-separator has-alpha-channel-opacity is-style-wide\" style=\"border-color: #942850\"\/>\n\n\n\n<div class=\"wp-block-columns is-layout-flex wp-container-core-columns-is-layout-1 wp-block-columns-is-layout-flex\">\n<div class=\"wp-block-column is-layout-flow wp-block-column-is-layout-flow\">\n<figure class=\"wp-block-image size-full is-resized\"><img loading=\"lazy\" decoding=\"async\" width=\"881\" height=\"292\" src=\"http:\/\/dirpromocion.salud-oaxaca.gob.mx\/wp-content\/uploads\/2024\/12\/EJE_01_PS.png\" alt=\"\" class=\"wp-image-3175\" style=\"width:auto;height:100px\" srcset=\"https:\/\/dirpromocion.salud-oaxaca.gob.mx\/wp-content\/uploads\/2024\/12\/EJE_01_PS.png 881w, https:\/\/dirpromocion.salud-oaxaca.gob.mx\/wp-content\/uploads\/2024\/12\/EJE_01_PS-300x99.png 300w, https:\/\/dirpromocion.salud-oaxaca.gob.mx\/wp-content\/uploads\/2024\/12\/EJE_01_PS-768x255.png 768w\" sizes=\"auto, (max-width: 881px) 100vw, 881px\" \/><\/figure>\n<\/div>\n\n\n\n<div class=\"wp-block-column is-layout-flow wp-block-column-is-layout-flow\">\n<figure class=\"wp-block-image size-full is-resized\"><img loading=\"lazy\" decoding=\"async\" width=\"855\" height=\"299\" src=\"http:\/\/dirpromocion.salud-oaxaca.gob.mx\/wp-content\/uploads\/2024\/12\/EJE_03_RH.png\" alt=\"\" class=\"wp-image-3176\" style=\"width:auto;height:100px\" srcset=\"https:\/\/dirpromocion.salud-oaxaca.gob.mx\/wp-content\/uploads\/2024\/12\/EJE_03_RH.png 855w, https:\/\/dirpromocion.salud-oaxaca.gob.mx\/wp-content\/uploads\/2024\/12\/EJE_03_RH-300x105.png 300w, https:\/\/dirpromocion.salud-oaxaca.gob.mx\/wp-content\/uploads\/2024\/12\/EJE_03_RH-768x269.png 768w\" sizes=\"auto, (max-width: 855px) 100vw, 855px\" \/><\/figure>\n<\/div>\n\n\n\n<div class=\"wp-block-column is-layout-flow wp-block-column-is-layout-flow\">\n<figure class=\"wp-block-image size-large is-resized\"><img loading=\"lazy\" decoding=\"async\" width=\"1024\" height=\"338\" src=\"http:\/\/dirpromocion.salud-oaxaca.gob.mx\/wp-content\/uploads\/2024\/12\/EJE_04_DIS-1024x338.png\" alt=\"\" class=\"wp-image-3177\" style=\"width:auto;height:100px\" srcset=\"https:\/\/dirpromocion.salud-oaxaca.gob.mx\/wp-content\/uploads\/2024\/12\/EJE_04_DIS-1024x338.png 1024w, https:\/\/dirpromocion.salud-oaxaca.gob.mx\/wp-content\/uploads\/2024\/12\/EJE_04_DIS-300x99.png 300w, https:\/\/dirpromocion.salud-oaxaca.gob.mx\/wp-content\/uploads\/2024\/12\/EJE_04_DIS-768x253.png 768w, https:\/\/dirpromocion.salud-oaxaca.gob.mx\/wp-content\/uploads\/2024\/12\/EJE_04_DIS.png 1140w\" sizes=\"auto, (max-width: 1024px) 100vw, 1024px\" \/><\/figure>\n<\/div>\n<\/div>\n\n\n\n<figure class=\"wp-block-image aligncenter size-full is-resized\"><img loading=\"lazy\" decoding=\"async\" width=\"925\" height=\"182\" src=\"http:\/\/dirpromocion.salud-oaxaca.gob.mx\/wp-content\/uploads\/2024\/11\/Haciendo-Historia.png\" alt=\"\" class=\"wp-image-2921\" style=\"width:337px\" srcset=\"https:\/\/dirpromocion.salud-oaxaca.gob.mx\/wp-content\/uploads\/2024\/11\/Haciendo-Historia.png 925w, https:\/\/dirpromocion.salud-oaxaca.gob.mx\/wp-content\/uploads\/2024\/11\/Haciendo-Historia-300x59.png 300w, https:\/\/dirpromocion.salud-oaxaca.gob.mx\/wp-content\/uploads\/2024\/11\/Haciendo-Historia-768x151.png 768w\" sizes=\"auto, (max-width: 925px) 100vw, 925px\" \/><\/figure>\n<\/div>\n","protected":false},"excerpt":{"rendered":"<p>\u201c2025, BICENTENARIO DE LA CONSTITUCI\u00d3N POL\u00cdTICA DEL ESTADO LIBRE Y SOBERANO DE OAXACA\u201d Reconoce SSO labor del personal de psicolog\u00eda [&hellip;]<\/p>\n","protected":false},"author":1,"featured_media":0,"parent":0,"menu_order":0,"comment_status":"closed","ping_status":"closed","template":"","meta":{"site-sidebar-layout":"default","site-content-layout":"","ast-site-content-layout":"","site-content-style":"default","site-sidebar-style":"default","ast-global-header-display":"","ast-banner-title-visibility":"","ast-main-header-display":"","ast-hfb-above-header-display":"","ast-hfb-below-header-display":"","ast-hfb-mobile-header-display":"","site-post-title":"","ast-breadcrumbs-content":"","ast-featured-img":"","footer-sml-layout":"","theme-transparent-header-meta":"","adv-header-id-meta":"","stick-header-meta":"","header-above-stick-meta":"","header-main-stick-meta":"","header-below-stick-meta":"","astra-migrate-meta-layouts":"default","ast-page-background-enabled":"default","ast-page-background-meta":{"desktop":{"background-color":"var(--ast-global-color-4)","background-image":"","background-repeat":"repeat","background-position":"center center","background-size":"auto","background-attachment":"scroll","background-type":"","background-media":"","overlay-type":"","overlay-color":"","overlay-opacity":"","overlay-gradient":""},"tablet":{"background-color":"","background-image":"","background-repeat":"repeat","background-position":"center center","background-size":"auto","background-attachment":"scroll","background-type":"","background-media":"","overlay-type":"","overlay-color":"","overlay-opacity":"","overlay-gradient":""},"mobile":{"background-color":"","background-image":"","background-repeat":"repeat","background-position":"center center","background-size":"auto","background-attachment":"scroll","background-type":"","background-media":"","overlay-type":"","overlay-color":"","overlay-opacity":"","overlay-gradient":""}},"ast-content-background-meta":{"desktop":{"background-color":"var(--ast-global-color-5)","background-image":"","background-repeat":"repeat","background-position":"center center","background-size":"auto","background-attachment":"scroll","background-type":"","background-media":"","overlay-type":"","overlay-color":"","overlay-opacity":"","overlay-gradient":""},"tablet":{"background-color":"var(--ast-global-color-5)","background-image":"","background-repeat":"repeat","background-position":"center center","background-size":"auto","background-attachment":"scroll","background-type":"","background-media":"","overlay-type":"","overlay-color":"","overlay-opacity":"","overlay-gradient":""},"mobile":{"background-color":"var(--ast-global-color-5)","background-image":"","background-repeat":"repeat","background-position":"center center","background-size":"auto","background-attachment":"scroll","background-type":"","background-media":"","overlay-type":"","overlay-color":"","overlay-opacity":"","overlay-gradient":""}},"footnotes":""},"class_list":["post-44","page","type-page","status-publish","hentry"],"_links":{"self":[{"href":"https:\/\/dirpromocion.salud-oaxaca.gob.mx\/index.php\/wp-json\/wp\/v2\/pages\/44","targetHints":{"allow":["GET"]}}],"collection":[{"href":"https:\/\/dirpromocion.salud-oaxaca.gob.mx\/index.php\/wp-json\/wp\/v2\/pages"}],"about":[{"href":"https:\/\/dirpromocion.salud-oaxaca.gob.mx\/index.php\/wp-json\/wp\/v2\/types\/page"}],"author":[{"embeddable":true,"href":"https:\/\/dirpromocion.salud-oaxaca.gob.mx\/index.php\/wp-json\/wp\/v2\/users\/1"}],"replies":[{"embeddable":true,"href":"https:\/\/dirpromocion.salud-oaxaca.gob.mx\/index.php\/wp-json\/wp\/v2\/comments?post=44"}],"version-history":[{"count":19,"href":"https:\/\/dirpromocion.salud-oaxaca.gob.mx\/index.php\/wp-json\/wp\/v2\/pages\/44\/revisions"}],"predecessor-version":[{"id":3274,"href":"https:\/\/dirpromocion.salud-oaxaca.gob.mx\/index.php\/wp-json\/wp\/v2\/pages\/44\/revisions\/3274"}],"wp:attachment":[{"href":"https:\/\/dirpromocion.salud-oaxaca.gob.mx\/index.php\/wp-json\/wp\/v2\/media?parent=44"}],"curies":[{"name":"wp","href":"https:\/\/api.w.org\/{rel}","templated":true}]}}