{"id":50,"date":"2018-06-18T22:58:29","date_gmt":"2018-06-18T22:58:29","guid":{"rendered":"http:\/\/dirpromocion.salud-oaxaca.gob.mx\/?page_id=50"},"modified":"2026-01-28T02:06:48","modified_gmt":"2026-01-28T02:06:48","slug":"direccion","status":"publish","type":"page","link":"https:\/\/dirpromocion.salud-oaxaca.gob.mx\/index.php\/direccion\/","title":{"rendered":"Direcci\u00f3n"},"content":{"rendered":"\n<figure class=\"wp-block-image size-large has-custom-border\" style=\"margin-top:0;margin-right:var(--wp--preset--spacing--80);margin-bottom:0;margin-left:var(--wp--preset--spacing--80)\"><img loading=\"lazy\" decoding=\"async\" width=\"1024\" height=\"342\" src=\"https:\/\/dirpromocion.salud-oaxaca.gob.mx\/wp-content\/uploads\/2025\/11\/Direccion-02-1024x342.png\" alt=\"\" class=\"wp-image-3617\" style=\"border-style:none;border-width:0px;border-radius:41px\" srcset=\"https:\/\/dirpromocion.salud-oaxaca.gob.mx\/wp-content\/uploads\/2025\/11\/Direccion-02-1024x342.png 1024w, https:\/\/dirpromocion.salud-oaxaca.gob.mx\/wp-content\/uploads\/2025\/11\/Direccion-02-300x100.png 300w, https:\/\/dirpromocion.salud-oaxaca.gob.mx\/wp-content\/uploads\/2025\/11\/Direccion-02-768x256.png 768w, https:\/\/dirpromocion.salud-oaxaca.gob.mx\/wp-content\/uploads\/2025\/11\/Direccion-02-1536x513.png 1536w, https:\/\/dirpromocion.salud-oaxaca.gob.mx\/wp-content\/uploads\/2025\/11\/Direccion-02-2048x684.png 2048w\" sizes=\"auto, (max-width: 1024px) 100vw, 1024px\" \/><\/figure>\n\n\n<h6 class=\"wp-block-heading has-text-align-center\"><em>\u201c2026, A\u00d1o DEL BICENTENARIO DEL NATALICIO DE MARGARITA MAZA PARADA, EJEMPLO DE DIGNIDAD, LEALTAD Y SERVICIO A LA NACI\u00d3N\u201d<\/em><\/h6>\n\n\n<p class=\"has-white-color has-text-color has-link-color wp-elements-7e4ac651328708ea719ac0894fa30934\">.<\/p>\n\n\n\n<p><strong>En la Direcci\u00f3n de Prevenci\u00f3n y Promoci\u00f3n de la Salud&nbsp;<\/strong>Verificamos el&nbsp; mejoramiento&nbsp; de&nbsp; las condiciones&nbsp; de&nbsp; salud&nbsp; de&nbsp; la&nbsp; poblaci\u00f3n a trav\u00e9s de la coordinaci\u00f3n de actividades&nbsp; multisectoriales&nbsp; sobre&nbsp; los&nbsp; determinantes&nbsp; de&nbsp; la&nbsp; salud de la poblaci\u00f3n, con el fin de concretar acciones de&nbsp; prevenci\u00f3n,&nbsp; detecci\u00f3n&nbsp; oportuna,&nbsp; control y seguimiento de las enfermedades que afectan a la poblaci\u00f3n infantil&nbsp; y&nbsp; adolescente, as\u00ed como de las enfermedades transmitidas por vector, logrando la participaci\u00f3n corresponsable en el mantenimiento y mejoramiento del bienestar.<\/p>\n\n\n\n<p>Direcci\u00f3n: Heroica Escuela Naval Militar 701 C.P. 68050, Col. Reforma, Oax.<br>Tel\u00e9fono: (951) 513 6456, 515 9285, 518 5539<\/p>\n\n\n\n<p class=\"has-white-color has-text-color has-link-color wp-elements-7e4ac651328708ea719ac0894fa30934\">.<\/p>\n\n\n\n<figure class=\"wp-block-image size-full is-resized\"><img loading=\"lazy\" decoding=\"async\" width=\"804\" height=\"456\" src=\"https:\/\/dirpromocion.salud-oaxaca.gob.mx\/wp-content\/uploads\/2025\/11\/informes-01.png\" alt=\"\" class=\"wp-image-3653\" style=\"width:204px;height:auto\" srcset=\"https:\/\/dirpromocion.salud-oaxaca.gob.mx\/wp-content\/uploads\/2025\/11\/informes-01.png 804w, https:\/\/dirpromocion.salud-oaxaca.gob.mx\/wp-content\/uploads\/2025\/11\/informes-01-300x170.png 300w, https:\/\/dirpromocion.salud-oaxaca.gob.mx\/wp-content\/uploads\/2025\/11\/informes-01-768x436.png 768w\" sizes=\"auto, (max-width: 804px) 100vw, 804px\" \/><\/figure>\n\n\n\n<div class=\"wp-block-columns is-layout-flex wp-container-core-columns-is-layout-1 wp-block-columns-is-layout-flex\">\n<div class=\"wp-block-column is-layout-flow wp-block-column-is-layout-flow\">\n<figure class=\"wp-block-image aligncenter size-full is-resized\"><a href=\"https:\/\/dirpromocion.salud-oaxaca.gob.mx\/index.php\/informes-trimestrales-avance-de-indicadores-de-programas-componentes-sanas-oax-2023\/\" target=\"_blank\" rel=\"noreferrer noopener\"><img loading=\"lazy\" decoding=\"async\" width=\"640\" height=\"640\" src=\"http:\/\/dirpromocion.salud-oaxaca.gob.mx\/wp-content\/uploads\/2024\/11\/oficina.gif\" alt=\"\" class=\"wp-image-3019\" style=\"width:100px\"\/><\/a><\/figure>\n\n\n\n<p class=\"has-text-align-center\">Informes Trimestrales, avances de Indicadores de Programas Componentes CM-SaNAS-OAX\/2023<\/p>\n<\/div>\n\n\n\n<div class=\"wp-block-column is-layout-flow wp-block-column-is-layout-flow\">\n<figure class=\"wp-block-image aligncenter size-full is-resized\"><a href=\"https:\/\/dirpromocion.salud-oaxaca.gob.mx\/index.php\/informe-sobre-el-avance-y-suministro-en-el-destino-de-los-insumosbienes\/\" target=\"_blank\" rel=\"noreferrer noopener\"><img loading=\"lazy\" decoding=\"async\" width=\"640\" height=\"640\" src=\"https:\/\/dirpromocion.salud-oaxaca.gob.mx\/wp-content\/uploads\/2024\/11\/oficina-1-1.gif\" alt=\"\" class=\"wp-image-3022\" style=\"width:100px\"\/><\/a><\/figure>\n\n\n\n<p class=\"has-text-align-center\">Informe sobre el avance en el Suministro y Destino de los Insumos\/Bienes 2023<\/p>\n<\/div>\n\n\n\n<div class=\"wp-block-column is-layout-flow wp-block-column-is-layout-flow\">\n<figure class=\"wp-block-image aligncenter size-full is-resized\"><a href=\"https:\/\/dirpromocion.salud-oaxaca.gob.mx\/index.php\/listado-de-programas-financiados-con-insumos-sanas-2023\/\" target=\"_blank\" rel=\"noreferrer noopener\"><img loading=\"lazy\" decoding=\"async\" width=\"640\" height=\"640\" src=\"http:\/\/dirpromocion.salud-oaxaca.gob.mx\/wp-content\/uploads\/2024\/11\/oficina-1.gif\" alt=\"\" class=\"wp-image-3021\" style=\"width:100px\"\/><\/a><\/figure>\n\n\n\n<p class=\"has-text-align-center\">Listado de Programas Financiados con Insumos SaNAS 2023<\/p>\n<\/div>\n<\/div>\n\n\n\n<div class=\"wp-block-columns is-layout-flex wp-container-core-columns-is-layout-2 wp-block-columns-is-layout-flex\">\n<div class=\"wp-block-column is-layout-flow wp-block-column-is-layout-flow\">\n<figure class=\"wp-block-image aligncenter size-full is-resized\"><a href=\"https:\/\/dirpromocion.salud-oaxaca.gob.mx\/index.php\/informes-trimestrales-avance-de-indicadores-de-programas-componentes-sanas-oax-2024\/\" target=\"_blank\" rel=\"noreferrer noopener\"><img loading=\"lazy\" decoding=\"async\" width=\"640\" height=\"640\" src=\"https:\/\/dirpromocion.salud-oaxaca.gob.mx\/wp-content\/uploads\/2024\/11\/oficina-1-2.gif\" alt=\"\" class=\"wp-image-3025\" style=\"width:100px\"\/><\/a><\/figure>\n\n\n\n<p class=\"has-text-align-center\">Informes Trimestrales, Avances de Indicadores de Programas Componentes CM-SaNAS-Oax\/2024<\/p>\n<\/div>\n\n\n\n<div class=\"wp-block-column is-layout-flow wp-block-column-is-layout-flow\">\n<figure class=\"wp-block-image aligncenter size-full is-resized\"><a href=\"https:\/\/dirpromocion.salud-oaxaca.gob.mx\/index.php\/informe-sobre-el-avance-en-el-suministro-y-destino-de-los-insumos-bienes-2024\/\" target=\"_blank\" rel=\"noreferrer noopener\"><img loading=\"lazy\" decoding=\"async\" width=\"640\" height=\"640\" src=\"http:\/\/dirpromocion.salud-oaxaca.gob.mx\/wp-content\/uploads\/2024\/11\/oficina-1.gif\" alt=\"\" class=\"wp-image-3021\" style=\"width:100px\"\/><\/a><\/figure>\n\n\n\n<p class=\"has-text-align-center\">Informe sobre el Avance en el Suministro y Destino de los Insumos\/Bienes 2024 <\/p>\n<\/div>\n\n\n\n<div class=\"wp-block-column is-layout-flow wp-block-column-is-layout-flow\">\n<figure class=\"wp-block-image aligncenter size-full is-resized\"><a href=\"http:\/\/dirpromocion.salud-oaxaca.gob.mx\/wp-content\/uploads\/2024\/11\/01-CM-SaNAS_2024_OAX-2-3.pdf\" target=\"_blank\" rel=\"noreferrer noopener\"><img loading=\"lazy\" decoding=\"async\" width=\"640\" height=\"640\" src=\"http:\/\/dirpromocion.salud-oaxaca.gob.mx\/wp-content\/uploads\/2024\/11\/oficina-1-1.gif\" alt=\"\" class=\"wp-image-3022\" style=\"width:100px\"\/><\/a><\/figure>\n\n\n\n<p class=\"has-text-align-center\">01-CM-SaNAS-OAX\/2024<\/p>\n<\/div>\n<\/div>\n\n\n\n<div class=\"wp-block-columns is-layout-flex wp-container-core-columns-is-layout-3 wp-block-columns-is-layout-flex\">\n<div class=\"wp-block-column is-layout-flow wp-block-column-is-layout-flow\">\n<figure class=\"wp-block-image aligncenter size-full is-resized\"><a href=\"https:\/\/dirpromocion.salud-oaxaca.gob.mx\/index.php\/avances-de-indicadores-de-programas-componentes-cm-sanas-oax-2024-3er-trimestre\/\"><img loading=\"lazy\" decoding=\"async\" width=\"640\" height=\"640\" src=\"http:\/\/dirpromocion.salud-oaxaca.gob.mx\/wp-content\/uploads\/2024\/11\/oficina-1.gif\" alt=\"\" class=\"wp-image-3021\" style=\"width:100px\"\/><\/a><\/figure>\n\n\n\n<p class=\"has-text-align-center\">Informes Trimestrales, tercer trimestre, Avances de Indicadores de Programas Componentes CM-SaNAS-Oax\/2024<\/p>\n<\/div>\n\n\n\n<div class=\"wp-block-column is-layout-flow wp-block-column-is-layout-flow\">\n<figure class=\"wp-block-image aligncenter size-full is-resized\"><a href=\"https:\/\/dirpromocion.salud-oaxaca.gob.mx\/index.php\/informes-trimestrales-02-cm-sanas-oax-2024\/\"><img loading=\"lazy\" decoding=\"async\" width=\"640\" height=\"640\" src=\"http:\/\/dirpromocion.salud-oaxaca.gob.mx\/wp-content\/uploads\/2024\/11\/oficina-1-2.gif\" alt=\"\" class=\"wp-image-3025\" style=\"width:94px;height:auto\"\/><\/a><\/figure>\n\n\n\n<p class=\"has-text-align-center\">Informes Trimestrales, 02-CM-SaNAS-OAX\/2024 <\/p>\n<\/div>\n\n\n\n<div class=\"wp-block-column is-layout-flow wp-block-column-is-layout-flow\">\n<figure class=\"wp-block-image aligncenter size-full is-resized\"><a href=\"https:\/\/dirpromocion.salud-oaxaca.gob.mx\/index.php\/segundo-informe-trimestral-sanas-oax-2025\/\"><img loading=\"lazy\" decoding=\"async\" width=\"640\" height=\"640\" src=\"http:\/\/dirpromocion.salud-oaxaca.gob.mx\/wp-content\/uploads\/2024\/11\/oficina-1.gif\" alt=\"\" class=\"wp-image-3021\" style=\"width:94px\"\/><\/a><\/figure>\n\n\n\n<p class=\"has-text-align-center\">Informes Trimestrales, segundo Informe Trimestral CM SaNas 2025<\/p>\n<\/div>\n<\/div>\n\n\n\n<div class=\"wp-block-columns is-layout-flex wp-container-core-columns-is-layout-4 wp-block-columns-is-layout-flex\">\n<div class=\"wp-block-column is-layout-flow wp-block-column-is-layout-flow\">\n<figure class=\"wp-block-image aligncenter size-full is-resized\"><a href=\"https:\/\/dirpromocion.salud-oaxaca.gob.mx\/index.php\/indicador-de-elhye-2025\/\"><img loading=\"lazy\" decoding=\"async\" width=\"640\" height=\"640\" src=\"http:\/\/dirpromocion.salud-oaxaca.gob.mx\/wp-content\/uploads\/2024\/11\/oficina-1-2.gif\" alt=\"\" class=\"wp-image-3025\" style=\"width:100px\"\/><\/a><\/figure>\n\n\n\n<p class=\"has-text-align-center\">Indicador de ELHYE 2025<\/p>\n<\/div>\n\n\n\n<div class=\"wp-block-column is-layout-flow wp-block-column-is-layout-flow\">\n<figure class=\"wp-block-image aligncenter size-full is-resized\"><a href=\"https:\/\/dirpromocion.salud-oaxaca.gob.mx\/index.php\/tercer-informe-trimestral-sanas-2025\/\"><img loading=\"lazy\" decoding=\"async\" width=\"640\" height=\"640\" src=\"http:\/\/dirpromocion.salud-oaxaca.gob.mx\/wp-content\/uploads\/2024\/11\/oficina-1.gif\" alt=\"\" class=\"wp-image-3021\" style=\"width:100px\"\/><\/a><\/figure>\n\n\n\n<p class=\"has-text-align-center\">Tercer Informe Trimestral SaNAS 2025<\/p>\n<\/div>\n\n\n\n<div class=\"wp-block-column is-layout-flow wp-block-column-is-layout-flow\"><\/div>\n<\/div>\n\n\n\n<figure class=\"wp-block-image size-full\"><img loading=\"lazy\" decoding=\"async\" width=\"1600\" height=\"32\" src=\"https:\/\/dirpromocion.salud-oaxaca.gob.mx\/wp-content\/uploads\/2024\/11\/Franja.jpeg\" alt=\"\" class=\"wp-image-3031\" srcset=\"https:\/\/dirpromocion.salud-oaxaca.gob.mx\/wp-content\/uploads\/2024\/11\/Franja.jpeg 1600w, https:\/\/dirpromocion.salud-oaxaca.gob.mx\/wp-content\/uploads\/2024\/11\/Franja-300x6.jpeg 300w, https:\/\/dirpromocion.salud-oaxaca.gob.mx\/wp-content\/uploads\/2024\/11\/Franja-1024x20.jpeg 1024w, https:\/\/dirpromocion.salud-oaxaca.gob.mx\/wp-content\/uploads\/2024\/11\/Franja-768x15.jpeg 768w, https:\/\/dirpromocion.salud-oaxaca.gob.mx\/wp-content\/uploads\/2024\/11\/Franja-1536x31.jpeg 1536w\" sizes=\"auto, (max-width: 1600px) 100vw, 1600px\" \/><\/figure>\n\n\n\n<div class=\"wp-block-group alignwide is-layout-constrained wp-block-group-is-layout-constrained\">\n<figure class=\"wp-block-image aligncenter size-full is-resized\"><a href=\"https:\/\/dirpromocion.salud-oaxaca.gob.mx\/\"><img loading=\"lazy\" decoding=\"async\" width=\"252\" height=\"220\" src=\"http:\/\/dirpromocion.salud-oaxaca.gob.mx\/wp-content\/uploads\/2024\/11\/inicio.jpeg\" alt=\"\" class=\"wp-image-2922\" style=\"width:69px\"\/><\/a><\/figure>\n\n\n\n<h3 class=\"wp-block-heading\">Ejes de Gobierno<\/h3>\n\n\n\n<hr class=\"wp-block-separator has-alpha-channel-opacity is-style-wide\" style=\"border-color: #942850\"\/>\n\n\n\n<div class=\"wp-block-columns is-layout-flex wp-container-core-columns-is-layout-5 wp-block-columns-is-layout-flex\">\n<div class=\"wp-block-column is-layout-flow wp-block-column-is-layout-flow\">\n<figure class=\"wp-block-image size-full is-resized\"><img loading=\"lazy\" decoding=\"async\" width=\"881\" height=\"292\" src=\"http:\/\/dirpromocion.salud-oaxaca.gob.mx\/wp-content\/uploads\/2024\/12\/EJE_01_PS.png\" alt=\"\" class=\"wp-image-3175\" style=\"width:auto;height:100px\" srcset=\"https:\/\/dirpromocion.salud-oaxaca.gob.mx\/wp-content\/uploads\/2024\/12\/EJE_01_PS.png 881w, https:\/\/dirpromocion.salud-oaxaca.gob.mx\/wp-content\/uploads\/2024\/12\/EJE_01_PS-300x99.png 300w, https:\/\/dirpromocion.salud-oaxaca.gob.mx\/wp-content\/uploads\/2024\/12\/EJE_01_PS-768x255.png 768w\" sizes=\"auto, (max-width: 881px) 100vw, 881px\" \/><\/figure>\n<\/div>\n\n\n\n<div class=\"wp-block-column is-layout-flow wp-block-column-is-layout-flow\">\n<figure class=\"wp-block-image size-full is-resized\"><img loading=\"lazy\" decoding=\"async\" width=\"855\" height=\"299\" src=\"http:\/\/dirpromocion.salud-oaxaca.gob.mx\/wp-content\/uploads\/2024\/12\/EJE_03_RH.png\" alt=\"\" class=\"wp-image-3176\" style=\"width:auto;height:100px\" srcset=\"https:\/\/dirpromocion.salud-oaxaca.gob.mx\/wp-content\/uploads\/2024\/12\/EJE_03_RH.png 855w, https:\/\/dirpromocion.salud-oaxaca.gob.mx\/wp-content\/uploads\/2024\/12\/EJE_03_RH-300x105.png 300w, https:\/\/dirpromocion.salud-oaxaca.gob.mx\/wp-content\/uploads\/2024\/12\/EJE_03_RH-768x269.png 768w\" sizes=\"auto, (max-width: 855px) 100vw, 855px\" \/><\/figure>\n<\/div>\n\n\n\n<div class=\"wp-block-column is-layout-flow wp-block-column-is-layout-flow\">\n<figure class=\"wp-block-image size-large is-resized\"><img loading=\"lazy\" decoding=\"async\" width=\"1024\" height=\"338\" src=\"http:\/\/dirpromocion.salud-oaxaca.gob.mx\/wp-content\/uploads\/2024\/12\/EJE_04_DIS-1024x338.png\" alt=\"\" class=\"wp-image-3177\" style=\"width:auto;height:100px\" srcset=\"https:\/\/dirpromocion.salud-oaxaca.gob.mx\/wp-content\/uploads\/2024\/12\/EJE_04_DIS-1024x338.png 1024w, https:\/\/dirpromocion.salud-oaxaca.gob.mx\/wp-content\/uploads\/2024\/12\/EJE_04_DIS-300x99.png 300w, https:\/\/dirpromocion.salud-oaxaca.gob.mx\/wp-content\/uploads\/2024\/12\/EJE_04_DIS-768x253.png 768w, https:\/\/dirpromocion.salud-oaxaca.gob.mx\/wp-content\/uploads\/2024\/12\/EJE_04_DIS.png 1140w\" sizes=\"auto, (max-width: 1024px) 100vw, 1024px\" \/><\/figure>\n<\/div>\n<\/div>\n\n\n\n<figure class=\"wp-block-image aligncenter size-full is-resized\"><img loading=\"lazy\" decoding=\"async\" width=\"925\" height=\"182\" src=\"http:\/\/dirpromocion.salud-oaxaca.gob.mx\/wp-content\/uploads\/2024\/11\/Haciendo-Historia.png\" alt=\"\" class=\"wp-image-2921\" style=\"width:337px\" srcset=\"https:\/\/dirpromocion.salud-oaxaca.gob.mx\/wp-content\/uploads\/2024\/11\/Haciendo-Historia.png 925w, https:\/\/dirpromocion.salud-oaxaca.gob.mx\/wp-content\/uploads\/2024\/11\/Haciendo-Historia-300x59.png 300w, https:\/\/dirpromocion.salud-oaxaca.gob.mx\/wp-content\/uploads\/2024\/11\/Haciendo-Historia-768x151.png 768w\" sizes=\"auto, (max-width: 925px) 100vw, 925px\" \/><\/figure>\n\n\n\n<p class=\"has-text-align-center has-ast-global-color-2-color has-text-color has-link-color wp-elements-4547b2439a42ef5fcb84da6eda20c883\"><\/p>\n<\/div>\n","protected":false},"excerpt":{"rendered":"<p>\u201c2026, A\u00d1o DEL BICENTENARIO DEL NATALICIO DE MARGARITA MAZA PARADA, EJEMPLO DE DIGNIDAD, LEALTAD Y SERVICIO A LA NACI\u00d3N\u201d . [&hellip;]<\/p>\n","protected":false},"author":1,"featured_media":0,"parent":0,"menu_order":0,"comment_status":"closed","ping_status":"closed","template":"","meta":{"site-sidebar-layout":"default","site-content-layout":"","ast-site-content-layout":"","site-content-style":"default","site-sidebar-style":"default","ast-global-header-display":"","ast-banner-title-visibility":"","ast-main-header-display":"","ast-hfb-above-header-display":"","ast-hfb-below-header-display":"","ast-hfb-mobile-header-display":"","site-post-title":"disabled","ast-breadcrumbs-content":"","ast-featured-img":"","footer-sml-layout":"","theme-transparent-header-meta":"","adv-header-id-meta":"","stick-header-meta":"","header-above-stick-meta":"","header-main-stick-meta":"","header-below-stick-meta":"","astra-migrate-meta-layouts":"default","ast-page-background-enabled":"default","ast-page-background-meta":{"desktop":{"background-color":"var(--ast-global-color-4)","background-image":"","background-repeat":"repeat","background-position":"center center","background-size":"auto","background-attachment":"scroll","background-type":"","background-media":"","overlay-type":"","overlay-color":"","overlay-opacity":"","overlay-gradient":""},"tablet":{"background-color":"","background-image":"","background-repeat":"repeat","background-position":"center center","background-size":"auto","background-attachment":"scroll","background-type":"","background-media":"","overlay-type":"","overlay-color":"","overlay-opacity":"","overlay-gradient":""},"mobile":{"background-color":"","background-image":"","background-repeat":"repeat","background-position":"center center","background-size":"auto","background-attachment":"scroll","background-type":"","background-media":"","overlay-type":"","overlay-color":"","overlay-opacity":"","overlay-gradient":""}},"ast-content-background-meta":{"desktop":{"background-color":"var(--ast-global-color-5)","background-image":"","background-repeat":"repeat","background-position":"center center","background-size":"auto","background-attachment":"scroll","background-type":"","background-media":"","overlay-type":"","overlay-color":"","overlay-opacity":"","overlay-gradient":""},"tablet":{"background-color":"var(--ast-global-color-5)","background-image":"","background-repeat":"repeat","background-position":"center center","background-size":"auto","background-attachment":"scroll","background-type":"","background-media":"","overlay-type":"","overlay-color":"","overlay-opacity":"","overlay-gradient":""},"mobile":{"background-color":"var(--ast-global-color-5)","background-image":"","background-repeat":"repeat","background-position":"center center","background-size":"auto","background-attachment":"scroll","background-type":"","background-media":"","overlay-type":"","overlay-color":"","overlay-opacity":"","overlay-gradient":""}},"footnotes":""},"class_list":["post-50","page","type-page","status-publish","hentry"],"_links":{"self":[{"href":"https:\/\/dirpromocion.salud-oaxaca.gob.mx\/index.php\/wp-json\/wp\/v2\/pages\/50","targetHints":{"allow":["GET"]}}],"collection":[{"href":"https:\/\/dirpromocion.salud-oaxaca.gob.mx\/index.php\/wp-json\/wp\/v2\/pages"}],"about":[{"href":"https:\/\/dirpromocion.salud-oaxaca.gob.mx\/index.php\/wp-json\/wp\/v2\/types\/page"}],"author":[{"embeddable":true,"href":"https:\/\/dirpromocion.salud-oaxaca.gob.mx\/index.php\/wp-json\/wp\/v2\/users\/1"}],"replies":[{"embeddable":true,"href":"https:\/\/dirpromocion.salud-oaxaca.gob.mx\/index.php\/wp-json\/wp\/v2\/comments?post=50"}],"version-history":[{"count":126,"href":"https:\/\/dirpromocion.salud-oaxaca.gob.mx\/index.php\/wp-json\/wp\/v2\/pages\/50\/revisions"}],"predecessor-version":[{"id":3703,"href":"https:\/\/dirpromocion.salud-oaxaca.gob.mx\/index.php\/wp-json\/wp\/v2\/pages\/50\/revisions\/3703"}],"wp:attachment":[{"href":"https:\/\/dirpromocion.salud-oaxaca.gob.mx\/index.php\/wp-json\/wp\/v2\/media?parent=50"}],"curies":[{"name":"wp","href":"https:\/\/api.w.org\/{rel}","templated":true}]}}